{"id":6444,"date":"2023-03-11T11:24:56","date_gmt":"2023-03-11T10:24:56","guid":{"rendered":"http:\/\/klubmamgdynia.pl\/?post_type=product&#038;p=6444"},"modified":"2026-05-17T22:28:46","modified_gmt":"2026-05-17T20:28:46","slug":"caretero-sensillo-niedzwiadek-turkusowy","status":"publish","type":"product","link":"http:\/\/klubmamgdynia.pl\/index.php\/produkt\/caretero-sensillo-niedzwiadek-turkusowy\/","title":{"rendered":"Caretero Sensillo Nied\u017awiadek Turkusowy"},"content":{"rendered":"<p>Troska z jak\u0105 zaprojektowali\u015bmy Nied\u017awiadka jest i widoczna, i wyczuwalna. Zacz\u0119li\u015bmy od wyboru materia\u0142u. Bawe\u0142na termo frotte z niewielkim dodatkiem poliestru (5%) jest mi\u0119kka, przyjemna w dotyku i \u0142atwa w prasowaniu. Nast\u0119pnie postawili\u015bmy na du\u017cy rozmiar 100x100cm i obszerny kapturek. U\u0142atwia to szczelne owini\u0119cie dziecka. Tu\u017c po k\u0105pieli maluszek znajdzie si\u0119 w naprawd\u0119 bezpiecznym i przytulnym miejscu! Ca\u0142o\u015b\u0107 podkre\u015bla projekt. Widoczna jest w nim szczeg\u00f3lna dba\u0142o\u015b\u0107 o detale. Od wyboru kolor\u00f3w po wz\u00f3r na lam\u00f3wce. R\u0119czniczek od razu wpadnie w oko ka\u017cdej mamie i ka\u017cdemu tacie &#8211; okrycia k\u0105pielowe Sensillo wykonane s\u0105 z 95% bawe\u0142ny termo frott\u00e9 z 5% domieszk\u0105 poliestru &#8211; bardzo mi\u0119kkie i przyjemne w dotyku &#8211; doskonale ch\u0142on\u0105 wilgo\u0107 po k\u0105pieli &#8211; posiadaj\u0105 weso\u0142y haft \u015bpi\u0105cego nied\u017awiadka na kapturku &#8211; trwa\u0142e w u\u017cytkowaniu, nie odbarwiaj\u0105 si\u0119 &#8211; \u0142atwe w konserwacji, mo\u017cna pra\u0107 automatycznie<\/p>\n<h2>Caretero Sensillo Nied\u017awiadek Turkusowy Caretero<\/h2>\n<p>cytat dziecko, kuba imie, wierszyk o marzannie, logiczne zagadki, zabawy logiczne dla dzieci, wroc\u0142aw atrakcje dla dzieci, pomys\u0142 na prezent na roczek, szlaczki, prezent dla jedenastolatki, warszawa atrakcje dla m\u0142odzie\u017cy<\/p>\n<p>yyyyy<\/p>\n<p>&nbsp;<\/p>\n","protected":false},"excerpt":{"rendered":"<p>Troska z jak\u0105 zaprojektowali\u015bmy Nied\u017awiadka jest i widoczna, i wyczuwalna. Zacz\u0119li\u015bmy od wyboru materia\u0142u. Bawe\u0142na termo frotte z niewielkim dodatkiem poliestru (5%) jest mi\u0119kka, przyjemna w dotyku i \u0142atwa w prasowaniu. Nast\u0119pnie postawili\u015bmy na du\u017cy rozmiar 100x100cm i obszerny kapturek. U\u0142atwia to szczelne owini\u0119cie dziecka. Tu\u017c po k\u0105pieli maluszek znajdzie si\u0119 w naprawd\u0119 bezpiecznym i [&hellip;]<\/p>\n","protected":false},"featured_media":6445,"comment_status":"closed","ping_status":"open","template":"","meta":[],"product_cat":[988,30],"product_tag":[832,681,753,771,713],"class_list":["post-6444","product","type-product","status-publish","has-post-thumbnail","hentry","product_cat-caretero","product_cat-reczniki-i-okrycia-kapielowe","product_tag-desery-dla-dzieci","product_tag-flagi-europy-quiz","product_tag-kamila","product_tag-stolice-europy-quiz","product_tag-zagadki-logiczne-z-odpowiedziami"],"_links":{"self":[{"href":"http:\/\/klubmamgdynia.pl\/index.php\/wp-json\/wp\/v2\/product\/6444","targetHints":{"allow":["GET"]}}],"collection":[{"href":"http:\/\/klubmamgdynia.pl\/index.php\/wp-json\/wp\/v2\/product"}],"about":[{"href":"http:\/\/klubmamgdynia.pl\/index.php\/wp-json\/wp\/v2\/types\/product"}],"replies":[{"embeddable":true,"href":"http:\/\/klubmamgdynia.pl\/index.php\/wp-json\/wp\/v2\/comments?post=6444"}],"wp:featuredmedia":[{"embeddable":true,"href":"http:\/\/klubmamgdynia.pl\/index.php\/wp-json\/wp\/v2\/media\/6445"}],"wp:attachment":[{"href":"http:\/\/klubmamgdynia.pl\/index.php\/wp-json\/wp\/v2\/media?parent=6444"}],"wp:term":[{"taxonomy":"product_cat","embeddable":true,"href":"http:\/\/klubmamgdynia.pl\/index.php\/wp-json\/wp\/v2\/product_cat?post=6444"},{"taxonomy":"product_tag","embeddable":true,"href":"http:\/\/klubmamgdynia.pl\/index.php\/wp-json\/wp\/v2\/product_tag?post=6444"}],"curies":[{"name":"wp","href":"https:\/\/api.w.org\/{rel}","templated":true}]}}