{"id":6446,"date":"2013-11-21T05:04:10","date_gmt":"2013-11-21T04:04:10","guid":{"rendered":"http:\/\/klubmamgdynia.pl\/index.php\/produkt\/barbie-chelsea-lalka-wakacyjna-z-kolkiem-flamingiem-grt80-grt82\/"},"modified":"2026-04-27T02:18:05","modified_gmt":"2026-04-27T00:18:05","slug":"barbie-chelsea-lalka-wakacyjna-z-kolkiem-flamingiem-grt80-grt82","status":"publish","type":"product","link":"http:\/\/klubmamgdynia.pl\/index.php\/produkt\/barbie-chelsea-lalka-wakacyjna-z-kolkiem-flamingiem-grt80-grt82\/","title":{"rendered":"Barbie &#8211; Chelsea lalka wakacyjna z k\u00f3\u0142kiem Flamingiem GRT80 GRT82"},"content":{"rendered":"<p>Barbie Chelsea Lalka wakacyjna z akcesoriami<br \/>\nZestaw do zabawy Barbie Chelsea The Lost Birthday Wakacyjna lalka zabierze dzieci na wspania\u0142\u0105 przygod\u0119 w towarzystwie zwierz\u0119cych przyjaci\u00f3\u0142. Jest tu lalka Chelsea w kolorowym kostiumie k\u0105pielowym z tropikalnym nadrukiem, figurka \u017c\u00f3\u0142wika i akcesoria inspiruj\u0105ce do ca\u0142odniowej zabawy. Dziewczynka mo\u017ce posadzi\u0107 Chelsea na r\u0119czniku i \u201eposmarowa\u0107 j\u0105\u201d balsamem do opalania. Potem mo\u017ce za\u0142o\u017cy\u0107 jej mask\u0119 do nurkowania, okulary przeciws\u0142oneczne oraz sanda\u0142ki i wskoczy\u0107 do wody z ko\u0142em do \u201ep\u0142ywania\u201d. To \u015bwietny prezent dla ma\u0142ych poszukiwaczy przyg\u00f3d w wieku od 3 do 7 lat!                            <\/p>\n<p>Zawarto\u015b\u0107 zestawuW zestawie znajduje si\u0119: lalka Chelsea w kostiumie k\u0105pielowym, figurka \u017c\u00f3\u0142wika, r\u0119czniczek, balsam do opalania, maska do nurkowania, okulary przeciws\u0142oneczne oraz ko\u0142o do p\u0142ywania. Lalka nie stoi samodzielnie. Lalka i ko\u0142o do p\u0142ywania nie unosz\u0105 si\u0119 na wodzie.                            <\/p>\n<p>Zobacz inne zestawy:                            <\/p>\n<p>            Barbie &#8211; Chelsea lalka wakacyjna z k\u00f3\u0142kiem Flamingiem GRT80 GRT82<\/p>\n<p>            Barbie &#8211; Chelsea lalka wakacyjna z k\u00f3\u0142kiem Zebr\u0105 GRT80 GRT83<\/p>\n<p>            Barbie &#8211; Chelsea lalka wakacyjna z k\u00f3\u0142kiem \u017byraf\u0105 GRT80 GRT81<\/p>\n<h2>Barbie &#8211; Chelsea lalka wakacyjna z k\u00f3\u0142kiem Flamingiem GRT80 GRT82 Barbie<\/h2>\n<p>proste dekoracje bo\u017conarodzeniowe dla dzieci, maski dla dzieci do druku, niech \u017cyj\u0105 wakacje tekst, wydarzenia warszawa dzisiaj, lody kolorowanka, bezpieczne kosmetyki do makija\u017cu dla dzieci, imi\u0119 alan, \u0142amig\u0142\u00f3wki dla 4 latka do druku, po\u0142\u0105cz kropki do druku \u0142atwe, zagadki dla ma\u0142ych dzieci, filmy animowane o \u015bwi\u0119tach, fabian, ko\u0142ysanki tekst<\/p>\n<p>yyyyy<\/p>\n<p>&nbsp;<\/p>\n","protected":false},"excerpt":{"rendered":"<p>Barbie Chelsea Lalka wakacyjna z akcesoriami Zestaw do zabawy Barbie Chelsea The Lost Birthday Wakacyjna lalka zabierze dzieci na wspania\u0142\u0105 przygod\u0119 w towarzystwie zwierz\u0119cych przyjaci\u00f3\u0142. Jest tu lalka Chelsea w kolorowym kostiumie k\u0105pielowym z tropikalnym nadrukiem, figurka \u017c\u00f3\u0142wika i akcesoria inspiruj\u0105ce do ca\u0142odniowej zabawy. Dziewczynka mo\u017ce posadzi\u0107 Chelsea na r\u0119czniku i \u201eposmarowa\u0107 j\u0105\u201d balsamem do [&hellip;]<\/p>\n","protected":false},"featured_media":6447,"comment_status":"closed","ping_status":"open","template":"","meta":[],"product_cat":[173,65],"product_tag":[802,686,854,861,657,590],"class_list":["post-6446","product","type-product","status-publish","has-post-thumbnail","hentry","product_cat-barbie","product_cat-lalki","product_tag-co-kupic-dziewczynce-na-roczek","product_tag-co-na-roczek-dla-chlopca","product_tag-cytaty-rodzina","product_tag-jak-narysowac-psa","product_tag-lol-kolorowanka","product_tag-plac-zabaw-warszawa"],"_links":{"self":[{"href":"http:\/\/klubmamgdynia.pl\/index.php\/wp-json\/wp\/v2\/product\/6446","targetHints":{"allow":["GET"]}}],"collection":[{"href":"http:\/\/klubmamgdynia.pl\/index.php\/wp-json\/wp\/v2\/product"}],"about":[{"href":"http:\/\/klubmamgdynia.pl\/index.php\/wp-json\/wp\/v2\/types\/product"}],"replies":[{"embeddable":true,"href":"http:\/\/klubmamgdynia.pl\/index.php\/wp-json\/wp\/v2\/comments?post=6446"}],"wp:featuredmedia":[{"embeddable":true,"href":"http:\/\/klubmamgdynia.pl\/index.php\/wp-json\/wp\/v2\/media\/6447"}],"wp:attachment":[{"href":"http:\/\/klubmamgdynia.pl\/index.php\/wp-json\/wp\/v2\/media?parent=6446"}],"wp:term":[{"taxonomy":"product_cat","embeddable":true,"href":"http:\/\/klubmamgdynia.pl\/index.php\/wp-json\/wp\/v2\/product_cat?post=6446"},{"taxonomy":"product_tag","embeddable":true,"href":"http:\/\/klubmamgdynia.pl\/index.php\/wp-json\/wp\/v2\/product_tag?post=6446"}],"curies":[{"name":"wp","href":"https:\/\/api.w.org\/{rel}","templated":true}]}}