{"id":6448,"date":"2011-10-27T09:26:40","date_gmt":"2011-10-27T07:26:40","guid":{"rendered":"http:\/\/klubmamgdynia.pl\/index.php\/produkt\/akuku-zestaw-szczotek-do-czyszczenia-slomek-i-rurek-0344\/"},"modified":"2026-04-21T04:06:21","modified_gmt":"2026-04-21T02:06:21","slug":"akuku-zestaw-szczotek-do-czyszczenia-slomek-i-rurek-0344","status":"publish","type":"product","link":"http:\/\/klubmamgdynia.pl\/index.php\/produkt\/akuku-zestaw-szczotek-do-czyszczenia-slomek-i-rurek-0344\/","title":{"rendered":"Akuku Zestaw Szczotek Do Czyszczenia S\u0142omek I Rurek 0344"},"content":{"rendered":"<p>Zestaw szczotek zosta\u0142 specjalnie zaprojektowany do czyszczenia trudno dost\u0119pnych cz\u0119\u015bci butelek i kubk\u00f3w takich jak s\u0142omki, rurki czy smoczki. Kolory zestaw\u00f3w wysy\u0142amy losowo!!! ZALETY: Ka\u017cda szczoteczka posiada mi\u0119kkie w\u0142osie i wygodny uchwyt. Szczoteczki s\u0105 niezawodne w bardzo dok\u0142adnym czyszczeniu dla zachowania pe\u0142nej higieny niekapk\u00f3w ze s\u0142omkami i rurkami. Odpowiednio wyprofilowane ko\u0144c\u00f3wki szczotek docieraj\u0105 do trudno dost\u0119pnych miejsc. Wygodne r\u0105czka szczoteczki zapewniaj komfortowe trzymanie szczoteczki. W opakowaniu znajduj\u0105 si\u0119 4 sztuki zapakowane w blister. Wygodny, praktyczny kszta\u0142t Nie zawiera BPA &#8211; W opakowaniu znajduj\u0105 si\u0119 3 szczoteczki WYMIARY: d\u0142ugo\u015b\u0107 ma\u0142ych szczotek &#8211; ok. 15 cm szeroko\u015b\u0107 ma\u0142ych szczotek &#8211; ok. 1 cm oraz 0,5 cm (w\u0142osie) &#8211; d\u0142ugo\u015b\u0107 du\u017cej szczotki &#8211; ok. 24 cm &#8211; szeroko\u015b\u0107 du\u017cej szczotki &#8211; ok. 1 cm (w\u0142osie)<\/p>\n<h2>Akuku Zestaw Szczotek Do Czyszczenia S\u0142omek I Rurek 0344 Akuku<\/h2>\n<p>znaki drogowe test, marianna imi\u0119, skye psi patrol kolorowanka, opis do zdj\u0119cia dziecka<\/p>\n<p>yyyyy<\/p>\n<p>&nbsp;<\/p>\n","protected":false},"excerpt":{"rendered":"<p>Zestaw szczotek zosta\u0142 specjalnie zaprojektowany do czyszczenia trudno dost\u0119pnych cz\u0119\u015bci butelek i kubk\u00f3w takich jak s\u0142omki, rurki czy smoczki. Kolory zestaw\u00f3w wysy\u0142amy losowo!!! ZALETY: Ka\u017cda szczoteczka posiada mi\u0119kkie w\u0142osie i wygodny uchwyt. Szczoteczki s\u0105 niezawodne w bardzo dok\u0142adnym czyszczeniu dla zachowania pe\u0142nej higieny niekapk\u00f3w ze s\u0142omkami i rurkami. Odpowiednio wyprofilowane ko\u0144c\u00f3wki szczotek docieraj\u0105 do trudno [&hellip;]<\/p>\n","protected":false},"featured_media":6449,"comment_status":"closed","ping_status":"open","template":"","meta":[],"product_cat":[1451,250],"product_tag":[663,613,576,760],"class_list":["post-6448","product","type-product","status-publish","has-post-thumbnail","hentry","product_cat-akcesoria-do-butelek","product_cat-akuku","product_tag-kolorowanki-dla-dzieci-do-druku","product_tag-na-wyspach-bergamutach","product_tag-trudne-zagadki","product_tag-zagadka-matematyczna"],"_links":{"self":[{"href":"http:\/\/klubmamgdynia.pl\/index.php\/wp-json\/wp\/v2\/product\/6448","targetHints":{"allow":["GET"]}}],"collection":[{"href":"http:\/\/klubmamgdynia.pl\/index.php\/wp-json\/wp\/v2\/product"}],"about":[{"href":"http:\/\/klubmamgdynia.pl\/index.php\/wp-json\/wp\/v2\/types\/product"}],"replies":[{"embeddable":true,"href":"http:\/\/klubmamgdynia.pl\/index.php\/wp-json\/wp\/v2\/comments?post=6448"}],"wp:featuredmedia":[{"embeddable":true,"href":"http:\/\/klubmamgdynia.pl\/index.php\/wp-json\/wp\/v2\/media\/6449"}],"wp:attachment":[{"href":"http:\/\/klubmamgdynia.pl\/index.php\/wp-json\/wp\/v2\/media?parent=6448"}],"wp:term":[{"taxonomy":"product_cat","embeddable":true,"href":"http:\/\/klubmamgdynia.pl\/index.php\/wp-json\/wp\/v2\/product_cat?post=6448"},{"taxonomy":"product_tag","embeddable":true,"href":"http:\/\/klubmamgdynia.pl\/index.php\/wp-json\/wp\/v2\/product_tag?post=6448"}],"curies":[{"name":"wp","href":"https:\/\/api.w.org\/{rel}","templated":true}]}}