{"id":645,"date":"2017-02-22T05:12:57","date_gmt":"2017-02-22T04:12:57","guid":{"rendered":"http:\/\/klubmamgdynia.pl\/index.php\/produkt\/trixy-troy-pogoda-i-pory-roku-124\/"},"modified":"2026-04-27T02:39:16","modified_gmt":"2026-04-27T00:39:16","slug":"trixy-troy-pogoda-i-pory-roku-124","status":"publish","type":"product","link":"http:\/\/klubmamgdynia.pl\/index.php\/produkt\/trixy-troy-pogoda-i-pory-roku-124\/","title":{"rendered":"Trixy &amp; Troy Pogoda I Pory Roku 124"},"content":{"rendered":"<p>\u00a0Og\u00f3lne<br \/>\n\u00a0Typ gry: \u00a0Edukacyjna<br \/>\n\u00a0Opis: \u00a0Zapoznaje z pisowni\u0105 s\u0142\u00f3w, rozwija umiej\u0119tno\u015b\u0107 literowania s\u0142\u00f3w, zapoznaje z porami roku i stanami pogody<br \/>\n\u00a0Minimalny wiek gracza [lat]: \u00a05<br \/>\n\u00a0Zawarto\u015b\u0107 opakowania: \u00a020 par puzzli, ksi\u0105\u017ceczka wspomagaj\u0105ca nauk\u0119, przewodnik jak si\u0119 uczy\u0107<\/p>\n<h2>Trixy &amp; Troy Pogoda I Pory Roku 124 Dante<\/h2>\n<p>prezent dla dziewczynki 7 lat, maski dla dzieci do druku, znaczenie imienia lilia, zagadki dla dziewczyny, rzadkie imiona \u017ce\u0144skie polskie, co kupic na roczek, test opowie\u015b\u0107 wigilijna, cukierku ty \u0142obuzie test, kolorowanki do pobrania, prezent dla rocznego dziecka, wpad\u0142a bomba do piwnicy, bajka krecik, quiz zemsta, karaluchy pod poduchy a szczypawki, imie gaja, starodawne \u017cyczenia bo\u017conarodzeniowe, kolorowanka lol, cytat z ma\u0142ego ksi\u0119cia o przyja\u017ani<\/p>\n<p>yyyyy<\/p>\n<p>&nbsp;<\/p>\n","protected":false},"excerpt":{"rendered":"<p>\u00a0Og\u00f3lne \u00a0Typ gry: \u00a0Edukacyjna \u00a0Opis: \u00a0Zapoznaje z pisowni\u0105 s\u0142\u00f3w, rozwija umiej\u0119tno\u015b\u0107 literowania s\u0142\u00f3w, zapoznaje z porami roku i stanami pogody \u00a0Minimalny wiek gracza [lat]: \u00a05 \u00a0Zawarto\u015b\u0107 opakowania: \u00a020 par puzzli, ksi\u0105\u017ceczka wspomagaj\u0105ca nauk\u0119, przewodnik jak si\u0119 uczy\u0107 Trixy &amp; Troy Pogoda I Pory Roku 124 Dante prezent dla dziewczynki 7 lat, maski dla dzieci do [&hellip;]<\/p>\n","protected":false},"featured_media":646,"comment_status":"closed","ping_status":"open","template":"","meta":[],"product_cat":[249,130],"product_tag":[834,825,838,690,682],"class_list":["post-645","product","type-product","status-publish","has-post-thumbnail","hentry","product_cat-dante","product_cat-gry-dzieciece","product_tag-bajka-do-czytania-na-dobranoc","product_tag-bajka-na-dobranoc-do-czytania","product_tag-bajki-dla-dzieci-na-dobranoc","product_tag-pieski-male-dwa-tekst","product_tag-przyjazn-cytaty"],"_links":{"self":[{"href":"http:\/\/klubmamgdynia.pl\/index.php\/wp-json\/wp\/v2\/product\/645","targetHints":{"allow":["GET"]}}],"collection":[{"href":"http:\/\/klubmamgdynia.pl\/index.php\/wp-json\/wp\/v2\/product"}],"about":[{"href":"http:\/\/klubmamgdynia.pl\/index.php\/wp-json\/wp\/v2\/types\/product"}],"replies":[{"embeddable":true,"href":"http:\/\/klubmamgdynia.pl\/index.php\/wp-json\/wp\/v2\/comments?post=645"}],"wp:featuredmedia":[{"embeddable":true,"href":"http:\/\/klubmamgdynia.pl\/index.php\/wp-json\/wp\/v2\/media\/646"}],"wp:attachment":[{"href":"http:\/\/klubmamgdynia.pl\/index.php\/wp-json\/wp\/v2\/media?parent=645"}],"wp:term":[{"taxonomy":"product_cat","embeddable":true,"href":"http:\/\/klubmamgdynia.pl\/index.php\/wp-json\/wp\/v2\/product_cat?post=645"},{"taxonomy":"product_tag","embeddable":true,"href":"http:\/\/klubmamgdynia.pl\/index.php\/wp-json\/wp\/v2\/product_tag?post=645"}],"curies":[{"name":"wp","href":"https:\/\/api.w.org\/{rel}","templated":true}]}}