{"id":6450,"date":"2021-12-23T01:09:10","date_gmt":"2021-12-23T00:09:10","guid":{"rendered":"http:\/\/klubmamgdynia.pl\/index.php\/produkt\/nuk-el-lyzeczka-do-karmienia-miekka-2-szt-255065\/"},"modified":"2026-05-17T22:40:05","modified_gmt":"2026-05-17T20:40:05","slug":"nuk-el-lyzeczka-do-karmienia-miekka-2-szt-255065","status":"publish","type":"product","link":"http:\/\/klubmamgdynia.pl\/index.php\/produkt\/nuk-el-lyzeczka-do-karmienia-miekka-2-szt-255065\/","title":{"rendered":"Nuk El \u0141y\u017ceczka Do Karmienia Mi\u0119kka 2 Szt 255065"},"content":{"rendered":"<p>wyj\u0105tkowo mi\u0119kka silikonowa ko\u0144c\u00f3wka umo\u017cliwia \u0142agodne przej\u015bcie od ssania do karmienia \u0142y\u017ceczk\u0105zaokr\u0105glone kraw\u0119dzie, dopasowana do kszta\u0142tu jamy ustnej dzieckawyj\u0105tkowo d\u0142ugi, gi\u0119tki uchwyt &#8211; doskona\u0142y do wysokich s\u0142oik\u00f3wergonomiczny uchwyt z antypo\u015blizgowymi wypustkami umo\u017cliwia bezpieczne trzymaniewykonana z wysokiej jako\u015bci tworzywa, mo\u017ce by\u0107 u\u017cywana w kuchence mikrofalowej i w zmywarceWszystkie produkty z serii NUK EASY LEARNING zosta\u0142y tak zaprojektowane, aby pasowa\u0142y do siebie nawzajem i wspomaga\u0142y rozw\u00f3j dziecka.Art. nr: 255.065<\/p>\n<h2>Nuk El \u0141y\u017ceczka Do Karmienia Mi\u0119kka 2 Szt 255065 NUK<\/h2>\n<p>imie nadia, koty kolorowanki do druku, szablony postacie do szopki do druku, karaluchy pod poduchy, oryginalny prezent na roczek dla ch\u0142opca, kolorowanka spiderman, zabawki na roczek, kolorowanki z bajek, pikachu do druku, zagadki o zawodach, kontynenty dla dzieci do druku, opis rodzina, bruno, trudne zagadki logiczne, podchwytliwe zagadki matematyczne, adriana imi\u0119, imie lilianna, krzy\u017c\u00f3wki dla dzieci do druku, ma\u0142y ksi\u0105\u017c\u0119 &#8211; test z odpowiedziami, szablon choinki do wydruku, kr\u00f3tkie zagadki logiczne<\/p>\n<p>yyyyy<\/p>\n<p>&nbsp;<\/p>\n","protected":false},"excerpt":{"rendered":"<p>wyj\u0105tkowo mi\u0119kka silikonowa ko\u0144c\u00f3wka umo\u017cliwia \u0142agodne przej\u015bcie od ssania do karmienia \u0142y\u017ceczk\u0105zaokr\u0105glone kraw\u0119dzie, dopasowana do kszta\u0142tu jamy ustnej dzieckawyj\u0105tkowo d\u0142ugi, gi\u0119tki uchwyt &#8211; doskona\u0142y do wysokich s\u0142oik\u00f3wergonomiczny uchwyt z antypo\u015blizgowymi wypustkami umo\u017cliwia bezpieczne trzymaniewykonana z wysokiej jako\u015bci tworzywa, mo\u017ce by\u0107 u\u017cywana w kuchence mikrofalowej i w zmywarceWszystkie produkty z serii NUK EASY LEARNING zosta\u0142y tak [&hellip;]<\/p>\n","protected":false},"featured_media":6451,"comment_status":"closed","ping_status":"open","template":"","meta":[],"product_cat":[215,251],"product_tag":[808,822,698,873,615],"class_list":["post-6450","product","type-product","status-publish","has-post-thumbnail","hentry","product_cat-naczynia-i-sztucce-dla-dzieci","product_cat-nuk","product_tag-imie-mia","product_tag-wierszyki-o-wakacjach-krotkie","product_tag-zagadki-dla-przedszkolakow","product_tag-zagadki-z-odpowiedziami-dla-dzieci","product_tag-znane-misie-z-filmow-animowanych"],"_links":{"self":[{"href":"http:\/\/klubmamgdynia.pl\/index.php\/wp-json\/wp\/v2\/product\/6450","targetHints":{"allow":["GET"]}}],"collection":[{"href":"http:\/\/klubmamgdynia.pl\/index.php\/wp-json\/wp\/v2\/product"}],"about":[{"href":"http:\/\/klubmamgdynia.pl\/index.php\/wp-json\/wp\/v2\/types\/product"}],"replies":[{"embeddable":true,"href":"http:\/\/klubmamgdynia.pl\/index.php\/wp-json\/wp\/v2\/comments?post=6450"}],"wp:featuredmedia":[{"embeddable":true,"href":"http:\/\/klubmamgdynia.pl\/index.php\/wp-json\/wp\/v2\/media\/6451"}],"wp:attachment":[{"href":"http:\/\/klubmamgdynia.pl\/index.php\/wp-json\/wp\/v2\/media?parent=6450"}],"wp:term":[{"taxonomy":"product_cat","embeddable":true,"href":"http:\/\/klubmamgdynia.pl\/index.php\/wp-json\/wp\/v2\/product_cat?post=6450"},{"taxonomy":"product_tag","embeddable":true,"href":"http:\/\/klubmamgdynia.pl\/index.php\/wp-json\/wp\/v2\/product_tag?post=6450"}],"curies":[{"name":"wp","href":"https:\/\/api.w.org\/{rel}","templated":true}]}}