{"id":6452,"date":"2024-02-28T23:49:42","date_gmt":"2024-02-28T22:49:42","guid":{"rendered":"http:\/\/klubmamgdynia.pl\/?post_type=product&#038;p=6452"},"modified":"2026-05-17T22:06:53","modified_gmt":"2026-05-17T20:06:53","slug":"costway-kojec-dla-dzieci-z-bramka-bezpieczenstwa-bb5301cl","status":"publish","type":"product","link":"http:\/\/klubmamgdynia.pl\/index.php\/produkt\/costway-kojec-dla-dzieci-z-bramka-bezpieczenstwa-bb5301cl\/","title":{"rendered":"Costway Kojec Dla Dzieci Z Bramk\u0105 Bezpiecze\u0144stwa BB5301CL"},"content":{"rendered":"<p>Kojec dla dzieci z bramk\u0105 bezpiecze\u0144stwaSk\u0142adana zagroda modu\u0142owa idealna dla Twojego dziecka!14 element\u00f3w &#8211; zestaw sk\u0142ada si\u0119 z 14 element\u00f3w, kt\u00f3re mo\u017cna \u0142\u0105czy\u0107 w zale\u017cno\u015bci od potrzeb i upodoba\u0144. Kojec mo\u017cna zbudowa\u0107 na planie okr\u0119gu, kwadratu lub prostok\u0105taStabilna konstrukcja &#8211; solidna konstrukcja z wysokiej jako\u015bci tworzywa sztucznego zapewnia bezpiecze\u0144stwo oraz trwa\u0142o\u015b\u0107 na lata. Antypo\u015blizgowe gumowe podk\u0142adki w dolnej cz\u0119\u015bci paneli uniemo\u017cliwiaj\u0105 przesuwanie si\u0119 zagrodyZamek bezpiecze\u0144stwa &#8211; zamek bezpiecze\u0144stwa umieszczony na bramce uniemo\u017cliwia dziecku wyj\u015bcie na zewn\u0105trz\u0141atwo\u015b\u0107 przenoszenia &#8211; dzi\u0119ki niewielkiej wadze oraz sk\u0142adanej konstrukcji, kojec jest niezwykle por\u0119czny, \u0142atwy do przechowywania i przenoszenia\u0141atwo\u015b\u0107 monta\u017cu &#8211; zagroda jest bardzo prosta w monta\u017cu, jak i demonta\u017cu. Wszystkie elementy potrzebne do instalacji zosta\u0142y do\u0142\u0105czone do zestawuDane szczeg\u00f3\u0142oweZalecany wiek: od 3 miesi\u0119cy do 6 latWymagany monta\u017cMateria\u0142: wysokiej jako\u015bci tworzywo HDPEKolor: wielokolorowyWymiaryD\u0142ugo\u015b\u0107: 140 cmSzeroko\u015b\u0107: 135 cmWysoko\u015b\u0107: 58.5 cmWaga: 12 kg&#8230;<\/p>\n<h2>Costway Kojec Dla Dzieci Z Bramk\u0105 Bezpiecze\u0144stwa BB5301CL Costway<\/h2>\n<p>zagadki dla nastolatk\u00f3w, jak narysowa\u0107 sanie miko\u0142aja, dzie\u0144 matki w\u0142asnor\u0119czny prezent dla mamy od dziecka, malowanie past\u0105 do z\u0119b\u00f3w, \u015bmieszne zagadki dla dzieci 10 lat, kr\u00f3tkie bajki na dobranoc do czytania, otto, aneta, ninjago kolorowanka, esmeralda, oryginalny prezent na roczek dla ch\u0142opca<\/p>\n<p>yyyyy<\/p>\n<p>&nbsp;<\/p>\n","protected":false},"excerpt":{"rendered":"<p>Kojec dla dzieci z bramk\u0105 bezpiecze\u0144stwaSk\u0142adana zagroda modu\u0142owa idealna dla Twojego dziecka!14 element\u00f3w &#8211; zestaw sk\u0142ada si\u0119 z 14 element\u00f3w, kt\u00f3re mo\u017cna \u0142\u0105czy\u0107 w zale\u017cno\u015bci od potrzeb i upodoba\u0144. Kojec mo\u017cna zbudowa\u0107 na planie okr\u0119gu, kwadratu lub prostok\u0105taStabilna konstrukcja &#8211; solidna konstrukcja z wysokiej jako\u015bci tworzywa sztucznego zapewnia bezpiecze\u0144stwo oraz trwa\u0142o\u015b\u0107 na lata. Antypo\u015blizgowe gumowe [&hellip;]<\/p>\n","protected":false},"featured_media":6453,"comment_status":"closed","ping_status":"open","template":"","meta":[],"product_cat":[57,1256],"product_tag":[817,844,771,659],"class_list":["post-6452","product","type-product","status-publish","has-post-thumbnail","hentry","product_cat-costway","product_cat-kojce","product_tag-bajka-terapeutyczna-o-emocjach","product_tag-co-kupic-na-roczek","product_tag-stolice-europy-quiz","product_tag-tupu-tup-po-sniegu-tekst"],"_links":{"self":[{"href":"http:\/\/klubmamgdynia.pl\/index.php\/wp-json\/wp\/v2\/product\/6452","targetHints":{"allow":["GET"]}}],"collection":[{"href":"http:\/\/klubmamgdynia.pl\/index.php\/wp-json\/wp\/v2\/product"}],"about":[{"href":"http:\/\/klubmamgdynia.pl\/index.php\/wp-json\/wp\/v2\/types\/product"}],"replies":[{"embeddable":true,"href":"http:\/\/klubmamgdynia.pl\/index.php\/wp-json\/wp\/v2\/comments?post=6452"}],"wp:featuredmedia":[{"embeddable":true,"href":"http:\/\/klubmamgdynia.pl\/index.php\/wp-json\/wp\/v2\/media\/6453"}],"wp:attachment":[{"href":"http:\/\/klubmamgdynia.pl\/index.php\/wp-json\/wp\/v2\/media?parent=6452"}],"wp:term":[{"taxonomy":"product_cat","embeddable":true,"href":"http:\/\/klubmamgdynia.pl\/index.php\/wp-json\/wp\/v2\/product_cat?post=6452"},{"taxonomy":"product_tag","embeddable":true,"href":"http:\/\/klubmamgdynia.pl\/index.php\/wp-json\/wp\/v2\/product_tag?post=6452"}],"curies":[{"name":"wp","href":"https:\/\/api.w.org\/{rel}","templated":true}]}}