{"id":6464,"date":"2015-07-08T09:27:25","date_gmt":"2015-07-08T07:27:25","guid":{"rendered":"http:\/\/klubmamgdynia.pl\/index.php\/produkt\/klein-drewniane-zelazko-electrolux-zabawka\/"},"modified":"2026-04-04T00:00:17","modified_gmt":"2026-04-03T22:00:17","slug":"klein-drewniane-zelazko-electrolux-zabawka","status":"publish","type":"product","link":"http:\/\/klubmamgdynia.pl\/index.php\/produkt\/klein-drewniane-zelazko-electrolux-zabawka\/","title":{"rendered":"Klein Drewniane \u017belazko Electrolux &#8211; Zabawka"},"content":{"rendered":"<p>Nie dla drewnianych g\u0142\u00f3w! W rzeczywisto\u015bci to zabawkowe \u017celazko ma wszystko, czego potrzebuj\u0105 dzieci, kt\u00f3re chc\u0105 na\u015bladowa\u0107 mam\u0119 i tat\u0119. Wygl\u0105da elegancko i modern , ma zaokr\u0105glony uchwyt idealnie dopasowany do dzieci\u0119cych r\u0105czek i oczywi\u015bcie nigdy si\u0119 nie nagrzewa na \u017cadnym etapie fantazyjnej zabawy. \u017belazko Elektrolux wykonane jest z drewna pochodz\u0105cego z certyfikowanych las\u00f3w zarz\u0105dzanych w spos\u00f3b zr\u00f3wnowa\u017cony. Miniaturowe urz\u0105dzenie jest r\u00f3wnie\u017c wykonane w tak wysokiej jako\u015bci i solid e, \u017ce przetrwa wiele lat, dzieci\u0119ce r\u0119ce i zabaw\u0119. Dzi\u0119ki temu jest to zabawka nie tylko wyj\u0105tkowo ekologiczna, idealna do na\u015bladowania i odgrywania r\u00f3l, ale r\u00f3wnie\u017c futurystyczna. Szczeg\u00f3\u0142y produktu: Wymiary (d\u0142ugo\u015b\u0107 x szeroko\u015b\u0107 x wysoko\u015b\u0107): 15,5 x 7,3 x 9,5 cm waga: 0,37 kg D\u0142ugotrwa\u0142e \u017celazko do zabawy dla pilnych rodzic\u00f3w lalek, kt\u00f3rzy chc\u0105 mie\u0107 swoje kurteczki, majteczki i czapeczki czyste i g\u0142adkie. Uchwyt jest optymalnie dostosowany do dzieci\u0119cych d\u0142oni, \u0142atwy do uchwycenia i naturalnie przyjemny w dotyku. \u017belazko wykonane jest w ca\u0142o\u015bci z drewna pochodz\u0105cego z trwa\u0142ych, certyfikowanych \u017ar\u00f3de\u0142. Dzieci uwielbiaj\u0105 odgrywanie r\u00f3l i rodzin\u0119 &#8211; z tym drewnianym \u017celazkiem mog\u0105 prasowa\u0107 jak mama i tata, \u0107wicz\u0105c przy tym wyobra\u017ani\u0119, kreatywno\u015b\u0107 i zdolno\u015bci motoryczne. Materia\u0142: drewno Wiek: od 3 lat<\/p>\n<h2>Klein Drewniane \u017belazko Electrolux &#8211; Zabawka Klein<\/h2>\n<p>zabawy dla 5 6 latk\u00f3w, bajki dla dzieci do czytania na dobranoc, harry potter kolorowanka, calineczka test z odpowiedziami, atrakcje dla dzieci wroc\u0142aw i okolice<\/p>\n<p>yyyyy<\/p>\n<p>&nbsp;<\/p>\n","protected":false},"excerpt":{"rendered":"<p>Nie dla drewnianych g\u0142\u00f3w! W rzeczywisto\u015bci to zabawkowe \u017celazko ma wszystko, czego potrzebuj\u0105 dzieci, kt\u00f3re chc\u0105 na\u015bladowa\u0107 mam\u0119 i tat\u0119. Wygl\u0105da elegancko i modern , ma zaokr\u0105glony uchwyt idealnie dopasowany do dzieci\u0119cych r\u0105czek i oczywi\u015bcie nigdy si\u0119 nie nagrzewa na \u017cadnym etapie fantazyjnej zabawy. \u017belazko Elektrolux wykonane jest z drewna pochodz\u0105cego z certyfikowanych las\u00f3w zarz\u0105dzanych [&hellip;]<\/p>\n","protected":false},"featured_media":6465,"comment_status":"closed","ping_status":"open","template":"","meta":[],"product_cat":[53,52],"product_tag":[656,631,616,576,869],"class_list":["post-6464","product","type-product","status-publish","has-post-thumbnail","hentry","product_cat-kaciki-zabaw","product_cat-klein","product_tag-kolorowanki-lol","product_tag-prezent-na-roczek","product_tag-test-mikolajek-25-pytan","product_tag-trudne-zagadki","product_tag-zagadki-na-logike"],"_links":{"self":[{"href":"http:\/\/klubmamgdynia.pl\/index.php\/wp-json\/wp\/v2\/product\/6464","targetHints":{"allow":["GET"]}}],"collection":[{"href":"http:\/\/klubmamgdynia.pl\/index.php\/wp-json\/wp\/v2\/product"}],"about":[{"href":"http:\/\/klubmamgdynia.pl\/index.php\/wp-json\/wp\/v2\/types\/product"}],"replies":[{"embeddable":true,"href":"http:\/\/klubmamgdynia.pl\/index.php\/wp-json\/wp\/v2\/comments?post=6464"}],"wp:featuredmedia":[{"embeddable":true,"href":"http:\/\/klubmamgdynia.pl\/index.php\/wp-json\/wp\/v2\/media\/6465"}],"wp:attachment":[{"href":"http:\/\/klubmamgdynia.pl\/index.php\/wp-json\/wp\/v2\/media?parent=6464"}],"wp:term":[{"taxonomy":"product_cat","embeddable":true,"href":"http:\/\/klubmamgdynia.pl\/index.php\/wp-json\/wp\/v2\/product_cat?post=6464"},{"taxonomy":"product_tag","embeddable":true,"href":"http:\/\/klubmamgdynia.pl\/index.php\/wp-json\/wp\/v2\/product_tag?post=6464"}],"curies":[{"name":"wp","href":"https:\/\/api.w.org\/{rel}","templated":true}]}}