{"id":6466,"date":"2021-05-03T23:06:33","date_gmt":"2021-05-03T21:06:33","guid":{"rendered":"http:\/\/klubmamgdynia.pl\/index.php\/produkt\/nuk-butelka-do-nauki-picia-150-ml-first-choice-z-ustnikiem-niekapkiem-i-podwojnym-uchwytem-6-18-m-527472-hello-adventure\/"},"modified":"2026-04-03T16:26:18","modified_gmt":"2026-04-03T14:26:18","slug":"nuk-butelka-do-nauki-picia-150-ml-first-choice-z-ustnikiem-niekapkiem-i-podwojnym-uchwytem-6-18-m-527472-hello-adventure","status":"publish","type":"product","link":"http:\/\/klubmamgdynia.pl\/index.php\/produkt\/nuk-butelka-do-nauki-picia-150-ml-first-choice-z-ustnikiem-niekapkiem-i-podwojnym-uchwytem-6-18-m-527472-hello-adventure\/","title":{"rendered":"Nuk Butelka Do Nauki Picia 150 Ml First Choice Z Ustnikiem Niekapkiem I Podw\u00f3jnym Uchwytem 6-18 M 527472 Hello Adventure"},"content":{"rendered":"<p>Butelka do nauki picia 150 ml NUK First Choice z ustnikiem niekapkiem i podw\u00f3jnym uchwytem 6-18 m 527472 Hello Adventurez Butelka NUK FIRST CHOICE z ustnikiem i podw\u00f3jnym uchwytem: &#8211; 150 ml &#8211; z silikonowym ustnikiem &#8222;niekapkiem&#8221; &#8211; nie zawiera bisfenolu A Zalety:- U\u0142atwia p\u0142ynne przej\u015bcie od karmienia piersi\u0105 lub butelk\u0105 do samodzielnego picia przez dziecko &#8211; Przeznaczona dla dziecka w wieku od ok. 6 miesi\u0119cy &#8211; Silikonowy ustnik &#8222;niekapek&#8221; umo\u017cliwia picie bez rozlewania &#8211; Ergonomiczne uchwyty niewy\u015blizguj\u0105ce si\u0119 z r\u0105k dziecka &#8211; Sk\u0142ada si\u0119 z typowych element\u00f3w FIRST CHOICE: butelki z tworzywa (PP), nakr\u0119tki, kr\u0105\u017cka zabezpieczaj\u0105cego oraz przezroczystej os\u0142ony ustnika &#8211; \u0141atwa do demonta\u017cu &#8211; idealna do przygotowania pokarmu i czyszczenia &#8211; Wykonana z polipropylenu (PP) &#8211; wysokiej jako\u015bci tworzywa, kt\u00f3re nie zawiera bisfenolu A<\/p>\n<h2>Nuk Butelka Do Nauki Picia 150 Ml First Choice Z Ustnikiem Niekapkiem I Podw\u00f3jnym Uchwytem 6-18 M 527472 Hello Adventure NUK<\/h2>\n<p>alfabet kolorowanka, karty pracy dla dzieci z ukrainy, ciekawe zagadki i odpowiedzi, zagadki logiczne trudne, cytat z ma\u0142ego ksi\u0119cia o przyja\u017ani, test znaki drogowe, julian znaczenie imienia, ma\u0142y ksi\u0105\u017ce test<\/p>\n<p>yyyyy<\/p>\n<p>&nbsp;<\/p>\n","protected":false},"excerpt":{"rendered":"<p>Butelka do nauki picia 150 ml NUK First Choice z ustnikiem niekapkiem i podw\u00f3jnym uchwytem 6-18 m 527472 Hello Adventurez Butelka NUK FIRST CHOICE z ustnikiem i podw\u00f3jnym uchwytem: &#8211; 150 ml &#8211; z silikonowym ustnikiem &#8222;niekapkiem&#8221; &#8211; nie zawiera bisfenolu A Zalety:- U\u0142atwia p\u0142ynne przej\u015bcie od karmienia piersi\u0105 lub butelk\u0105 do samodzielnego picia przez [&hellip;]<\/p>\n","protected":false},"featured_media":6467,"comment_status":"closed","ping_status":"open","template":"","meta":[],"product_cat":[195,251],"product_tag":[657,718,597],"class_list":["post-6466","product","type-product","status-publish","has-post-thumbnail","hentry","product_cat-butelki","product_cat-nuk","product_tag-lol-kolorowanka","product_tag-prezent-na-roczek-dla-chrzesniaka","product_tag-zagadki-o-zimie"],"_links":{"self":[{"href":"http:\/\/klubmamgdynia.pl\/index.php\/wp-json\/wp\/v2\/product\/6466","targetHints":{"allow":["GET"]}}],"collection":[{"href":"http:\/\/klubmamgdynia.pl\/index.php\/wp-json\/wp\/v2\/product"}],"about":[{"href":"http:\/\/klubmamgdynia.pl\/index.php\/wp-json\/wp\/v2\/types\/product"}],"replies":[{"embeddable":true,"href":"http:\/\/klubmamgdynia.pl\/index.php\/wp-json\/wp\/v2\/comments?post=6466"}],"wp:featuredmedia":[{"embeddable":true,"href":"http:\/\/klubmamgdynia.pl\/index.php\/wp-json\/wp\/v2\/media\/6467"}],"wp:attachment":[{"href":"http:\/\/klubmamgdynia.pl\/index.php\/wp-json\/wp\/v2\/media?parent=6466"}],"wp:term":[{"taxonomy":"product_cat","embeddable":true,"href":"http:\/\/klubmamgdynia.pl\/index.php\/wp-json\/wp\/v2\/product_cat?post=6466"},{"taxonomy":"product_tag","embeddable":true,"href":"http:\/\/klubmamgdynia.pl\/index.php\/wp-json\/wp\/v2\/product_tag?post=6466"}],"curies":[{"name":"wp","href":"https:\/\/api.w.org\/{rel}","templated":true}]}}