{"id":647,"date":"2012-04-03T14:49:20","date_gmt":"2012-04-03T12:49:20","guid":{"rendered":"http:\/\/klubmamgdynia.pl\/index.php\/produkt\/trefl-moja-pierwsza-gra-na-jagody-02063\/"},"modified":"2026-04-05T20:04:53","modified_gmt":"2026-04-05T18:04:53","slug":"trefl-moja-pierwsza-gra-na-jagody-02063","status":"publish","type":"product","link":"http:\/\/klubmamgdynia.pl\/index.php\/produkt\/trefl-moja-pierwsza-gra-na-jagody-02063\/","title":{"rendered":"Trefl Moja pierwsza gra Na jagody 02063"},"content":{"rendered":"<p>Trefl Moja pierwsza gra Na jagody 02063Bohaterowie serialu Bobaski i Mi\u015b wyruszaj\u0105 na le\u015bn\u0105 przygod\u0119, po drodze zbieraj\u0105c pyszne jag\u00f3dki. Ile owoc\u00f3w uda im si\u0119 zebra\u0107, zanim dojd\u0105 do chatki Misia? Proste zasady, przestrzenna plansza oraz du\u017ce drewniane elementy, sprawiaj\u0105, \u017ce gra jest idealna na pocz\u0105tek przygody z grami planszowymi. \u015awietna zabawa w towarzystwie lubianych przez najm\u0142odszych bohater\u00f3w.                            <\/p>\n<p>&#8222;Rodzina Treflik\u00f3w\u201d to nowy, polski serial animowany, skierowany do dzieci w wieku 3-6 lat. Roz\u015bpiewani i rozta\u0144czeni bohaterowie zabior\u0105 najm\u0142odszych we wspania\u0142\u0105 podr\u00f3\u017c do \u015bwiata pe\u0142nego magii, ale i bliskich, codziennych spraw.                            <\/p>\n<p>Sympatyczne postaci, a tak\u017ce pastelowe, przyjemne dla oka barwy sprawiaj\u0105, \u017ce bajka pozytywnie wp\u0142ywa na rozw\u00f3j dziecka.                            <\/p>\n<p>            Trefl Treflikowe Grzybobranie 01586<\/p>\n<p>                        od<br \/>\n                            34,80<br \/>\n                            z\u0142<\/p>\n<p>                    Zobacz<\/p>\n<p>            Trefl Chi\u0144czyk Rodzina Treflik\u00f3w 01679<\/p>\n<p>                        od<br \/>\n                            13,66<br \/>\n                            z\u0142<\/p>\n<p>                    Zobacz<\/p>\n<p>            Trefl Rodzina Treflik\u00f3w M\u00f3j pierwszy memos Dobranoc 02038<\/p>\n<p>                        od<br \/>\n                            17,39<br \/>\n                            z\u0142<\/p>\n<p>                    Zobacz<\/p>\n<p>            Trefl Rodzina Treflik\u00f3w 3w1 Domino Pche\u0142ki Kuku 01921<\/p>\n<p>                        od<br \/>\n                            7,92<br \/>\n                            z\u0142<\/p>\n<p>                    Zobacz<\/p>\n<p>            Trefliki w przedszkolu. Pakiet sze\u015bciolatka<\/p>\n<p>                        od<br \/>\n                            143,88<br \/>\n                            z\u0142<\/p>\n<p>                    Zobacz<\/p>\n<p>            Trefl Trefliki Poznaj\u0105: Pory Roku 01839<\/p>\n<p>                        od<br \/>\n                            16,76<br \/>\n                            z\u0142<\/p>\n<p>                    Zobacz<\/p>\n<p>            Trefl Grzybobranie Rodzina Treflik\u00f3w 02035<\/p>\n<p>                        od<br \/>\n                            31,49<br \/>\n                            z\u0142<\/p>\n<p>                    Zobacz<\/p>\n<p>            Trefl Przeprowadzka z Rodzin\u0105 Treflik\u00f3w 02071<\/p>\n<p>                        od<br \/>\n                            34,99<br \/>\n                            z\u0142<\/p>\n<p>                    Zobacz<\/p>\n<p>            Trefl Liczymy Rodzina Treflik\u00f3w 02257<\/p>\n<p>                        od<br \/>\n                            19,76<br \/>\n                            z\u0142<\/p>\n<p>                    Zobacz<\/p>\n<p>            Trefl Skoczki Rodzina Treflik\u00f3w 01905<\/p>\n<p>                        od<br \/>\n                            28,48<br \/>\n                            z\u0142<\/p>\n<p>                    Zobacz<\/p>\n<p>            Trefl Kalejdoskop 25 Gier Trefliki 02119<\/p>\n<p>                        od<br \/>\n                            26,00<br \/>\n                            z\u0142<\/p>\n<p>                    Zobacz<\/p>\n<p>            Jesienne grzybobranie. Rodzina Treflik\u00f3w. Ksi\u0105\u017cka obserwacyjna<\/p>\n<p>                        od<br \/>\n                            10,50<br \/>\n                            z\u0142<\/p>\n<p>                    Zobacz<\/p>\n<p>            Trefl Chi\u0144czyk Moja Pierwsza Gra Rodzina Treflik\u00f3w 02056<\/p>\n<p>                        od<br \/>\n                            22,90<br \/>\n                            z\u0142<\/p>\n<p>                    Zobacz<\/p>\n<p>            Trefl Rodzina Treflik\u00f3w Na Zakupy 01742<\/p>\n<p>                        od<br \/>\n                            26,90<br \/>\n                            z\u0142<\/p>\n<p>                    Zobacz<\/p>\n<p>            Trefl Rodzina Treflik\u00f3w Warcaby + M\u0142ynek 01920<\/p>\n<p>                        od<br \/>\n                            15,79<br \/>\n                            z\u0142<\/p>\n<p>                    Zobacz<\/p>\n<p>            Trefl Rodzina Treflik\u00f3w Poczta Zabawa W Listonosza 01741<\/p>\n<p>                        od<br \/>\n                            20,63<br \/>\n                            z\u0142<\/p>\n<p>                    Zobacz<\/p>\n<p>            Trefl Trefliki Poznaj\u0105: Warzywa I Owoce 01840<\/p>\n<p>                        od<br \/>\n                            11,00<br \/>\n                            z\u0142<\/p>\n<p>                    Zobacz<\/p>\n<p>            Trefl Rodzina Treflik\u00f3w Na Ryby 01963<\/p>\n<p>                        od<br \/>\n                            25,00<br \/>\n                            z\u0142<\/p>\n<p>                    Zobacz<\/p>\n<p>            Trefl Puzzle 30el. Edukacyjne Trefliki Poznaj\u0105 Alfabet 15553<\/p>\n<p>                        od<br \/>\n                            17,31<br \/>\n                            z\u0142<\/p>\n<p>                    Zobacz<\/p>\n<p>            Trefl Puzzle 20el. Rodzina Treflik\u00f3w Dzie\u0144 Z Cioci\u0105 21064<\/p>\n<p>                        od<br \/>\n                            4,83<br \/>\n                            z\u0142<\/p>\n<p>                    Zobacz<\/p>\n<p>            Trefl Puzzle 4W1 Wsp\u00f3lne Zabawy Treflik\u00f3w 34358<\/p>\n<p>                        od<br \/>\n                            11,00<br \/>\n                            z\u0142<\/p>\n<p>                    Zobacz<\/p>\n<p>            Trefl Puzzle 48el. Edukacyjne Trefliki Poznaj\u0105 Zwierz\u0119ta \u015awiata 15552<\/p>\n<p>                        od<br \/>\n                            17,30<br \/>\n                            z\u0142<\/p>\n<p>                    Zobacz<\/p>\n<p>            Trefl Warcaby: Lis i G\u0119si Rodzina Treflik\u00f3w 02301<\/p>\n<p>                        od<br \/>\n                            18,59<br \/>\n                            z\u0142<\/p>\n<p>                    Zobacz<\/p>\n<p>            Trefl Rodzina Treflik\u00f3w Bobaski i Mi\u015b Przed i Po 02062<\/p>\n<p>                        od<br \/>\n                            22,10<br \/>\n                            z\u0142<\/p>\n<p>                    Zobacz<\/p>\n<p>            Trefl Puzzle 4W1 Trefliki Wieczorne Rytua\u0142y Dobranoc 34370<\/p>\n<p>                        od<br \/>\n                            15,93<br \/>\n                            z\u0142<\/p>\n<p>                    Zobacz<\/p>\n<p>            Trefl Puzzle 54el. Weso\u0142y \u015awiat Treflik\u00f3w 4 19666<\/p>\n<p>                        od<br \/>\n                            2,86<br \/>\n                            z\u0142<\/p>\n<p>                    Zobacz<\/p>\n<p>            Trefl Puzzle 60el. Rodzina Treflik\u00f3w Na Tropie 17308<\/p>\n<p>                        od<br \/>\n                            7,62<br \/>\n                            z\u0142<\/p>\n<p>                    Zobacz<\/p>\n<p>            Trefl Puzzle 4W1 Przygotowania Do Balu Treflik\u00f3w 34318<\/p>\n<p>                        od<br \/>\n                            14,72<br \/>\n                            z\u0142<\/p>\n<p>                    Zobacz<\/p>\n<p>            Trefl Puzzle 100el. Zabawne Trefliki 16422<\/p>\n<p>                        od<br \/>\n                            11,51<br \/>\n                            z\u0142<\/p>\n<p>                    Zobacz<\/p>\n<p>            Trefl Puzzle 30el. TreflIki Nad Stawem 18265<\/p>\n<p>                        od<br \/>\n                            9,97<br \/>\n                            z\u0142<\/p>\n<p>                    Zobacz<\/p>\n<h2>Trefl Moja pierwsza gra Na jagody 02063 Trefl<\/h2>\n<p>zyczenia walentynkowe dla dzieci, test z lektury kajko i kokosz, rysowanie po \u015bladzie, cytaty ma\u0142y ksi\u0105\u017ce, rado\u015b\u0107 dziecka cytaty<\/p>\n<p>yyyyy<\/p>\n<p>&nbsp;<\/p>\n","protected":false},"excerpt":{"rendered":"<p>Trefl Moja pierwsza gra Na jagody 02063Bohaterowie serialu Bobaski i Mi\u015b wyruszaj\u0105 na le\u015bn\u0105 przygod\u0119, po drodze zbieraj\u0105c pyszne jag\u00f3dki. Ile owoc\u00f3w uda im si\u0119 zebra\u0107, zanim dojd\u0105 do chatki Misia? Proste zasady, przestrzenna plansza oraz du\u017ce drewniane elementy, sprawiaj\u0105, \u017ce gra jest idealna na pocz\u0105tek przygody z grami planszowymi. \u015awietna zabawa w towarzystwie lubianych [&hellip;]<\/p>\n","protected":false},"featured_media":648,"comment_status":"closed","ping_status":"open","template":"","meta":[],"product_cat":[130,104],"product_tag":[819,598,696,790,583,736],"class_list":["post-647","product","type-product","status-publish","has-post-thumbnail","hentry","product_cat-gry-dzieciece","product_cat-trefl","product_tag-co-kupic-nastolatce-na-swieta","product_tag-co-na-roczek-dla-dziewczynki","product_tag-film-rodzinny-o-swietach","product_tag-gry-planszowe-dla-nastolatkow","product_tag-kolysanki-dla-dzieci-tekst","product_tag-zabawki-na-roczek"],"_links":{"self":[{"href":"http:\/\/klubmamgdynia.pl\/index.php\/wp-json\/wp\/v2\/product\/647","targetHints":{"allow":["GET"]}}],"collection":[{"href":"http:\/\/klubmamgdynia.pl\/index.php\/wp-json\/wp\/v2\/product"}],"about":[{"href":"http:\/\/klubmamgdynia.pl\/index.php\/wp-json\/wp\/v2\/types\/product"}],"replies":[{"embeddable":true,"href":"http:\/\/klubmamgdynia.pl\/index.php\/wp-json\/wp\/v2\/comments?post=647"}],"wp:featuredmedia":[{"embeddable":true,"href":"http:\/\/klubmamgdynia.pl\/index.php\/wp-json\/wp\/v2\/media\/648"}],"wp:attachment":[{"href":"http:\/\/klubmamgdynia.pl\/index.php\/wp-json\/wp\/v2\/media?parent=647"}],"wp:term":[{"taxonomy":"product_cat","embeddable":true,"href":"http:\/\/klubmamgdynia.pl\/index.php\/wp-json\/wp\/v2\/product_cat?post=647"},{"taxonomy":"product_tag","embeddable":true,"href":"http:\/\/klubmamgdynia.pl\/index.php\/wp-json\/wp\/v2\/product_tag?post=647"}],"curies":[{"name":"wp","href":"https:\/\/api.w.org\/{rel}","templated":true}]}}