{"id":6470,"date":"2022-02-15T03:23:16","date_gmt":"2022-02-15T02:23:16","guid":{"rendered":"http:\/\/klubmamgdynia.pl\/index.php\/produkt\/iso-trade-samochod-zdalnie-sterowany-zielony\/"},"modified":"2026-05-17T22:37:46","modified_gmt":"2026-05-17T20:37:46","slug":"iso-trade-samochod-zdalnie-sterowany-zielony","status":"publish","type":"product","link":"http:\/\/klubmamgdynia.pl\/index.php\/produkt\/iso-trade-samochod-zdalnie-sterowany-zielony\/","title":{"rendered":"Iso Trade Samoch\u00f3d Zdalnie Sterowany Zielony"},"content":{"rendered":"<p>SAMOCH\u00d3D AKROBATA 2 POZYCJE \u2013 samoch\u00f3d ma mo\u017cliwo\u015b\u0107 zmiany pozycji, posiada 5 k\u00f3\u0142, dzi\u0119ki czemu przy u\u017cyciu \u015brodkowych przycisk\u00f3w na pilocie mo\u017cna zmieni\u0107 jego spos\u00f3b jazdy. Taka konstrukcja sprawia, \u017ce samochodzik poradzi sobie prawie w ka\u017cdych warunkach. Praktycznie nie istnieje przeszkoda, kt\u00f3ra by\u0142aby wyzwaniem dla samochodu akrobaty. Autko pokonuje schody, zderza si\u0119 ze \u015bcianami i nie przewraca si\u0119, tylko kontynuuje jazd\u0119.EFEKTY \u015aWIETLNE \u2013 niesamowitym akrobacjom towarzysz\u0105 ciekawe efekty \u015bwietlne, kt\u00f3re sprawiaj\u0105, \u017ce zabawa jest jeszcze bardziej atrakcyjna i pe\u0142na emocji \u2013 zw\u0142aszcza przy zgaszonym \u015bwietle.360 STOPNI \u2013 autko porusza si\u0119 w zakresie 360 stopni, je\u017adzi do przodu, do ty\u0142u oraz skr\u0119ca i wykonuje drifty.STEROWANIE PILOTEM &#8211; samoch\u00f3d akrobata jest bardzo prosty w obs\u0142udze \u2013 pilot jest niesamowicie intuicyjny i poradz\u0105 sobie z nim ju\u017c ma\u0142e dzieci. Poni\u017cej w aukcji znajduje si\u0119 jego szczeg\u00f3\u0142owy opis.SPECYFIKACJA &#8211; wiek: 3+; cz\u0119stotliwo\u015b\u0107: 27 Mhz; zasi\u0119g pilota: ~10m; zasilanie pilota: 2x AA (brak w zestawie); zasilanie samochodu: 5x AA (brak w zestawie); wymiary samochodu (d\u0142\/szer\/wys): 30\/15\/9,5cm; wymiary pilota (d\u0142\/szer\/wys): 12\/5,5\/30cm; waga z opakowaniem: 1,049kg.SPECYFIKACJAwiek: 3+cz\u0119stotliwo\u015b\u0107: 27 Mhzzasi\u0119g pilota: ~10mzasilanie pilota: 2x AA (brak w zestawie)zasilanie samochodu: 5x AA (brak w zestawie)wymiary samochodu (d\u0142\/szer\/wys): 30\/15\/9,5cmwymiary pilota (d\u0142\/szer\/wys): 12\/5,5\/30cmwaga z opakowaniem: 1,049kgW ZESTAWIEsamoch\u00f3dpilotNiesamowita zabawka, kt\u00f3r\u0105 pokochaj\u0105 nie tylko dzieci, ale r\u00f3wnie\u017c ich tatusiowie. Samoch\u00f3d sprawi, \u017ce nikt nie b\u0119dzie si\u0119 nudzi\u0107! Autko sterowane jest za pomoc\u0105 pilota \u2013 nie tylko je\u017adzi do przodu i do ty\u0142u oraz skr\u0119ca, ale r\u00f3wnie\u017c wykonuje szalone akrobacje takie jak drifty, kt\u00f3re zar\u00f3wno dziecko, jak i doros\u0142y b\u0119d\u0105 \u015bledzi\u0107 z zapartym tchem. Samoch\u00f3d akrobata jest bardzo prosty w obs\u0142udze \u2013 pilot jest niesamowicie intuicyjny i poradz\u0105 sobie z nim ju\u017c ma\u0142e dzieci.OPIS PILOTALEWA GA\u0141KA \u2013 przesuwaj\u0105c ga\u0142k\u0119 do przodu samoch\u00f3d jedzie do przodu i skr\u0119ca w lewo, przesuwaj\u0105c ga\u0142k\u0119 do ty\u0142u jedzie do ty\u0142u skr\u0119caj\u0105c w lewo.PRAWA GA\u0141KA &#8211; przesuwaj\u0105c ga\u0142k\u0119 do przodu samoch\u00f3d jedzie do przodu i skr\u0119ca w prawo, przesuwaj\u0105c ga\u0142k\u0119 do ty\u0142u jedzie do ty\u0142u skr\u0119caj\u0105c w prawo.\u015aRODKOWY G\u00d3RNY PRZYCISK \u2013 zmienia pozycj\u0119 samochodu do g\u00f3ry.\u015aRODKOWY DOLNY PRZYCISK \u2013 zmienia pozycj\u0119 samochodu w d\u00f3\u0142.Przytrzymuj\u0105c jednocze\u015bnie 2 ga\u0142ki do przodu samoch\u00f3d jedzie do przodu.Przytrzymuj\u0105c jednocze\u015bnie 2 ga\u0142ki do ty\u0142u samoch\u00f3d jedzie do ty\u0142u.Obudowa samochodu akrobaty dla dzieci jest niemal niezniszczalna, dzi\u0119ki czemu autko przetrwa nienaruszone nawet najbardziej spektakularne akrobacje. Autko posiada 5 k\u00f3\u0142 i mo\u017cliwo\u015b\u0107 jazdy w dw\u00f3ch konfiguracjach. Taka konstrukcja sprawia, \u017ce samochodzik poradzi sobie prawie w ka\u017cdych warunkach. Praktycznie nie istnieje przeszkoda, kt\u00f3ra by\u0142aby wyzwaniem dla samochodu crazy twister. Autko pokonuje schody, zderza si\u0119 ze \u015bcianami i nie przewraca si\u0119, tylko kontynuuje jazd\u0119.Weso\u0142ym akrobacjom, jakie wykonuje samoch\u00f3d akrobata dla dzieci towarzysz\u0105 niesamowite efekty \u015bwietlne, kt\u00f3re w szczeg\u00f3lno\u015bci b\u0119d\u0105 atrakcj\u0105 podczas wieczornych zabaw.kod produktu: 9535<\/p>\n<h2>Iso Trade Samoch\u00f3d Zdalnie Sterowany Zielony Iso Trade<\/h2>\n<p>kartk\u00f3wki z zegara, szlaczki do druku, Keyword, szlaczki literopodobne do wydruku, przyjed\u017a do nas miko\u0142aju tekst, bajki dla dzieci na dobranoc, prima aprilis w szkole, pierwsze urodziny prezent na roczek dla ch\u0142opca, zaj\u0119cia wielkanocne dla dzieci, pia, pan twardowski na ksi\u0119\u017cycu wiersz, carmen imi\u0119, nauka pisania literek do wydruku pdf, test narnia lew czarownica i stara szafa, pomys\u0142 na prezent dla nastolatka, quizy dla dzieci 10 lat, \u0142amig\u0142\u00f3wki logiczne dla dzieci, flagi europy quiz, bajka terapeutyczna o emocjach, piosenki dla dzieci tekst, test z lektury pies kt\u00f3ry je\u017adzi\u0142 kolej\u0105<\/p>\n<p>yyyyy<\/p>\n<p>&nbsp;<\/p>\n","protected":false},"excerpt":{"rendered":"<p>SAMOCH\u00d3D AKROBATA 2 POZYCJE \u2013 samoch\u00f3d ma mo\u017cliwo\u015b\u0107 zmiany pozycji, posiada 5 k\u00f3\u0142, dzi\u0119ki czemu przy u\u017cyciu \u015brodkowych przycisk\u00f3w na pilocie mo\u017cna zmieni\u0107 jego spos\u00f3b jazdy. Taka konstrukcja sprawia, \u017ce samochodzik poradzi sobie prawie w ka\u017cdych warunkach. Praktycznie nie istnieje przeszkoda, kt\u00f3ra by\u0142aby wyzwaniem dla samochodu akrobaty. Autko pokonuje schody, zderza si\u0119 ze \u015bcianami i [&hellip;]<\/p>\n","protected":false},"featured_media":6471,"comment_status":"closed","ping_status":"open","template":"","meta":[],"product_cat":[296,337],"product_tag":[865,754,780,729,590,647],"class_list":["post-6470","product","type-product","status-publish","has-post-thumbnail","hentry","product_cat-iso-trade","product_cat-zabawki-zdalnie-sterowane","product_tag-cytaty-o-dzieciach","product_tag-dyplomy-do-wydrukowania-a4","product_tag-krecik-bajka","product_tag-madre-bajki-dla-dzieci-do-czytania","product_tag-plac-zabaw-warszawa","product_tag-warszawa-z-dzieckiem"],"_links":{"self":[{"href":"http:\/\/klubmamgdynia.pl\/index.php\/wp-json\/wp\/v2\/product\/6470","targetHints":{"allow":["GET"]}}],"collection":[{"href":"http:\/\/klubmamgdynia.pl\/index.php\/wp-json\/wp\/v2\/product"}],"about":[{"href":"http:\/\/klubmamgdynia.pl\/index.php\/wp-json\/wp\/v2\/types\/product"}],"replies":[{"embeddable":true,"href":"http:\/\/klubmamgdynia.pl\/index.php\/wp-json\/wp\/v2\/comments?post=6470"}],"wp:featuredmedia":[{"embeddable":true,"href":"http:\/\/klubmamgdynia.pl\/index.php\/wp-json\/wp\/v2\/media\/6471"}],"wp:attachment":[{"href":"http:\/\/klubmamgdynia.pl\/index.php\/wp-json\/wp\/v2\/media?parent=6470"}],"wp:term":[{"taxonomy":"product_cat","embeddable":true,"href":"http:\/\/klubmamgdynia.pl\/index.php\/wp-json\/wp\/v2\/product_cat?post=6470"},{"taxonomy":"product_tag","embeddable":true,"href":"http:\/\/klubmamgdynia.pl\/index.php\/wp-json\/wp\/v2\/product_tag?post=6470"}],"curies":[{"name":"wp","href":"https:\/\/api.w.org\/{rel}","templated":true}]}}