{"id":6472,"date":"2023-11-04T22:23:20","date_gmt":"2023-11-04T21:23:20","guid":{"rendered":"http:\/\/klubmamgdynia.pl\/?post_type=product&#038;p=6472"},"modified":"2026-04-29T16:00:59","modified_gmt":"2026-04-29T14:00:59","slug":"otulacz-bambusowy-flowers-pink-no-more","status":"publish","type":"product","link":"http:\/\/klubmamgdynia.pl\/index.php\/produkt\/otulacz-bambusowy-flowers-pink-no-more\/","title":{"rendered":"Otulacz Bambusowy Flowers Pink No More"},"content":{"rendered":"<p>Otulacz z bambusowej tkaniny jest delikatny i mi\u0119kki. Idealny nie nie tylko dla maluszka. Sprawdzi si\u0119 do zakrywania w\u00f3zka w s\u0142oneczne dni, jako lekki kocyk, prze\u015bcierade\u0142ko, r\u0119cznik lub chusta dla karmi\u0105cej Mamy. Tkanina oddycha, ch\u0142odzi, ch\u0142onie wod\u0119. Mi\u0142o si\u0119 do niej przytuli\u0107. Wz\u00f3r wykonany bezpiecznymi dla dziecka farbami. Rozmiar: 120&#215;120 cm 100% Bambusowa wiskoza Do ka\u017cdego otulacza do\u0142\u0105czona jest kartka-metryczka \u201eJu\u017c jestem\u201d. Tkanina posiada Certfikat Oeko-Tex Standrd 100. Wyprodukowano w Polsce.<\/p>\n<h2>Otulacz Bambusowy Flowers Pink No More Pink No More<\/h2>\n<p>quizy hobbit, cytaty motywacyjne dla dzieci, wierszyk o wakacjach, maska karnawa\u0142owa pdf, hot wheels kolorowanka, gotowe zaproszenia na urodziny do wydrukowania, \u015bwi\u0119ta wielkanocne piosenka tekst, zagadki co to jest, swinka peppa do czytania, platformy edukacyjne, psi patrol do druku, co oznacza nazwa jordan, nastolatka, prezent roczek, test z lektury miko\u0142ajek do druku<\/p>\n<p>yyyyy<\/p>\n<p>&nbsp;<\/p>\n","protected":false},"excerpt":{"rendered":"<p>Otulacz z bambusowej tkaniny jest delikatny i mi\u0119kki. Idealny nie nie tylko dla maluszka. Sprawdzi si\u0119 do zakrywania w\u00f3zka w s\u0142oneczne dni, jako lekki kocyk, prze\u015bcierade\u0142ko, r\u0119cznik lub chusta dla karmi\u0105cej Mamy. Tkanina oddycha, ch\u0142odzi, ch\u0142onie wod\u0119. Mi\u0142o si\u0119 do niej przytuli\u0107. Wz\u00f3r wykonany bezpiecznymi dla dziecka farbami. Rozmiar: 120&#215;120 cm 100% Bambusowa wiskoza Do [&hellip;]<\/p>\n","protected":false},"featured_media":6473,"comment_status":"closed","ping_status":"open","template":"","meta":[],"product_cat":[1470,1437],"product_tag":[865,744,856],"class_list":["post-6472","product","type-product","status-publish","has-post-thumbnail","hentry","product_cat-pink-no-more","product_cat-rozki-i-beciki","product_tag-cytaty-o-dzieciach","product_tag-kolorowanki-swiateczne-do-wydruku","product_tag-prezent-dla-16-latki"],"_links":{"self":[{"href":"http:\/\/klubmamgdynia.pl\/index.php\/wp-json\/wp\/v2\/product\/6472","targetHints":{"allow":["GET"]}}],"collection":[{"href":"http:\/\/klubmamgdynia.pl\/index.php\/wp-json\/wp\/v2\/product"}],"about":[{"href":"http:\/\/klubmamgdynia.pl\/index.php\/wp-json\/wp\/v2\/types\/product"}],"replies":[{"embeddable":true,"href":"http:\/\/klubmamgdynia.pl\/index.php\/wp-json\/wp\/v2\/comments?post=6472"}],"wp:featuredmedia":[{"embeddable":true,"href":"http:\/\/klubmamgdynia.pl\/index.php\/wp-json\/wp\/v2\/media\/6473"}],"wp:attachment":[{"href":"http:\/\/klubmamgdynia.pl\/index.php\/wp-json\/wp\/v2\/media?parent=6472"}],"wp:term":[{"taxonomy":"product_cat","embeddable":true,"href":"http:\/\/klubmamgdynia.pl\/index.php\/wp-json\/wp\/v2\/product_cat?post=6472"},{"taxonomy":"product_tag","embeddable":true,"href":"http:\/\/klubmamgdynia.pl\/index.php\/wp-json\/wp\/v2\/product_tag?post=6472"}],"curies":[{"name":"wp","href":"https:\/\/api.w.org\/{rel}","templated":true}]}}