{"id":6474,"date":"2021-05-31T07:06:49","date_gmt":"2021-05-31T05:06:49","guid":{"rendered":"http:\/\/klubmamgdynia.pl\/index.php\/produkt\/bawelniany-organizer-na-pieluchy-dla-niemowlat\/"},"modified":"2026-05-17T23:39:48","modified_gmt":"2026-05-17T21:39:48","slug":"bawelniany-organizer-na-pieluchy-dla-niemowlat","status":"publish","type":"product","link":"http:\/\/klubmamgdynia.pl\/index.php\/produkt\/bawelniany-organizer-na-pieluchy-dla-niemowlat\/","title":{"rendered":"Bawe\u0142niany organizer na pieluchy dla niemowl\u0105t"},"content":{"rendered":"<p>Bawe\u0142niany organizer na pieluchy dla niemowl\u0105tstan powystawowyopakowanie zast\u0119pczeRuchoma i sk\u0142adana przegroda dzieli g\u0142\u00f3wn\u0105 komor\u0119 na trzy cz\u0119\u015bci, aby pomie\u015bci\u0107 wszystkie rzeczy zwi\u0105zane z piel\u0119gnacj\u0105 dziecka. Z \u0142atwo\u015bci\u0105 w\u0142o\u017cysz cz\u0119\u015bci laktatora, ubrania otulaj\u0105ce cia\u0142o lub akcesoria \u0142azienkowe.Nadaje si\u0119 do przechowywania pieluch i ubra\u0144, zabawek, lek\u00f3w, dozownika chusteczek, butelki dla niemowl\u0105t, koca itp.Wykonany z mi\u0119kkiego lnu, bardzo wytrzyma\u0142y.W zestawie kosmetyczka z wzorem le\u015bnym\/ w sowyWymiary organizera: 36 x 22 x 18 cm, wymiary kosmetyczki: 21 x 12 cmBardzo wygodny i praktyczny.Informujemy, \u017ce prowadzimy tak\u017ce sklep stacjonarny i w rzadkich przypadkach mo\u017ce si\u0119 zdarzy\u0107 sytuacja, \u017ce zakupiony towar zosta\u0142 r\u00f3wnocze\u015bnie sprzedany na sklepie. W\u00f3wczas informujemy o zaistnia\u0142ej sytuacji jeszcze tego samego dnia i zwracamy got\u00f3wk\u0119.<\/p>\n<h2>Bawe\u0142niany organizer na pieluchy dla niemowl\u0105t <\/h2>\n<p>jak si\u0119 rysuje kota, zagadki o zwierz\u0119tach le\u015bnych dla dzieci, prezent dla ch\u0142opca na roczek, gaja imi\u0119, rodzina cytaty, kolorowanki do wydruku postacie z bajek, psi patrol kolorowanka do druku, zagadki dla dzieci 10 12 lat z odpowiedziami, iwo, jak namalowa\u0107 kota, piosenka na dzie\u0144 mamy tekst, karty pracy dla dzieci z ukrainy do druku, quiz opowie\u015bci z narnii, wroc\u0142aw atrakcje dla dzieci, ch\u0142opcy z placu broni &#8211; test z odpowiedziami, zagadki dla 7 latka, kawa\u0142 na prima aprilis, linda, kolorowanka pokemon, prezent na dzie\u0144 dziecka dla nastolatk\u00f3w<\/p>\n<p>yyyyy<\/p>\n<p>&nbsp;<\/p>\n","protected":false},"excerpt":{"rendered":"<p>Bawe\u0142niany organizer na pieluchy dla niemowl\u0105tstan powystawowyopakowanie zast\u0119pczeRuchoma i sk\u0142adana przegroda dzieli g\u0142\u00f3wn\u0105 komor\u0119 na trzy cz\u0119\u015bci, aby pomie\u015bci\u0107 wszystkie rzeczy zwi\u0105zane z piel\u0119gnacj\u0105 dziecka. Z \u0142atwo\u015bci\u0105 w\u0142o\u017cysz cz\u0119\u015bci laktatora, ubrania otulaj\u0105ce cia\u0142o lub akcesoria \u0142azienkowe.Nadaje si\u0119 do przechowywania pieluch i ubra\u0144, zabawek, lek\u00f3w, dozownika chusteczek, butelki dla niemowl\u0105t, koca itp.Wykonany z mi\u0119kkiego lnu, bardzo [&hellip;]<\/p>\n","protected":false},"featured_media":6475,"comment_status":"closed","ping_status":"open","template":"","meta":[],"product_cat":[901],"product_tag":[827,680,648,806,625,850],"class_list":["post-6474","product","type-product","status-publish","has-post-thumbnail","hentry","product_cat-pozostale-akcesoria-do-pielegnacji-dzieci","product_tag-bajki-dla-niemowlat","product_tag-cytaty-z-malego-ksiecia","product_tag-dobrej-nocy-i-sza","product_tag-prezent-dla-dziecka-na-roczek","product_tag-trojmiasto-atrakcje-dla-dzieci","product_tag-wroclaw-atrakcje-dla-dzieci"],"_links":{"self":[{"href":"http:\/\/klubmamgdynia.pl\/index.php\/wp-json\/wp\/v2\/product\/6474","targetHints":{"allow":["GET"]}}],"collection":[{"href":"http:\/\/klubmamgdynia.pl\/index.php\/wp-json\/wp\/v2\/product"}],"about":[{"href":"http:\/\/klubmamgdynia.pl\/index.php\/wp-json\/wp\/v2\/types\/product"}],"replies":[{"embeddable":true,"href":"http:\/\/klubmamgdynia.pl\/index.php\/wp-json\/wp\/v2\/comments?post=6474"}],"wp:featuredmedia":[{"embeddable":true,"href":"http:\/\/klubmamgdynia.pl\/index.php\/wp-json\/wp\/v2\/media\/6475"}],"wp:attachment":[{"href":"http:\/\/klubmamgdynia.pl\/index.php\/wp-json\/wp\/v2\/media?parent=6474"}],"wp:term":[{"taxonomy":"product_cat","embeddable":true,"href":"http:\/\/klubmamgdynia.pl\/index.php\/wp-json\/wp\/v2\/product_cat?post=6474"},{"taxonomy":"product_tag","embeddable":true,"href":"http:\/\/klubmamgdynia.pl\/index.php\/wp-json\/wp\/v2\/product_tag?post=6474"}],"curies":[{"name":"wp","href":"https:\/\/api.w.org\/{rel}","templated":true}]}}