{"id":6476,"date":"2021-10-24T18:28:26","date_gmt":"2021-10-24T16:28:26","guid":{"rendered":"http:\/\/klubmamgdynia.pl\/index.php\/produkt\/ugo-scout-samochod-zdalnie-sterowany-rc-25km-h\/"},"modified":"2026-04-29T00:02:11","modified_gmt":"2026-04-28T22:02:11","slug":"ugo-scout-samochod-zdalnie-sterowany-rc-25km-h","status":"publish","type":"product","link":"http:\/\/klubmamgdynia.pl\/index.php\/produkt\/ugo-scout-samochod-zdalnie-sterowany-rc-25km-h\/","title":{"rendered":"Ugo Scout Samoch\u00f3d Zdalnie Sterowany Rc 25KM\/H"},"content":{"rendered":"<p>POGROMCA NA KA\u017bDEJ TRASIEJe\u015bli dopiero zaczynasz zabaw\u0119 z modelami RC model Scout jest w\u0142a\u015bnie dla Ciebie, auto zosta\u0142o zaprojektowane z my\u015bl\u0105 o pocz\u0105tkuj\u0105cych kierowcach.Zesp\u00f3\u0142 nap\u0119dowy pozwala rozwin\u0105\u0107 pr\u0119dko\u015b\u0107 do 25km\/h. Odpowiedni do osi\u0105g\u00f3w modelu rozstaw k\u00f3\u0142 zapewnia \u015bwietn\u0105 przyczepno\u015b\u0107, jak i sprawniejsze pokonywanie przeszk\u00f3d.Model Scout jest idealnym uniwersalnym samochodem sprawdzaj\u0105cym si\u0119 podczas jazdy po asfalcie, jak i w terenie.WYWROTKA NIE STRASZNAModel posiada opony ze specjalnym bie\u017cnikiem dostosowanym do r\u00f3\u017cnych powierzchni. Zderzaki wykonane zosta\u0142y z elastycznego i wytrzyma\u0142ego plastiku, chroni\u0105 auto przed uszkodzeniami mechanicznymi.Wytrzyma\u0142a obudowa pozwoli unikn\u0105\u0107 uszkodze\u0144 podczas nieprzewidzianej wywrotki.Model typu Ready To Run (RTR), po wyj\u0119ciu z pude\u0142ka jest gotowy do zabawy(wymagane baterie 3xAA).Atrybuty:Rozmiar: 1:12Pojemno\u015b\u0107 baterii: 650 AhCzas podtrzymania: 15 minCzas \u0142adowania baterii: 2 HAkcesoria w zestawie: Baterie Komplet \u015brub Pilot \u015arubokr\u0119t \u0141adowarkaKomunikacja: Bezprzewodowa 2.4 GHzZasi\u0119g: 60 mZasilanie: 2xAAKolor: Czarno-czerwonyWaga: 0.4 kgSzeroko\u015b\u0107: 15 mmWysoko\u015b\u0107: 9.5 mmD\u0142ugo\u015b\u0107: 28 mmMaksymalna pr\u0119dko\u015b\u0107: 25Typ: RTRNap\u0119d: 2WD<\/p>\n<h2>Ugo Scout Samoch\u00f3d Zdalnie Sterowany Rc 25KM\/H Inny<\/h2>\n<p>zagadki \u015bmieszne, jeremi, 45 pa\u0144stw europy i ich stolice quiz, quizy dla dzieci o zwierz\u0119tach, michalina, trudne zagadki matematyczne, mini zoo mazowieckie, lew czarownica i stara szafa test, po \u0142\u0105ce biega lato tekst, cytat o przyja\u017ani, aurelia imie, kwiaty polne nazwy, zabawy dla 5 6 latk\u00f3w, dzieci cytaty, kolysanki tekst, zagadki logiczne i odpowiedzi, swinka peppa do czytania, zagadka, oliwier, bajki dla niemowl\u0105t do czytania<\/p>\n<p>yyyyy<\/p>\n<p>&nbsp;<\/p>\n","protected":false},"excerpt":{"rendered":"<p>POGROMCA NA KA\u017bDEJ TRASIEJe\u015bli dopiero zaczynasz zabaw\u0119 z modelami RC model Scout jest w\u0142a\u015bnie dla Ciebie, auto zosta\u0142o zaprojektowane z my\u015bl\u0105 o pocz\u0105tkuj\u0105cych kierowcach.Zesp\u00f3\u0142 nap\u0119dowy pozwala rozwin\u0105\u0107 pr\u0119dko\u015b\u0107 do 25km\/h. Odpowiedni do osi\u0105g\u00f3w modelu rozstaw k\u00f3\u0142 zapewnia \u015bwietn\u0105 przyczepno\u015b\u0107, jak i sprawniejsze pokonywanie przeszk\u00f3d.Model Scout jest idealnym uniwersalnym samochodem sprawdzaj\u0105cym si\u0119 podczas jazdy po asfalcie, [&hellip;]<\/p>\n","protected":false},"featured_media":6477,"comment_status":"closed","ping_status":"open","template":"","meta":[],"product_cat":[169,337],"product_tag":[716,841,823,634,715],"class_list":["post-6476","product","type-product","status-publish","has-post-thumbnail","hentry","product_cat-inny","product_cat-zabawki-zdalnie-sterowane","product_tag-filmy-animowane-o-swietach","product_tag-quiz-o-flagach","product_tag-zagadki-dla-dzieci-7-lat","product_tag-zagadki-wielkanocne-dla-dzieci","product_tag-zosia-samosia"],"_links":{"self":[{"href":"http:\/\/klubmamgdynia.pl\/index.php\/wp-json\/wp\/v2\/product\/6476","targetHints":{"allow":["GET"]}}],"collection":[{"href":"http:\/\/klubmamgdynia.pl\/index.php\/wp-json\/wp\/v2\/product"}],"about":[{"href":"http:\/\/klubmamgdynia.pl\/index.php\/wp-json\/wp\/v2\/types\/product"}],"replies":[{"embeddable":true,"href":"http:\/\/klubmamgdynia.pl\/index.php\/wp-json\/wp\/v2\/comments?post=6476"}],"wp:featuredmedia":[{"embeddable":true,"href":"http:\/\/klubmamgdynia.pl\/index.php\/wp-json\/wp\/v2\/media\/6477"}],"wp:attachment":[{"href":"http:\/\/klubmamgdynia.pl\/index.php\/wp-json\/wp\/v2\/media?parent=6476"}],"wp:term":[{"taxonomy":"product_cat","embeddable":true,"href":"http:\/\/klubmamgdynia.pl\/index.php\/wp-json\/wp\/v2\/product_cat?post=6476"},{"taxonomy":"product_tag","embeddable":true,"href":"http:\/\/klubmamgdynia.pl\/index.php\/wp-json\/wp\/v2\/product_tag?post=6476"}],"curies":[{"name":"wp","href":"https:\/\/api.w.org\/{rel}","templated":true}]}}