{"id":6480,"date":"2024-08-26T04:42:36","date_gmt":"2024-08-26T02:42:36","guid":{"rendered":"http:\/\/klubmamgdynia.pl\/?post_type=product&#038;p=6480"},"modified":"2026-05-17T22:38:57","modified_gmt":"2026-05-17T20:38:57","slug":"tm-toys-dodo-puzzle-6w1-zwierzeta","status":"publish","type":"product","link":"http:\/\/klubmamgdynia.pl\/index.php\/produkt\/tm-toys-dodo-puzzle-6w1-zwierzeta\/","title":{"rendered":"Tm Toys Dodo Puzzle 6W1 Zwierz\u0119ta"},"content":{"rendered":"<p>DODO. Puzzle 6w1. Zwierz\u0119taProducent: TM ToysLiczba element\u00f3w: 2, 3, 4Wiek: od 12 miesi\u0119cy Seria: 6w1Tematyka: zwierz\u0119taKod paskowy (EAN): 4820198240974Puzzle z 2, 3 i 4 element\u00f3w przedstawiaj\u0105 zwierz\u0119ta. \u015awinia i kurczak sk\u0142adaj\u0105 si\u0119 z dw\u00f3ch element\u00f3w, baranek i koza z trzech, ko\u0144 i krowa z czterech.W trakcie uk\u0142adania dziecko rozwinie my\u015blenie figuratywne i logiczne, postrzeganie poszczeg\u00f3lnych i ca\u0142ych element\u00f3w, zdolno\u015bci motoryczne r\u0105k.<\/p>\n<h2>Tm Toys Dodo Puzzle 6W1 Zwierz\u0119ta TM Toys<\/h2>\n<p>pole dyniowe pozna\u0144, quizy dla dzieci o zwierz\u0119tach, cytaty o mi\u0142o\u015bci kubu\u015b puchatek, zagadki dla dzieci z odpowiedziami, proste szczere \u017cyczenia bo\u017conarodzeniowe, zawiedziona przyja\u017a\u0144 cytaty, niezapomniany prezent na roczek, zagadki dla 4 latka, pomys\u0142y na pakowanie prezent\u00f3w, prezent dla trzynastolatki, prezent na roczek dla chrze\u015bniaka, zaproszenia urodzinowe do druku<\/p>\n<p>yyyyy<\/p>\n<p>&nbsp;<\/p>\n","protected":false},"excerpt":{"rendered":"<p>DODO. Puzzle 6w1. Zwierz\u0119taProducent: TM ToysLiczba element\u00f3w: 2, 3, 4Wiek: od 12 miesi\u0119cy Seria: 6w1Tematyka: zwierz\u0119taKod paskowy (EAN): 4820198240974Puzzle z 2, 3 i 4 element\u00f3w przedstawiaj\u0105 zwierz\u0119ta. \u015awinia i kurczak sk\u0142adaj\u0105 si\u0119 z dw\u00f3ch element\u00f3w, baranek i koza z trzech, ko\u0144 i krowa z czterech.W trakcie uk\u0142adania dziecko rozwinie my\u015blenie figuratywne i logiczne, postrzeganie poszczeg\u00f3lnych [&hellip;]<\/p>\n","protected":false},"featured_media":6481,"comment_status":"closed","ping_status":"open","template":"","meta":[],"product_cat":[90,145],"product_tag":[728,867,590,743,595],"class_list":["post-6480","product","type-product","status-publish","has-post-thumbnail","hentry","product_cat-puzzle","product_cat-tm-toys","product_tag-bezwarunkowa-milosc-do-dziecka-cytaty","product_tag-kolorowanki-dla-dziewczynek","product_tag-plac-zabaw-warszawa","product_tag-quiz-dla-dzieci","product_tag-zagadki-dla-6-latka"],"_links":{"self":[{"href":"http:\/\/klubmamgdynia.pl\/index.php\/wp-json\/wp\/v2\/product\/6480","targetHints":{"allow":["GET"]}}],"collection":[{"href":"http:\/\/klubmamgdynia.pl\/index.php\/wp-json\/wp\/v2\/product"}],"about":[{"href":"http:\/\/klubmamgdynia.pl\/index.php\/wp-json\/wp\/v2\/types\/product"}],"replies":[{"embeddable":true,"href":"http:\/\/klubmamgdynia.pl\/index.php\/wp-json\/wp\/v2\/comments?post=6480"}],"wp:featuredmedia":[{"embeddable":true,"href":"http:\/\/klubmamgdynia.pl\/index.php\/wp-json\/wp\/v2\/media\/6481"}],"wp:attachment":[{"href":"http:\/\/klubmamgdynia.pl\/index.php\/wp-json\/wp\/v2\/media?parent=6480"}],"wp:term":[{"taxonomy":"product_cat","embeddable":true,"href":"http:\/\/klubmamgdynia.pl\/index.php\/wp-json\/wp\/v2\/product_cat?post=6480"},{"taxonomy":"product_tag","embeddable":true,"href":"http:\/\/klubmamgdynia.pl\/index.php\/wp-json\/wp\/v2\/product_tag?post=6480"}],"curies":[{"name":"wp","href":"https:\/\/api.w.org\/{rel}","templated":true}]}}