{"id":6482,"date":"2024-01-16T08:55:54","date_gmt":"2024-01-16T07:55:54","guid":{"rendered":"http:\/\/klubmamgdynia.pl\/?post_type=product&#038;p=6482"},"modified":"2026-04-03T21:33:39","modified_gmt":"2026-04-03T19:33:39","slug":"motherhood-2w1-gniazdo-niemowlece-kojec-junior-kropy-muszt-ardowe","status":"publish","type":"product","link":"http:\/\/klubmamgdynia.pl\/index.php\/produkt\/motherhood-2w1-gniazdo-niemowlece-kojec-junior-kropy-muszt-ardowe\/","title":{"rendered":"Motherhood 2W1: Gniazdo Niemowl\u0119ce + Kojec Junior Kropy Muszt.Ardowe"},"content":{"rendered":"<p>Gniazdo niemowl\u0119ce Motherhood to wielofunkcyjny kokon u\u0142atwiaj\u0105cy dzieciom bezpieczny i wygodny sen. Gniazdo niemowl\u0119ce Motherhood zmniejsza przestrze\u0144 w \u0142\u00f3\u017ceczku u\u0142atwiaj\u0105c noworodkom proces adaptacji w nowej rzeczywisto\u015bci. Zwi\u0119ksza tak\u017ce bezpiecze\u0144stwo snu w \u0142\u00f3\u017cku rodzic\u00f3w, chroni\u0105c male\u0144stwo przed niezamierzon\u0105 zmian\u0105 po\u0142o\u017cenia. Gniazdo niemowl\u0119ce Motherhood, a w\u0142a\u015bciwie jego zewn\u0119trzna poduszka, stanowi tak\u017ce idealne wsparcie podczas zabawy na brzuchu, czyni\u0105c z \u0107wicze\u0144 mi\u0119\u015bni karku i plec\u00f3w przyjemn\u0105 zabaw\u0119. Zewn\u0119trzna poduszka Gniazda niemowl\u0119cego Motherhood jest odpinana. Zatem po kilku pierwszych miesi\u0105cach w funkcji gniazda niemowl\u0119cego, produkt dostaje drugie \u017cycie i zmienia si\u0119 w Kojec Junior: unikaln\u0105 poduszk\u0119 relaksacyjn\u0105 dla starszych dzieci, stanowi\u0105c\u0105 wygodne wsparcie w le\u017ceniu, spaniu i zabawie. Mo\u017cliwo\u015b\u0107 odpi\u0119cia zewn\u0119trznej poduszki ma tak\u017ce sw\u00f3j wymiar praktyczny, szczeg\u00f3lnie gdy pojawia si\u0119 potrzeba wyprania zabrudzonego materacyka. Mo\u017cna go wypra\u0107 samodzielnie, w pralce, bez potrzeby prania ca\u0142ego produktu. Co wi\u0119cej, wype\u0142nienie materacyka mo\u017cna \u0142atwo wyj\u0105\u0107, i wypra\u0107 wy\u0142\u0105cznie jego pokrowiec. Wymiary gniazda: 92\u00d752 cm Wymiary wewn\u0105trz gniazda: 67\u00d732 cm D\u0142ugo\u015b\u0107 Kojca Junior: ok. 220 cm 2w1: Gniazdo niemowl\u0119ce + Kojec Junior jako jedno z nielicznych produkowanych w Polsce, posiada atest Oeko-Tex Standard 100 wydany przez Instytut W\u0142\u00f3kiennictwa pod numerem IW 00141IW. Sk\u0142ad: 100% bawe\u0142na, welur: 80% bawe\u0142na, 20% poliester, wype\u0142nienie poduszki 100% poliester, pianka: 100% poliuretan.<\/p>\n<h2>Motherhood 2W1: Gniazdo Niemowl\u0119ce + Kojec Junior Kropy Muszt.Ardowe Motherhood<\/h2>\n<p>maski do druku kolorowe, iwo imi\u0119, miasto dzieci, karty pracy dla dzieci z ukrainy do druku, prezent pod choink\u0119 dla 7 letniej dziewczynki, kolorowanki do wydrukowania, karaluchy pod poduchy a szczypawki<\/p>\n<p>yyyyy<\/p>\n<p>&nbsp;<\/p>\n","protected":false},"excerpt":{"rendered":"<p>Gniazdo niemowl\u0119ce Motherhood to wielofunkcyjny kokon u\u0142atwiaj\u0105cy dzieciom bezpieczny i wygodny sen. Gniazdo niemowl\u0119ce Motherhood zmniejsza przestrze\u0144 w \u0142\u00f3\u017ceczku u\u0142atwiaj\u0105c noworodkom proces adaptacji w nowej rzeczywisto\u015bci. Zwi\u0119ksza tak\u017ce bezpiecze\u0144stwo snu w \u0142\u00f3\u017cku rodzic\u00f3w, chroni\u0105c male\u0144stwo przed niezamierzon\u0105 zmian\u0105 po\u0142o\u017cenia. Gniazdo niemowl\u0119ce Motherhood, a w\u0142a\u015bciwie jego zewn\u0119trzna poduszka, stanowi tak\u017ce idealne wsparcie podczas zabawy na brzuchu, [&hellip;]<\/p>\n","protected":false},"featured_media":6483,"comment_status":"closed","ping_status":"open","template":"","meta":[],"product_cat":[29,190],"product_tag":[664,870,595],"class_list":["post-6482","product","type-product","status-publish","has-post-thumbnail","hentry","product_cat-gniazda-i-kokony","product_cat-motherhood","product_tag-atrakcje-dla-dzieci-trojmiasto","product_tag-prezent-dla-chlopca-na-roczek","product_tag-zagadki-dla-6-latka"],"_links":{"self":[{"href":"http:\/\/klubmamgdynia.pl\/index.php\/wp-json\/wp\/v2\/product\/6482","targetHints":{"allow":["GET"]}}],"collection":[{"href":"http:\/\/klubmamgdynia.pl\/index.php\/wp-json\/wp\/v2\/product"}],"about":[{"href":"http:\/\/klubmamgdynia.pl\/index.php\/wp-json\/wp\/v2\/types\/product"}],"replies":[{"embeddable":true,"href":"http:\/\/klubmamgdynia.pl\/index.php\/wp-json\/wp\/v2\/comments?post=6482"}],"wp:featuredmedia":[{"embeddable":true,"href":"http:\/\/klubmamgdynia.pl\/index.php\/wp-json\/wp\/v2\/media\/6483"}],"wp:attachment":[{"href":"http:\/\/klubmamgdynia.pl\/index.php\/wp-json\/wp\/v2\/media?parent=6482"}],"wp:term":[{"taxonomy":"product_cat","embeddable":true,"href":"http:\/\/klubmamgdynia.pl\/index.php\/wp-json\/wp\/v2\/product_cat?post=6482"},{"taxonomy":"product_tag","embeddable":true,"href":"http:\/\/klubmamgdynia.pl\/index.php\/wp-json\/wp\/v2\/product_tag?post=6482"}],"curies":[{"name":"wp","href":"https:\/\/api.w.org\/{rel}","templated":true}]}}