{"id":6484,"date":"2023-08-04T09:52:45","date_gmt":"2023-08-04T07:52:45","guid":{"rendered":"http:\/\/klubmamgdynia.pl\/?post_type=product&#038;p=6484"},"modified":"2026-04-29T02:05:01","modified_gmt":"2026-04-29T00:05:01","slug":"inter-vion-little-star-szczotka-do-wlosow-dla-dzieci","status":"publish","type":"product","link":"http:\/\/klubmamgdynia.pl\/index.php\/produkt\/inter-vion-little-star-szczotka-do-wlosow-dla-dzieci\/","title":{"rendered":"Inter Vion Little Star Szczotka Do W\u0142os\u00f3w Dla Dzieci"},"content":{"rendered":"<p>Szczotka do w\u0142os\u00f3w w kszta\u0142cie gwiazdki do codziennej piel\u0119gnacji w\u0142os\u00f3w dziecka. Posiada mi\u0119kkie, elastyczne szpilki, kt\u00f3re doskonale rozczesuj\u0105 zar\u00f3wno mokre, jak i suche w\u0142osy dziecka, jednocze\u015bnie delikatnie masuj\u0105 sk\u00f3r\u0119 g\u0142owy. Dwie d\u0142ugo\u015bci spr\u0119\u017cystych szpilek ze zdwojon\u0105 moc\u0105 rozdzielaj\u0105 kosmyki, nie naruszaj\u0105c struktury w\u0142osa. Praktyczna r\u0105czka szczotki u\u0142atwia trzymanie i zapobiega wy\u015blizgiwaniu si\u0119 z r\u0119ki podczas czesania.Dla dzieci: TakEAN: 5902704986855Gramatura: sztukaKonsystencja: szczotkaLinie elitarne: niePojemno\u015b\u0107: 1P\u0142e\u0107: damskiS\u0142o\u0144ce: nie<\/p>\n<h2>Inter Vion Little Star Szczotka Do W\u0142os\u00f3w Dla Dzieci Inter-Vion<\/h2>\n<p>ma\u0142y ksi\u0105\u017ce cytaty o przyja\u017ani, quiz o psie kt\u00f3ry je\u017adzi\u0142 kolej\u0105, zabawy dla 5-6 latk\u00f3w, kundel bury tekst, bajka o sowie, test dynastia mizio\u0142k\u00f3w, wr\u00f3zby andrzejkowe dla dzieci, zabawy miko\u0142ajkowe dla dzieci, aniela znaczenie imienia, kolorowanki \u015bwi\u0105teczne do druku pdf, cicha noc po angielsku tekst, maska kota, milan znaczenie imienia, quiz flagi<\/p>\n<p>yyyyy<\/p>\n<p>&nbsp;<\/p>\n","protected":false},"excerpt":{"rendered":"<p>Szczotka do w\u0142os\u00f3w w kszta\u0142cie gwiazdki do codziennej piel\u0119gnacji w\u0142os\u00f3w dziecka. Posiada mi\u0119kkie, elastyczne szpilki, kt\u00f3re doskonale rozczesuj\u0105 zar\u00f3wno mokre, jak i suche w\u0142osy dziecka, jednocze\u015bnie delikatnie masuj\u0105 sk\u00f3r\u0119 g\u0142owy. Dwie d\u0142ugo\u015bci spr\u0119\u017cystych szpilek ze zdwojon\u0105 moc\u0105 rozdzielaj\u0105 kosmyki, nie naruszaj\u0105c struktury w\u0142osa. Praktyczna r\u0105czka szczotki u\u0142atwia trzymanie i zapobiega wy\u015blizgiwaniu si\u0119 z r\u0119ki podczas [&hellip;]<\/p>\n","protected":false},"featured_media":6485,"comment_status":"closed","ping_status":"open","template":"","meta":[],"product_cat":[1471,901],"product_tag":[631,751,647],"class_list":["post-6484","product","type-product","status-publish","has-post-thumbnail","hentry","product_cat-inter-vion","product_cat-pozostale-akcesoria-do-pielegnacji-dzieci","product_tag-prezent-na-roczek","product_tag-psi-patrol-kolorowanka","product_tag-warszawa-z-dzieckiem"],"_links":{"self":[{"href":"http:\/\/klubmamgdynia.pl\/index.php\/wp-json\/wp\/v2\/product\/6484","targetHints":{"allow":["GET"]}}],"collection":[{"href":"http:\/\/klubmamgdynia.pl\/index.php\/wp-json\/wp\/v2\/product"}],"about":[{"href":"http:\/\/klubmamgdynia.pl\/index.php\/wp-json\/wp\/v2\/types\/product"}],"replies":[{"embeddable":true,"href":"http:\/\/klubmamgdynia.pl\/index.php\/wp-json\/wp\/v2\/comments?post=6484"}],"wp:featuredmedia":[{"embeddable":true,"href":"http:\/\/klubmamgdynia.pl\/index.php\/wp-json\/wp\/v2\/media\/6485"}],"wp:attachment":[{"href":"http:\/\/klubmamgdynia.pl\/index.php\/wp-json\/wp\/v2\/media?parent=6484"}],"wp:term":[{"taxonomy":"product_cat","embeddable":true,"href":"http:\/\/klubmamgdynia.pl\/index.php\/wp-json\/wp\/v2\/product_cat?post=6484"},{"taxonomy":"product_tag","embeddable":true,"href":"http:\/\/klubmamgdynia.pl\/index.php\/wp-json\/wp\/v2\/product_tag?post=6484"}],"curies":[{"name":"wp","href":"https:\/\/api.w.org\/{rel}","templated":true}]}}