{"id":6486,"date":"2012-12-08T10:47:38","date_gmt":"2012-12-08T09:47:38","guid":{"rendered":"http:\/\/klubmamgdynia.pl\/index.php\/produkt\/bajo-gra-memory-zagrozone-zwierzet\/"},"modified":"2026-04-06T02:31:27","modified_gmt":"2026-04-06T00:31:27","slug":"bajo-gra-memory-zagrozone-zwierzet","status":"publish","type":"product","link":"http:\/\/klubmamgdynia.pl\/index.php\/produkt\/bajo-gra-memory-zagrozone-zwierzet\/","title":{"rendered":"Bajo gra memory zagro\u017cone zwierz\u0119t"},"content":{"rendered":"<p>Gra memory polega na odwr\u00f3ceniu wszystkich obrazk\u00f3w i szukanie par.Jeden z graczy odwraca dwa dowolne kafelki &#8211; je\u015bli tworz\u0105 one par\u0119 to odk\u0142adamy do swojej puli, a gr\u0119 kontynuuje kolejny gracz.Gra ko\u0144czy si\u0119 kiedy zostan\u0105 odnalezione wszystkie pary. Wygrywa ta osoba, kt\u00f3ra ma w swojej puli najwi\u0119cej par.Klasyczna gra pami\u0119ciowa &#8211; z solidnymi drewnianymi kafelkami z pi\u0119knymi ilustracjami pasuj\u0105cymi do par &#8211; kt\u00f3ra promuje pami\u0119\u0107, koncentracj\u0119 oraz umiej\u0119tno\u015bci j\u0119zykowe i spo\u0142eczne, gdy s\u0105 rozgrywane razem.Pomaga tak\u017ce zwi\u0119kszy\u0107 \u015bwiadomo\u015b\u0107 i rozpocz\u0105\u0107 rozmow\u0119 na temat zagro\u017conych gatunk\u00f3w na ca\u0142ym \u015bwiecie. Kafelki pokazuj\u0105 \u0142aci\u0144skie nazwy zwierz\u0105t, ale na odwrocie pokrywy znajduje si\u0119 mapa zwierz\u0105t.Wyprodukowano w Polsce.Zestaw zawiera 26 sztuk (13 par),Wymiary : 5 x 5 x 1 cmWiek: od 18 miesi\u0119cy472\/5000Klasyczna gra pami\u0119ciowa &#8211; z solidnymi drewnianymi kafelkami z pi\u0119knymi ilustracjami pasuj\u0105cymi do par &#8211; kt\u00f3ra promuje pami\u0119\u0107, koncentracj\u0119 oraz umiej\u0119tno\u015bci j\u0119zykowe i spo\u0142eczne, gdy s\u0105 rozgrywane razem.Pomaga tak\u017ce zwi\u0119kszy\u0107 \u015bwiadomo\u015b\u0107 i rozpocz\u0105\u0107 rozmow\u0119 na temat zagro\u017conych gatunk\u00f3w na ca\u0142ym \u015bwiecie.Kafelki pokazuj\u0105 \u0142aci\u0144skie nazwy zwierz\u0105t, ale na odwrocie pokrywy znajduje si\u0119 mapa zwierz\u0105t, dzi\u0119ki czemu dzieci mog\u0105 wprowadza\u0107 nazwy zwyczajowe r\u00f3wnie\u017c w swoim w\u0142asnym j\u0119zyku.<\/p>\n<h2>Bajo gra memory zagro\u017cone zwierz\u0119t Bajo<\/h2>\n<p>prezent dla dziewczynki na roczek, kotki kolorowanka, test lew czarownica i stara szafa, cytaty o dziecku, lego ninjago kolorowanka<\/p>\n<p>yyyyy<\/p>\n<p>&nbsp;<\/p>\n","protected":false},"excerpt":{"rendered":"<p>Gra memory polega na odwr\u00f3ceniu wszystkich obrazk\u00f3w i szukanie par.Jeden z graczy odwraca dwa dowolne kafelki &#8211; je\u015bli tworz\u0105 one par\u0119 to odk\u0142adamy do swojej puli, a gr\u0119 kontynuuje kolejny gracz.Gra ko\u0144czy si\u0119 kiedy zostan\u0105 odnalezione wszystkie pary. Wygrywa ta osoba, kt\u00f3ra ma w swojej puli najwi\u0119cej par.Klasyczna gra pami\u0119ciowa &#8211; z solidnymi drewnianymi kafelkami [&hellip;]<\/p>\n","protected":false},"featured_media":6487,"comment_status":"closed","ping_status":"open","template":"","meta":[],"product_cat":[1472,90],"product_tag":[630,695,628],"class_list":["post-6486","product","type-product","status-publish","has-post-thumbnail","hentry","product_cat-bajo","product_cat-puzzle","product_tag-podchwytliwe-zagadki-z-odpowiedziami","product_tag-rzadkie-imiona-zenskie","product_tag-zagadka"],"_links":{"self":[{"href":"http:\/\/klubmamgdynia.pl\/index.php\/wp-json\/wp\/v2\/product\/6486","targetHints":{"allow":["GET"]}}],"collection":[{"href":"http:\/\/klubmamgdynia.pl\/index.php\/wp-json\/wp\/v2\/product"}],"about":[{"href":"http:\/\/klubmamgdynia.pl\/index.php\/wp-json\/wp\/v2\/types\/product"}],"replies":[{"embeddable":true,"href":"http:\/\/klubmamgdynia.pl\/index.php\/wp-json\/wp\/v2\/comments?post=6486"}],"wp:featuredmedia":[{"embeddable":true,"href":"http:\/\/klubmamgdynia.pl\/index.php\/wp-json\/wp\/v2\/media\/6487"}],"wp:attachment":[{"href":"http:\/\/klubmamgdynia.pl\/index.php\/wp-json\/wp\/v2\/media?parent=6486"}],"wp:term":[{"taxonomy":"product_cat","embeddable":true,"href":"http:\/\/klubmamgdynia.pl\/index.php\/wp-json\/wp\/v2\/product_cat?post=6486"},{"taxonomy":"product_tag","embeddable":true,"href":"http:\/\/klubmamgdynia.pl\/index.php\/wp-json\/wp\/v2\/product_tag?post=6486"}],"curies":[{"name":"wp","href":"https:\/\/api.w.org\/{rel}","templated":true}]}}