{"id":6488,"date":"2014-10-06T11:52:35","date_gmt":"2014-10-06T09:52:35","guid":{"rendered":"http:\/\/klubmamgdynia.pl\/index.php\/produkt\/ubbi-kubek-do-mycia-glowy\/"},"modified":"2026-04-27T01:55:06","modified_gmt":"2026-04-26T23:55:06","slug":"ubbi-kubek-do-mycia-glowy","status":"publish","type":"product","link":"http:\/\/klubmamgdynia.pl\/index.php\/produkt\/ubbi-kubek-do-mycia-glowy\/","title":{"rendered":"Ubbi Kubek Do Mycia G\u0142owy"},"content":{"rendered":"<p>Ubbi Kubek do Mycia G\u0142owy Numer kat. U10511Kubek do mycia g\u0142owy u\u0142atwia rodzicom sp\u0142ukiwanie p\u0142ynu do k\u0105pieli oraz szamponu z cia\u0142a i w\u0142osk\u00f3w dziecka. Innowacyjny kszta\u0142t z elastyczn\u0105, gumow\u0105 os\u0142onk\u0105 utrzymuje wod\u0119 z dala od oczu i twarzy dziecka. Por\u0119czny kszta\u0142t z wygodnym uchwytem u\u0142atwia nalewanie u utrzymanie pe\u0142nego kubka. Chcesz wysuszy\u0107 kubek do mycia g\u0142owy? Mo\u017cesz wykorzysta\u0107 do tego organizer k\u0105pielowy, wystarczy powiesi\u0107 uchwyt kubka do mycia g\u0142owy na bocznej \u015bciance organizera i gotowe!Kubek do mycia g\u0142owy Ubbi \u0142atwo utrzymamy w czysto\u015bci. Wystarczy umie\u015bci\u0107 go w zmywarce. To niezwykle wygodne i praktyczne rozwi\u0105zanie.Cechy:- pomaga utrzyma\u0107 wod\u0119 i myd\u0142o z dala od oczu i twarzy- elastyczna, gumowa os\u0142onka chroni twarz dziecka przed zalaniem wod\u0105,- du\u017ca pojemno\u015b\u0107,- por\u0119czny uchwyt do przenoszenia,- sympatyczny, prosty design,- nie zawiera PVC, BPA i ftalan\u00f3w,- mo\u017cna my\u0107 w zmywarceWymiary opakowania:- szeroko\u015b\u0107 13,3 cm- wysoko\u015b\u0107 8,25 cm- g\u0142\u0119boko\u015b\u0107 8,25 cmAmeryka\u0144ska marka Ubbi w 2011 r. stworzy\u0142a pierwszy stalowy kosz na pieluchy. W procesie utylizacji dzieci\u0119cych nieczysto\u015bci by\u0142 on rozwi\u0105zaniem prze\u0142omowym, kt\u00f3re sprawi\u0142o, \u017ce firma sta\u0142a si\u0119 rozpoznawalna na ca\u0142ym \u015bwiecie. Obecnie rozszerza ona swoje portfolio o produkty do karmienia i k\u0105pieli niemowl\u0105t oraz akcesoria przydatne rodzicom w podr\u00f3\u017cy. Wszystkie produkty Ubbi projektowane s\u0105 w unikalny spos\u00f3b z my\u015bl\u0105 o wsp\u00f3\u0142czesnych rodzicach poszukuj\u0105cych innowacyjnych, stylowych i funkcjonalnych artyku\u0142\u00f3w dzieci\u0119cych.<\/p>\n<h2>Ubbi Kubek Do Mycia G\u0142owy Ubbi<\/h2>\n<p>prezenty dla 7 latki, \u015bmieszne zagadki dla dzieci, sa\u0142atki dla dzieci, dorian, co na prezent dla nastolatk\u00f3w, nauka j\u0119zyka polskiego dla dzieci z ukrainy materia\u0142y, warszawa atrakcje dla m\u0142odzie\u017cy<\/p>\n<p>yyyyy<\/p>\n<p>&nbsp;<\/p>\n","protected":false},"excerpt":{"rendered":"<p>Ubbi Kubek do Mycia G\u0142owy Numer kat. U10511Kubek do mycia g\u0142owy u\u0142atwia rodzicom sp\u0142ukiwanie p\u0142ynu do k\u0105pieli oraz szamponu z cia\u0142a i w\u0142osk\u00f3w dziecka. Innowacyjny kszta\u0142t z elastyczn\u0105, gumow\u0105 os\u0142onk\u0105 utrzymuje wod\u0119 z dala od oczu i twarzy dziecka. Por\u0119czny kszta\u0142t z wygodnym uchwytem u\u0142atwia nalewanie u utrzymanie pe\u0142nego kubka. Chcesz wysuszy\u0107 kubek do mycia [&hellip;]<\/p>\n","protected":false},"featured_media":6489,"comment_status":"closed","ping_status":"open","template":"","meta":[],"product_cat":[901,1473],"product_tag":[722,619,804,872],"class_list":["post-6488","product","type-product","status-publish","has-post-thumbnail","hentry","product_cat-pozostale-akcesoria-do-pielegnacji-dzieci","product_cat-ubbi","product_tag-cytaty-o-przyjazni","product_tag-iwo-imie","product_tag-ryz-z-owocami","product_tag-zagadki-dla-dzieci-6-lat"],"_links":{"self":[{"href":"http:\/\/klubmamgdynia.pl\/index.php\/wp-json\/wp\/v2\/product\/6488","targetHints":{"allow":["GET"]}}],"collection":[{"href":"http:\/\/klubmamgdynia.pl\/index.php\/wp-json\/wp\/v2\/product"}],"about":[{"href":"http:\/\/klubmamgdynia.pl\/index.php\/wp-json\/wp\/v2\/types\/product"}],"replies":[{"embeddable":true,"href":"http:\/\/klubmamgdynia.pl\/index.php\/wp-json\/wp\/v2\/comments?post=6488"}],"wp:featuredmedia":[{"embeddable":true,"href":"http:\/\/klubmamgdynia.pl\/index.php\/wp-json\/wp\/v2\/media\/6489"}],"wp:attachment":[{"href":"http:\/\/klubmamgdynia.pl\/index.php\/wp-json\/wp\/v2\/media?parent=6488"}],"wp:term":[{"taxonomy":"product_cat","embeddable":true,"href":"http:\/\/klubmamgdynia.pl\/index.php\/wp-json\/wp\/v2\/product_cat?post=6488"},{"taxonomy":"product_tag","embeddable":true,"href":"http:\/\/klubmamgdynia.pl\/index.php\/wp-json\/wp\/v2\/product_tag?post=6488"}],"curies":[{"name":"wp","href":"https:\/\/api.w.org\/{rel}","templated":true}]}}