{"id":6490,"date":"2022-05-27T12:50:03","date_gmt":"2022-05-27T10:50:03","guid":{"rendered":"http:\/\/klubmamgdynia.pl\/index.php\/produkt\/simba-peppa-pig-george-31-cm-109261003\/"},"modified":"2026-04-22T16:25:07","modified_gmt":"2026-04-22T14:25:07","slug":"simba-peppa-pig-george-31-cm-109261003","status":"publish","type":"product","link":"http:\/\/klubmamgdynia.pl\/index.php\/produkt\/simba-peppa-pig-george-31-cm-109261003\/","title":{"rendered":"Simba Peppa Pig George 31 cm 109261003"},"content":{"rendered":"<p>SUPER CENA &#8211; TANIA DOSTAWA ! &#8211; Simba Peppa Pig George 31 cm &#8211; 109261003 &#8211; PACZKOMAT, POCZTA, KURIER<\/p>\n<h2>Simba Peppa Pig George 31 cm 109261003 Simba<\/h2>\n<p>bajki do czytania dla dzieci, bajki do czytania, akademia pana kleksa &#8211; test z odpowiedziami do druku, \u017c\u0105rty na prima aprilis, quizy \u015bwi\u0105teczne bo\u017ce narodzenie, zosia samosia wiersz<\/p>\n<p>yyyyy<\/p>\n<p>&nbsp;<\/p>\n","protected":false},"excerpt":{"rendered":"<p>SUPER CENA &#8211; TANIA DOSTAWA ! &#8211; Simba Peppa Pig George 31 cm &#8211; 109261003 &#8211; PACZKOMAT, POCZTA, KURIER Simba Peppa Pig George 31 cm 109261003 Simba bajki do czytania dla dzieci, bajki do czytania, akademia pana kleksa &#8211; test z odpowiedziami do druku, \u017c\u0105rty na prima aprilis, quizy \u015bwi\u0105teczne bo\u017ce narodzenie, zosia samosia wiersz [&hellip;]<\/p>\n","protected":false},"featured_media":6491,"comment_status":"closed","ping_status":"open","template":"","meta":[],"product_cat":[42,279],"product_tag":[784,856,870,711,805],"class_list":["post-6490","product","type-product","status-publish","has-post-thumbnail","hentry","product_cat-maskotki","product_cat-simba","product_tag-hymn-gorniczy","product_tag-prezent-dla-16-latki","product_tag-prezent-dla-chlopca-na-roczek","product_tag-prezenty-dla-nastolatkow","product_tag-znaczenie-imienia-alan"],"_links":{"self":[{"href":"http:\/\/klubmamgdynia.pl\/index.php\/wp-json\/wp\/v2\/product\/6490","targetHints":{"allow":["GET"]}}],"collection":[{"href":"http:\/\/klubmamgdynia.pl\/index.php\/wp-json\/wp\/v2\/product"}],"about":[{"href":"http:\/\/klubmamgdynia.pl\/index.php\/wp-json\/wp\/v2\/types\/product"}],"replies":[{"embeddable":true,"href":"http:\/\/klubmamgdynia.pl\/index.php\/wp-json\/wp\/v2\/comments?post=6490"}],"wp:featuredmedia":[{"embeddable":true,"href":"http:\/\/klubmamgdynia.pl\/index.php\/wp-json\/wp\/v2\/media\/6491"}],"wp:attachment":[{"href":"http:\/\/klubmamgdynia.pl\/index.php\/wp-json\/wp\/v2\/media?parent=6490"}],"wp:term":[{"taxonomy":"product_cat","embeddable":true,"href":"http:\/\/klubmamgdynia.pl\/index.php\/wp-json\/wp\/v2\/product_cat?post=6490"},{"taxonomy":"product_tag","embeddable":true,"href":"http:\/\/klubmamgdynia.pl\/index.php\/wp-json\/wp\/v2\/product_tag?post=6490"}],"curies":[{"name":"wp","href":"https:\/\/api.w.org\/{rel}","templated":true}]}}