{"id":6492,"date":"2022-08-17T17:21:15","date_gmt":"2022-08-17T15:21:15","guid":{"rendered":"http:\/\/klubmamgdynia.pl\/index.php\/produkt\/flossrock-kosmos-puzzle-80el\/"},"modified":"2026-05-17T22:43:24","modified_gmt":"2026-05-17T20:43:24","slug":"flossrock-kosmos-puzzle-80el","status":"publish","type":"product","link":"http:\/\/klubmamgdynia.pl\/index.php\/produkt\/flossrock-kosmos-puzzle-80el\/","title":{"rendered":"Floss&amp;Rock Kosmos Puzzle 80El."},"content":{"rendered":"<p>CECHYWyj\u0105tkowy neseser wielokrotnego u\u017cytku Rozwija wyobra\u017ani\u0119 przestrzenn\u0105 Rozbudza ciekawo\u015b\u0107 poznawcz\u0105 Pozwala si\u0119 skupi\u0107 i wyciszy\u0107 \u0106wiczy sprawno\u015b\u0107 manualn\u0105 Satysfakcja z samodzielnie wykonanego zadania Pomaga w obserwowaniu dziecka Zalecany wiek: 3+WYMIARYRozmiar puzzli: 55 x 35 cmWymiar pude\u0142ka: 25 x 34.5 x 4 cm<\/p>\n<h2>Floss&amp;Rock Kosmos Puzzle 80El. <\/h2>\n<p>postacie z bajek, kolorowanka lol, bajki do czytania, izabella imi\u0119, pokemon kolorowanki do druku, quizy geograficzne, znaczenie imienia milosz, quiz z bajek, piosenki na dobranoc tekst, prima aprilis zarty, sk\u0142adniki do pizzy kolorowanka, test spos\u00f3b na alcybiadesa, auto kolorowanka<\/p>\n<p>yyyyy<\/p>\n<p>&nbsp;<\/p>\n","protected":false},"excerpt":{"rendered":"<p>CECHYWyj\u0105tkowy neseser wielokrotnego u\u017cytku Rozwija wyobra\u017ani\u0119 przestrzenn\u0105 Rozbudza ciekawo\u015b\u0107 poznawcz\u0105 Pozwala si\u0119 skupi\u0107 i wyciszy\u0107 \u0106wiczy sprawno\u015b\u0107 manualn\u0105 Satysfakcja z samodzielnie wykonanego zadania Pomaga w obserwowaniu dziecka Zalecany wiek: 3+WYMIARYRozmiar puzzli: 55 x 35 cmWymiar pude\u0142ka: 25 x 34.5 x 4 cm Floss&amp;Rock Kosmos Puzzle 80El. postacie z bajek, kolorowanka lol, bajki do czytania, izabella [&hellip;]<\/p>\n","protected":false},"featured_media":6493,"comment_status":"closed","ping_status":"open","template":"","meta":[],"product_cat":[90],"product_tag":[689,582,718,616,710,872],"class_list":["post-6492","product","type-product","status-publish","has-post-thumbnail","hentry","product_cat-puzzle","product_tag-linda","product_tag-nauka-pisania-literek-do-wydruku-pdf","product_tag-prezent-na-roczek-dla-chrzesniaka","product_tag-test-mikolajek-25-pytan","product_tag-zagadki-dla-dzieci-10-12-lat","product_tag-zagadki-dla-dzieci-6-lat"],"_links":{"self":[{"href":"http:\/\/klubmamgdynia.pl\/index.php\/wp-json\/wp\/v2\/product\/6492","targetHints":{"allow":["GET"]}}],"collection":[{"href":"http:\/\/klubmamgdynia.pl\/index.php\/wp-json\/wp\/v2\/product"}],"about":[{"href":"http:\/\/klubmamgdynia.pl\/index.php\/wp-json\/wp\/v2\/types\/product"}],"replies":[{"embeddable":true,"href":"http:\/\/klubmamgdynia.pl\/index.php\/wp-json\/wp\/v2\/comments?post=6492"}],"wp:featuredmedia":[{"embeddable":true,"href":"http:\/\/klubmamgdynia.pl\/index.php\/wp-json\/wp\/v2\/media\/6493"}],"wp:attachment":[{"href":"http:\/\/klubmamgdynia.pl\/index.php\/wp-json\/wp\/v2\/media?parent=6492"}],"wp:term":[{"taxonomy":"product_cat","embeddable":true,"href":"http:\/\/klubmamgdynia.pl\/index.php\/wp-json\/wp\/v2\/product_cat?post=6492"},{"taxonomy":"product_tag","embeddable":true,"href":"http:\/\/klubmamgdynia.pl\/index.php\/wp-json\/wp\/v2\/product_tag?post=6492"}],"curies":[{"name":"wp","href":"https:\/\/api.w.org\/{rel}","templated":true}]}}