{"id":6496,"date":"2011-01-18T04:50:29","date_gmt":"2011-01-18T03:50:29","guid":{"rendered":"http:\/\/klubmamgdynia.pl\/index.php\/produkt\/gogen-walkie-talkie-maxivysilacky\/"},"modified":"2026-04-30T18:02:02","modified_gmt":"2026-04-30T16:02:02","slug":"gogen-walkie-talkie-maxivysilacky","status":"publish","type":"product","link":"http:\/\/klubmamgdynia.pl\/index.php\/produkt\/gogen-walkie-talkie-maxivysilacky\/","title":{"rendered":"Gogen Walkie-Talkie Maxivysilacky"},"content":{"rendered":"<p>Do przyrody i do komunikacji z rodzicami lub z kolegamiDla wszystkich dzieci przygotowa\u0142 Maxipes F\u00edk wy\u015bmienity zestaw 2 kr\u00f3tkofal\u00f3wek. Na pewno b\u0119d\u0105 wy\u015bmienitym przewodnikiem wszystkich dzieci, kt\u00f3re chc\u0105 by\u0107 w kontakcie ze swoim koleg\u0105, kole\u017cank\u0105 lub swoimi rodzicami. A dla rodzic\u00f3w mog\u0105 by\u0107 \u0142atwym pomocnikiem, jak mie\u0107 swoje dziecko &#8222;pod nadzorem&#8221; i cho\u0107 nie jest aktualnie w ich pobli\u017cu. W wolnym terenie kr\u00f3tkofal\u00f3wki potrafi\u0105 komunikowa\u0107 a\u017c na odleg\u0142o\u015b\u0107 4 km, w zabudowie mo\u017ce si\u0119 maks. odleg\u0142o\u015b\u0107 r\u00f3\u017cni\u0107.Przy u\u017cyciu jednej kr\u00f3tkofal\u00f3wki wewn\u0105trz budynku a drugiej w wolnym terenie s\u0105 sprawdzone a\u017c na odleg\u0142o\u015b\u0107 3,5 km!Bawi\u0105ce si\u0119 dzieci zdecydowanie ucieszy mo\u017cliwo\u015b\u0107 wyboru mi\u0119dzy 8 kana\u0142ami komunikacyjnymi i \u0142atw\u0105 obs\u0142ug\u0105 kr\u00f3tkofal\u00f3wek przy ich u\u017cywaniu.&#8221;Odbi\u00f3r&#8221; i funkcje gdzie tylko popatrzyszKr\u00f3tkofal\u00f3wki posiadaj\u0105 funkcje najbardziej zaawansowanych kr\u00f3tkofal\u00f3wek. Funkcja wyszukiwania (&#8222;skanowania&#8221;) kana\u0142\u00f3w umo\u017cliwia wyszuka\u0107 wszystkie stacje radiowe na wszystkich kana\u0142ach bez konieczno\u015bci r\u0119cznego prze\u0142\u0105czania pomi\u0119dzy kana\u0142ami. Z funkcj\u0105 zamykania przycisk\u00f3w i &#8222;oszcz\u0119dzania baterii&#8221; mo\u017cna u\u017cywanie kr\u00f3tkofal\u00f3wek bardzo u\u0142atwi\u0107 i maksymalizowa\u0107 czas ci\u0105g\u0142ego u\u017cywania. Dzi\u0119ki zasilaniu kr\u00f3tkofal\u00f3wek za pomoc\u0105 baterii mikro paluszk\u00f3w mo\u017cna kr\u00f3tkofal\u00f3wki u\u017cywa\u0107 do komunikacji i 2 koleg\u00f3w mieszkaj\u0105cych blisko siebie, kr\u00f3tkofal\u00f3wki nie s\u0105 potem zale\u017cne do specjalnej \u0142adowarki lub stacji do \u0142adowania.Do wygodnego u\u017cywania kr\u00f3tkofal\u00f3wki posiadaj\u0105 mo\u017cliwo\u015b\u0107 ustawienia g\u0142o\u015bno\u015bci, wska\u017anik wy\u0142adowania baterii a tak\u017ce praktyczny klips do pasku w celu bezpiecznego przymocowania kr\u00f3tkofal\u00f3wki do odzie\u017cy, plecaka itd.Pomara\u0144czowe pod\u015bwietlenie wy\u015bwietlacza umo\u017cliwia nieograniczone u\u017cywanie kr\u00f3tkofal\u00f3wek o jakiejkolwiek porze dnia, i w zupe\u0142nej ciemno\u015bci.<\/p>\n<h2>Gogen Walkie-Talkie Maxivysilacky GoGEN<\/h2>\n<p>m\u00f3j przyjaciel mi\u015b scenariusz zaj\u0119\u0107 w przedszkolu, kolorowanka prezent, prezent na urodziny dla nastolatk\u00f3w, ekskluzywny prezent na roczek, kinderbal przepisy, prezent dla 16 latki, mateusz imi\u0119, kwiecien plecien, podchwytliwe zagadki matematyczne, zagadki o bo\u017cym narodzeniu, ma\u0142o nas do pieczenia chleba, felix net i nika oraz gang niewidzialnych ludzi quiz, wakacje kolorowanka, kolorowanka super zings, ci\u0119\u017ckie zagadki, miko\u0142ajek sprawdzian z lektury z odpowiedziami, dzieci.pl, misie z bajek, urodziny dziecka pomys\u0142y, prezent roczek, dzieci.pl<\/p>\n<p>yyyyy<\/p>\n<p>&nbsp;<\/p>\n","protected":false},"excerpt":{"rendered":"<p>Do przyrody i do komunikacji z rodzicami lub z kolegamiDla wszystkich dzieci przygotowa\u0142 Maxipes F\u00edk wy\u015bmienity zestaw 2 kr\u00f3tkofal\u00f3wek. Na pewno b\u0119d\u0105 wy\u015bmienitym przewodnikiem wszystkich dzieci, kt\u00f3re chc\u0105 by\u0107 w kontakcie ze swoim koleg\u0105, kole\u017cank\u0105 lub swoimi rodzicami. A dla rodzic\u00f3w mog\u0105 by\u0107 \u0142atwym pomocnikiem, jak mie\u0107 swoje dziecko &#8222;pod nadzorem&#8221; i cho\u0107 nie jest [&hellip;]<\/p>\n","protected":false},"featured_media":6497,"comment_status":"closed","ping_status":"open","template":"","meta":[],"product_cat":[1475,295],"product_tag":[598,810,665,679,628],"class_list":["post-6496","product","type-product","status-publish","has-post-thumbnail","hentry","product_cat-gogen","product_cat-pozostale-zabawki","product_tag-co-na-roczek-dla-dziewczynki","product_tag-nauka-zegara-do-druku","product_tag-proste-zagadki","product_tag-zabawki-na-roczek-dla-dziewczynki","product_tag-zagadka"],"_links":{"self":[{"href":"http:\/\/klubmamgdynia.pl\/index.php\/wp-json\/wp\/v2\/product\/6496","targetHints":{"allow":["GET"]}}],"collection":[{"href":"http:\/\/klubmamgdynia.pl\/index.php\/wp-json\/wp\/v2\/product"}],"about":[{"href":"http:\/\/klubmamgdynia.pl\/index.php\/wp-json\/wp\/v2\/types\/product"}],"replies":[{"embeddable":true,"href":"http:\/\/klubmamgdynia.pl\/index.php\/wp-json\/wp\/v2\/comments?post=6496"}],"wp:featuredmedia":[{"embeddable":true,"href":"http:\/\/klubmamgdynia.pl\/index.php\/wp-json\/wp\/v2\/media\/6497"}],"wp:attachment":[{"href":"http:\/\/klubmamgdynia.pl\/index.php\/wp-json\/wp\/v2\/media?parent=6496"}],"wp:term":[{"taxonomy":"product_cat","embeddable":true,"href":"http:\/\/klubmamgdynia.pl\/index.php\/wp-json\/wp\/v2\/product_cat?post=6496"},{"taxonomy":"product_tag","embeddable":true,"href":"http:\/\/klubmamgdynia.pl\/index.php\/wp-json\/wp\/v2\/product_tag?post=6496"}],"curies":[{"name":"wp","href":"https:\/\/api.w.org\/{rel}","templated":true}]}}