{"id":6498,"date":"2013-10-12T16:12:51","date_gmt":"2013-10-12T14:12:51","guid":{"rendered":"http:\/\/klubmamgdynia.pl\/index.php\/produkt\/tm-toys-materac-dmuchany-precel-216\/"},"modified":"2026-05-17T20:56:38","modified_gmt":"2026-05-17T18:56:38","slug":"tm-toys-materac-dmuchany-precel-216","status":"publish","type":"product","link":"http:\/\/klubmamgdynia.pl\/index.php\/produkt\/tm-toys-materac-dmuchany-precel-216\/","title":{"rendered":"Tm Toys Materac Dmuchany Precel (216)"},"content":{"rendered":"<p>Tm Toys Materac dmuchany &#8211; precel to rewelacyjna zabawka do k\u0105pieli. Materac o niestandardowym kszta\u0142cie gwarantuje rado\u015b\u0107 podczas wodnych igraszek. Dmuchany rekwizyt ma\u0142ego p\u0142ywaka urozmaici czas sp\u0119dzony nad wod\u0105. Zalet\u0105 wodnej zabawki jest szybkie wype\u0142nienie wn\u0119trza powietrzem oraz ekspresowe przygotowanie produktu do zabawy. Wakacyjny pobyt nad wod\u0105 b\u0119dzie \u015bwietn\u0105 rozrywk\u0105 dla dzieci, je\u015bli b\u0119d\u0105 one korzysta\u0142y z ciekawych zabawek dmuchanych.Materac do p\u0142ywania to obowi\u0105zkowy przedmiot p\u0142ywacki podczas pobytu na basenie lub na nadmorskiej pla\u017cy. Dzieci kochaj\u0105 letni czas wodnych szale\u0144stw. Nadmuchiwany precel urozmaici dziecku k\u0105piele. Sta\u0142e zanurzenie w wodzie ochroni przed intensywnym nagrzaniem organizmu. Dzieci uwielbiaj\u0105 zabiera\u0107 nadmuchiwane akcesoria na wakacyjne wyjazdy, kt\u00f3re gwarantuj\u0105 mn\u00f3stwo pozytywnych emocji. Zwyk\u0142y materac dla dzieci to nuda, natomiast precel nada zabawie nowego wymiaru.Zalety:\u2022 Rodzice szybko i \u0142atwo nape\u0142ni\u0105 powietrzem materac;\u2022 Precel umo\u017cliwia sta\u0142e zanurzenie w wodzie, co chroni przed przegrzaniem;\u2022 Ciekawy kszta\u0142t zabawki dmuchanej pobudza dzieci\u0119c\u0105 wyobra\u017ani\u0119;\u2022 Doskona\u0142a jako\u015b\u0107 i trwa\u0142o\u015b\u0107 produktu Tm Toys.W zestawie:\u2022 Materac dmuchany \u2013 gigantyczny precel marki Tm Toys. Cechy:\u2022 Wiek dziecka: od 9 lat;\u2022 Maksymalne obci\u0105\u017cenie: do 80 kg;\u2022 Wymiary: 132 x 110 cm.<\/p>\n<h2>Tm Toys Materac Dmuchany Precel (216) TM Toys<\/h2>\n<p>kolorowanki do pobrania, traktor z przyczep\u0105 kolorowanka, atrakcje do 30 km od wroc\u0142awia, wystawy dla dzieci warszawa, zak\u0142adka do ksi\u0105\u017cki szablon do druku, \u015bmigus dyngus lany poniedzia\u0142ek zyczenia, opowiadanie o jesieni dla dzieci, pytania o \u015bwi\u0119ta dla dzieci, szlaczki literopodobne do wydruku, aurora imi\u0119, opowie\u015b\u0107 wigilijna test z odpowiedziami, atrakcje dla dzieci wroc\u0142aw 2021, atrakcje dla dzieci wroclaw<\/p>\n<p>yyyyy<\/p>\n<p>&nbsp;<\/p>\n","protected":false},"excerpt":{"rendered":"<p>Tm Toys Materac dmuchany &#8211; precel to rewelacyjna zabawka do k\u0105pieli. Materac o niestandardowym kszta\u0142cie gwarantuje rado\u015b\u0107 podczas wodnych igraszek. Dmuchany rekwizyt ma\u0142ego p\u0142ywaka urozmaici czas sp\u0119dzony nad wod\u0105. Zalet\u0105 wodnej zabawki jest szybkie wype\u0142nienie wn\u0119trza powietrzem oraz ekspresowe przygotowanie produktu do zabawy. Wakacyjny pobyt nad wod\u0105 b\u0119dzie \u015bwietn\u0105 rozrywk\u0105 dla dzieci, je\u015bli b\u0119d\u0105 one [&hellip;]<\/p>\n","protected":false},"featured_media":6499,"comment_status":"closed","ping_status":"open","template":"","meta":[],"product_cat":[1102,145],"product_tag":[813,659,633],"class_list":["post-6498","product","type-product","status-publish","has-post-thumbnail","hentry","product_cat-sprzet-plazowy","product_cat-tm-toys","product_tag-krotkie-zagadki-matematyczne-z-odpowiedziami","product_tag-tupu-tup-po-sniegu-tekst","product_tag-zagadki-z-odpowiedziami"],"_links":{"self":[{"href":"http:\/\/klubmamgdynia.pl\/index.php\/wp-json\/wp\/v2\/product\/6498","targetHints":{"allow":["GET"]}}],"collection":[{"href":"http:\/\/klubmamgdynia.pl\/index.php\/wp-json\/wp\/v2\/product"}],"about":[{"href":"http:\/\/klubmamgdynia.pl\/index.php\/wp-json\/wp\/v2\/types\/product"}],"replies":[{"embeddable":true,"href":"http:\/\/klubmamgdynia.pl\/index.php\/wp-json\/wp\/v2\/comments?post=6498"}],"wp:featuredmedia":[{"embeddable":true,"href":"http:\/\/klubmamgdynia.pl\/index.php\/wp-json\/wp\/v2\/media\/6499"}],"wp:attachment":[{"href":"http:\/\/klubmamgdynia.pl\/index.php\/wp-json\/wp\/v2\/media?parent=6498"}],"wp:term":[{"taxonomy":"product_cat","embeddable":true,"href":"http:\/\/klubmamgdynia.pl\/index.php\/wp-json\/wp\/v2\/product_cat?post=6498"},{"taxonomy":"product_tag","embeddable":true,"href":"http:\/\/klubmamgdynia.pl\/index.php\/wp-json\/wp\/v2\/product_tag?post=6498"}],"curies":[{"name":"wp","href":"https:\/\/api.w.org\/{rel}","templated":true}]}}