{"id":6502,"date":"2023-02-08T05:17:24","date_gmt":"2023-02-08T04:17:24","guid":{"rendered":"http:\/\/klubmamgdynia.pl\/?post_type=product&#038;p=6502"},"modified":"2026-04-29T09:26:58","modified_gmt":"2026-04-29T07:26:58","slug":"mga-wreck-royale-eksplodujace-autko-da-bomb-565741","status":"publish","type":"product","link":"http:\/\/klubmamgdynia.pl\/index.php\/produkt\/mga-wreck-royale-eksplodujace-autko-da-bomb-565741\/","title":{"rendered":"MGA Wreck Royale Eksploduj\u0105ce Autko Da Bomb 565741"},"content":{"rendered":"<p>Pojazd Eksploduj\u0105ce autko, Da Bomb Wreck Royale                            <\/p>\n<p>Wreck Royale to gratka dla ka\u017cdego ma\u0142ego fana motoryzacji!<\/p>\n<p>Samochody Wreck Royale pod wp\u0142ywem zderzenia lub przewr\u00f3cenia si\u0119 eksploduj\u0105 na r\u00f3\u017cne kierunki.<\/p>\n<p>Po zabawie z\u0142\u00f3\u017c samochodzik z powrotem i dalej ciesz si\u0119 zabaw\u0105.<\/p>\n<p>Elementy samochod\u00f3w mo\u017cna dowolnie miesza\u0107 i \u0142\u0105czy\u0107 by uzyska\u0107 zupe\u0142nie nowy wygl\u0105d pojazd\u00f3w.<\/p>\n<p>Baw si\u0119 z przyjaci\u00f3\u0142mi i urz\u0105dzajcie sobie szalone wy\u015bcigi.                            <\/p>\n<p>Pude\u0142ko zawiera:<\/p>\n<p>samochodzik eksploduj\u0105cy Wreck Royale\u00a0Podstawowe informacje:<\/p>\n<p>Kategoria wiekowa: 6+<br \/>\nD\u0142ugo\u015b\u0107 samochodzika: ok. 16 cm<br \/>\nWymiary opakowania: 17 x 18 x 8,5 cm<br \/>\nEAN: 035051565741<\/p>\n<h2>MGA Wreck Royale Eksploduj\u0105ce Autko Da Bomb 565741 MGA<\/h2>\n<p>list do \u015bw miko\u0142aja &#8212; wz\u00f3r, dyplomy do druku, pomys\u0142y na dzie\u0144 dziecka dla nastolatk\u00f3w, prezent dla ch\u0142opca 7 lat, dziecko cytaty z\u0142ote my\u015bli, anio\u0142ki w niebie pisz\u0105, dzieci z bullerbyn quiz, rezolutna dziewczynka z wiersza tuwima, dzie\u0144 pluszowego misia, dla nastolatk\u00f3w prezenty, atrakcje dla dzieci wroc\u0142aw i okolice, kubu\u015b puchatek cytaty<\/p>\n<p>yyyyy<\/p>\n<p>&nbsp;<\/p>\n","protected":false},"excerpt":{"rendered":"<p>Pojazd Eksploduj\u0105ce autko, Da Bomb Wreck Royale Wreck Royale to gratka dla ka\u017cdego ma\u0142ego fana motoryzacji! Samochody Wreck Royale pod wp\u0142ywem zderzenia lub przewr\u00f3cenia si\u0119 eksploduj\u0105 na r\u00f3\u017cne kierunki. Po zabawie z\u0142\u00f3\u017c samochodzik z powrotem i dalej ciesz si\u0119 zabaw\u0105. Elementy samochod\u00f3w mo\u017cna dowolnie miesza\u0107 i \u0142\u0105czy\u0107 by uzyska\u0107 zupe\u0142nie nowy wygl\u0105d pojazd\u00f3w. Baw si\u0119 [&hellip;]<\/p>\n","protected":false},"featured_media":6503,"comment_status":"closed","ping_status":"open","template":"","meta":[],"product_cat":[83,301],"product_tag":[644,661,712],"class_list":["post-6502","product","type-product","status-publish","has-post-thumbnail","hentry","product_cat-auta-i-inne-pojazdy-do-zabawy","product_cat-mga","product_tag-mia","product_tag-swinka-peppa-kolorowanka","product_tag-zagadki-o-zwierzetach"],"_links":{"self":[{"href":"http:\/\/klubmamgdynia.pl\/index.php\/wp-json\/wp\/v2\/product\/6502","targetHints":{"allow":["GET"]}}],"collection":[{"href":"http:\/\/klubmamgdynia.pl\/index.php\/wp-json\/wp\/v2\/product"}],"about":[{"href":"http:\/\/klubmamgdynia.pl\/index.php\/wp-json\/wp\/v2\/types\/product"}],"replies":[{"embeddable":true,"href":"http:\/\/klubmamgdynia.pl\/index.php\/wp-json\/wp\/v2\/comments?post=6502"}],"wp:featuredmedia":[{"embeddable":true,"href":"http:\/\/klubmamgdynia.pl\/index.php\/wp-json\/wp\/v2\/media\/6503"}],"wp:attachment":[{"href":"http:\/\/klubmamgdynia.pl\/index.php\/wp-json\/wp\/v2\/media?parent=6502"}],"wp:term":[{"taxonomy":"product_cat","embeddable":true,"href":"http:\/\/klubmamgdynia.pl\/index.php\/wp-json\/wp\/v2\/product_cat?post=6502"},{"taxonomy":"product_tag","embeddable":true,"href":"http:\/\/klubmamgdynia.pl\/index.php\/wp-json\/wp\/v2\/product_tag?post=6502"}],"curies":[{"name":"wp","href":"https:\/\/api.w.org\/{rel}","templated":true}]}}