{"id":6504,"date":"2012-04-25T04:20:30","date_gmt":"2012-04-25T02:20:30","guid":{"rendered":"http:\/\/klubmamgdynia.pl\/index.php\/produkt\/nattou-zabawka-edukacyjna-gasienica-lapidou-niebieska\/"},"modified":"2026-05-01T11:30:34","modified_gmt":"2026-05-01T09:30:34","slug":"nattou-zabawka-edukacyjna-gasienica-lapidou-niebieska","status":"publish","type":"product","link":"http:\/\/klubmamgdynia.pl\/index.php\/produkt\/nattou-zabawka-edukacyjna-gasienica-lapidou-niebieska\/","title":{"rendered":"Nattou Zabawka Edukacyjna G\u0105sienica Lapidou Niebieska"},"content":{"rendered":"<p>Ta urocza g\u0105sienica Lapidou od Nattou wspiera rozw\u00f3j wszystkich zmys\u0142\u00f3w Twojego dziecka. Maluch bawi si\u0119, przytula i trenuje swoje zdolno\u015bci motoryczne. Bardzo mi\u0119kkie materia\u0142y, r\u00f3\u017cnorodne tkaniny, powierzchnie i d\u017awi\u0119ki przyci\u0105gaj\u0105 dotyk i uwag\u0119 Twojego ma\u0142ego odkrywcy. Dzi\u0119ki \u0142atwemu do uchwycenia kszta\u0142towi g\u0105sienica Lapidou jest doskona\u0142\u0105 zabawk\u0105 zar\u00f3wno dla maluszk\u00f3w, jak i dla starszych dzieci.Cechy:\u2022 R\u00f3\u017cne tekstury wspomagaj\u0105 rozw\u00f3j dotyku\u2022 Aktywno\u015bci: grzechotka, szele\u015bcik, piszczek\u2022 Wykonany z delikatnego i przyjemnego w dotyku materia\u0142u\u2022 Wspiera rozw\u00f3j motoryki ma\u0142ejOdpowiednia dla dzieci od urodzeniaRozmiar: 8x8x26 cmMo\u017cna pra\u0107 w pralce w 30 \u00b0 CMateria\u0142: 100% poliester Nattou zobowi\u0105zuje si\u0119 do zapewnienia wysokiej jako\u015bci swoich produkt\u00f3w. Projekt ka\u017cdej zabawki, jej tkanina, kszta\u0142t, szwy, wyko\u0144czenie, a nawet opakowanie s\u0105 dok\u0142adnie sprawdzane pod k\u0105tem zgodno\u015bci z europejskimi normami bezpiecze\u0144stwa. Oznacza to, \u017ce ju\u017c nigdy nie b\u0119dziesz musia\u0142 si\u0119 martwi\u0107 o bezpiecze\u0144stwo Twojego dziecka podczas zabawy.<\/p>\n<h2>Nattou Zabawka Edukacyjna G\u0105sienica Lapidou Niebieska Nattou<\/h2>\n<p>na wyspach bergamutach tekst, imi\u0119 kostek, bajki do czytania dla dzieci, place zabaw warszawa, prezent dla nastolatki, dzie\u0144 pluszowego misia, wzory dyplom\u00f3w do pobrania, sentencje o dzieciach, prezent dla rocznego ch\u0142opca, \u0142atwe laurki, quiz bo\u017ce narodzenie, quiz bo\u017ce narodzenie, gry planszowe dla m\u0142odzie\u017cy, film animowany o \u015bwi\u0119tach, andrzejki dekoracje do druku, adriana znaczenie imienia<\/p>\n<p>yyyyy<\/p>\n<p>&nbsp;<\/p>\n","protected":false},"excerpt":{"rendered":"<p>Ta urocza g\u0105sienica Lapidou od Nattou wspiera rozw\u00f3j wszystkich zmys\u0142\u00f3w Twojego dziecka. Maluch bawi si\u0119, przytula i trenuje swoje zdolno\u015bci motoryczne. Bardzo mi\u0119kkie materia\u0142y, r\u00f3\u017cnorodne tkaniny, powierzchnie i d\u017awi\u0119ki przyci\u0105gaj\u0105 dotyk i uwag\u0119 Twojego ma\u0142ego odkrywcy. Dzi\u0119ki \u0142atwemu do uchwycenia kszta\u0142towi g\u0105sienica Lapidou jest doskona\u0142\u0105 zabawk\u0105 zar\u00f3wno dla maluszk\u00f3w, jak i dla starszych dzieci.Cechy:\u2022 R\u00f3\u017cne [&hellip;]<\/p>\n","protected":false},"featured_media":6505,"comment_status":"closed","ping_status":"open","template":"","meta":[],"product_cat":[25,61],"product_tag":[839,797,667,674,842,684],"class_list":["post-6504","product","type-product","status-publish","has-post-thumbnail","hentry","product_cat-nattou","product_cat-zabawki-edukacyjne-dla-niemowlat","product_tag-bajki-na-dobranoc-do-czytania","product_tag-kiekrz","product_tag-kolorowanka-lol","product_tag-miasto-dzieci","product_tag-plac-zabaw-poznan","product_tag-prezent-dla-dziewczynki-na-roczek"],"_links":{"self":[{"href":"http:\/\/klubmamgdynia.pl\/index.php\/wp-json\/wp\/v2\/product\/6504","targetHints":{"allow":["GET"]}}],"collection":[{"href":"http:\/\/klubmamgdynia.pl\/index.php\/wp-json\/wp\/v2\/product"}],"about":[{"href":"http:\/\/klubmamgdynia.pl\/index.php\/wp-json\/wp\/v2\/types\/product"}],"replies":[{"embeddable":true,"href":"http:\/\/klubmamgdynia.pl\/index.php\/wp-json\/wp\/v2\/comments?post=6504"}],"wp:featuredmedia":[{"embeddable":true,"href":"http:\/\/klubmamgdynia.pl\/index.php\/wp-json\/wp\/v2\/media\/6505"}],"wp:attachment":[{"href":"http:\/\/klubmamgdynia.pl\/index.php\/wp-json\/wp\/v2\/media?parent=6504"}],"wp:term":[{"taxonomy":"product_cat","embeddable":true,"href":"http:\/\/klubmamgdynia.pl\/index.php\/wp-json\/wp\/v2\/product_cat?post=6504"},{"taxonomy":"product_tag","embeddable":true,"href":"http:\/\/klubmamgdynia.pl\/index.php\/wp-json\/wp\/v2\/product_tag?post=6504"}],"curies":[{"name":"wp","href":"https:\/\/api.w.org\/{rel}","templated":true}]}}