{"id":6506,"date":"2016-05-15T14:17:53","date_gmt":"2016-05-15T12:17:53","guid":{"rendered":"http:\/\/klubmamgdynia.pl\/index.php\/produkt\/klein-zestaw-garnkow-wmf-9435-zabawka\/"},"modified":"2026-04-08T22:07:09","modified_gmt":"2026-04-08T20:07:09","slug":"klein-zestaw-garnkow-wmf-9435-zabawka","status":"publish","type":"product","link":"http:\/\/klubmamgdynia.pl\/index.php\/produkt\/klein-zestaw-garnkow-wmf-9435-zabawka\/","title":{"rendered":"Klein Zestaw Garnk\u00f3w WMF 9435 &#8211; Zabawka"},"content":{"rendered":"<p>Klein Kod produktu: 9435 Zestaw ma\u0142ego kucharza lub kucharki, w sk\u0142ad kt\u00f3rego wchodz\u0105 patelnia, garnek z r\u0105czk\u0105 oraz garnek. Idelane pasuj\u0105 do kuchni Miele Wymiary: 180 x 60 x 180 mm Wiek dziecka: od 3 lat Seria: mini AGD WMF Materia\u0142: plastik Opakowanie: karton Firma Klein to jeden z czo\u0142owych producent\u00f3w zabawek w Europie. Niemieckie zabawki Klein cechuje doskona\u0142a jako\u015b\u0107 oraz niesamowite walory edukacyjne. Podpisane umowy z wieloma firmami, takimi jak Bosch, Braun, Miele czy Vileda, czyni te zabawki dodatkowo atrakcyjniejszymi dla maluch\u00f3w, na\u015bladuj\u0105cych swoich rodzic\u00f3w w pracy czy w domu.<\/p>\n<h2>Klein Zestaw Garnk\u00f3w WMF 9435 &#8211; Zabawka Klein<\/h2>\n<p>zagadki dla dzieci logiczne, maska psi patrol do druku, imi\u0119 nela, kanapki na urodziny dziecka, ry\u017c z owocami, emanuel, s\u0142owa do przyjaciela, prezenty dla rocznego dziecka, mapa polski do druku, afryka\u0144skie imiona, prezenty na urodziny dla nastolatk\u00f3w, jak narysowa\u0107 koty, quizy dla dzieci, cytaty korczak, lol surprise kolorowanki, alfons, magiczne drzewo czerwone krzes\u0142o test, test ze znak\u00f3w drogowych<\/p>\n<p>yyyyy<\/p>\n<p>&nbsp;<\/p>\n","protected":false},"excerpt":{"rendered":"<p>Klein Kod produktu: 9435 Zestaw ma\u0142ego kucharza lub kucharki, w sk\u0142ad kt\u00f3rego wchodz\u0105 patelnia, garnek z r\u0105czk\u0105 oraz garnek. Idelane pasuj\u0105 do kuchni Miele Wymiary: 180 x 60 x 180 mm Wiek dziecka: od 3 lat Seria: mini AGD WMF Materia\u0142: plastik Opakowanie: karton Firma Klein to jeden z czo\u0142owych producent\u00f3w zabawek w Europie. Niemieckie [&hellip;]<\/p>\n","protected":false},"featured_media":6507,"comment_status":"closed","ping_status":"open","template":"","meta":[],"product_cat":[53,52],"product_tag":[792,859,612],"class_list":["post-6506","product","type-product","status-publish","has-post-thumbnail","hentry","product_cat-kaciki-zabaw","product_cat-klein","product_tag-cytaty-o-mamie","product_tag-dobranoc-pchly-na-noc","product_tag-kolorowanki-do-druku"],"_links":{"self":[{"href":"http:\/\/klubmamgdynia.pl\/index.php\/wp-json\/wp\/v2\/product\/6506","targetHints":{"allow":["GET"]}}],"collection":[{"href":"http:\/\/klubmamgdynia.pl\/index.php\/wp-json\/wp\/v2\/product"}],"about":[{"href":"http:\/\/klubmamgdynia.pl\/index.php\/wp-json\/wp\/v2\/types\/product"}],"replies":[{"embeddable":true,"href":"http:\/\/klubmamgdynia.pl\/index.php\/wp-json\/wp\/v2\/comments?post=6506"}],"wp:featuredmedia":[{"embeddable":true,"href":"http:\/\/klubmamgdynia.pl\/index.php\/wp-json\/wp\/v2\/media\/6507"}],"wp:attachment":[{"href":"http:\/\/klubmamgdynia.pl\/index.php\/wp-json\/wp\/v2\/media?parent=6506"}],"wp:term":[{"taxonomy":"product_cat","embeddable":true,"href":"http:\/\/klubmamgdynia.pl\/index.php\/wp-json\/wp\/v2\/product_cat?post=6506"},{"taxonomy":"product_tag","embeddable":true,"href":"http:\/\/klubmamgdynia.pl\/index.php\/wp-json\/wp\/v2\/product_tag?post=6506"}],"curies":[{"name":"wp","href":"https:\/\/api.w.org\/{rel}","templated":true}]}}