{"id":6508,"date":"2011-07-05T02:31:37","date_gmt":"2011-07-05T00:31:37","guid":{"rendered":"http:\/\/klubmamgdynia.pl\/index.php\/produkt\/gazelo-dinozaur-na-baterie-g122925\/"},"modified":"2026-04-05T22:32:20","modified_gmt":"2026-04-05T20:32:20","slug":"gazelo-dinozaur-na-baterie-g122925","status":"publish","type":"product","link":"http:\/\/klubmamgdynia.pl\/index.php\/produkt\/gazelo-dinozaur-na-baterie-g122925\/","title":{"rendered":"Gazelo Dinozaur Na Baterie G122925"},"content":{"rendered":"<p>Interaktywny Dinozaur -prezent dla fana Jurrasic WorldCh\u0142opcy pokochali filmy o dinozaurach. Odrobina grozy z tymi prehistorycznymi zwierzakami pobudza do kreatywnej zabawy w wymy\u015blanie historyjek. Du\u017ca figurka dinozaura na pewno urozmaici ka\u017cd\u0105 zabaw\u0119. Zabawka posiada dodatkowe efekty takie jak g\u0142o\u015bny ryk, kt\u00f3rym og\u0142uszy przeciwnika. Podczas ryczenia dzieci zobacz\u0105 r\u00f3wnie\u017c jak zwierze wypuszcza z pyska par\u0119. Pami\u0119tajmy jednak, aby uruchomi\u0107 efekt pary nale\u017cy uzupe\u0142ni\u0107 dinozaurowi wod\u0119. Jego oczy natomiast posiadaj\u0105 gro\u017ane jasne \u015bwiat\u0142o. \u017baden przeciwnik nie wygra w walce dinozaur\u00f3w w dzieci\u0119cym pokoju. Dodatkowo dzi\u0119ki ruchomym ko\u0144czynom dinozaur potrafi chodzi\u0107. Ten interaktywny T-Rex na pewno spodoba si\u0119 ma\u0142ym fanom dinozaur\u00f3w.W zestawie:interaktywny Tyranozaur<\/p>\n<h2>Gazelo Dinozaur Na Baterie G122925 Gazelo<\/h2>\n<p>piosenka na dzie\u0144 nauczyciela przedszkole, nauka zegara zegar do druku, quiz o stolicach europy, wroc\u0142aw i okolice atrakcje, zabawy logiczne dla dzieci, kira, marcelina imi\u0119, wiosna kolorowanka do druku, znaczenie imienia julian, \u0142amig\u0142\u00f3wki dla dzieci<\/p>\n<p>yyyyy<\/p>\n<p>&nbsp;<\/p>\n","protected":false},"excerpt":{"rendered":"<p>Interaktywny Dinozaur -prezent dla fana Jurrasic WorldCh\u0142opcy pokochali filmy o dinozaurach. Odrobina grozy z tymi prehistorycznymi zwierzakami pobudza do kreatywnej zabawy w wymy\u015blanie historyjek. Du\u017ca figurka dinozaura na pewno urozmaici ka\u017cd\u0105 zabaw\u0119. Zabawka posiada dodatkowe efekty takie jak g\u0142o\u015bny ryk, kt\u00f3rym og\u0142uszy przeciwnika. Podczas ryczenia dzieci zobacz\u0105 r\u00f3wnie\u017c jak zwierze wypuszcza z pyska par\u0119. Pami\u0119tajmy [&hellip;]<\/p>\n","protected":false},"featured_media":6509,"comment_status":"closed","ping_status":"open","template":"","meta":[],"product_cat":[1213,39],"product_tag":[598,680,716,849],"class_list":["post-6508","product","type-product","status-publish","has-post-thumbnail","hentry","product_cat-gazelo","product_cat-zabawki-interaktywne","product_tag-co-na-roczek-dla-dziewczynki","product_tag-cytaty-z-malego-ksiecia","product_tag-filmy-animowane-o-swietach","product_tag-zagadki-matematyczne-dla-dzieci"],"_links":{"self":[{"href":"http:\/\/klubmamgdynia.pl\/index.php\/wp-json\/wp\/v2\/product\/6508","targetHints":{"allow":["GET"]}}],"collection":[{"href":"http:\/\/klubmamgdynia.pl\/index.php\/wp-json\/wp\/v2\/product"}],"about":[{"href":"http:\/\/klubmamgdynia.pl\/index.php\/wp-json\/wp\/v2\/types\/product"}],"replies":[{"embeddable":true,"href":"http:\/\/klubmamgdynia.pl\/index.php\/wp-json\/wp\/v2\/comments?post=6508"}],"wp:featuredmedia":[{"embeddable":true,"href":"http:\/\/klubmamgdynia.pl\/index.php\/wp-json\/wp\/v2\/media\/6509"}],"wp:attachment":[{"href":"http:\/\/klubmamgdynia.pl\/index.php\/wp-json\/wp\/v2\/media?parent=6508"}],"wp:term":[{"taxonomy":"product_cat","embeddable":true,"href":"http:\/\/klubmamgdynia.pl\/index.php\/wp-json\/wp\/v2\/product_cat?post=6508"},{"taxonomy":"product_tag","embeddable":true,"href":"http:\/\/klubmamgdynia.pl\/index.php\/wp-json\/wp\/v2\/product_tag?post=6508"}],"curies":[{"name":"wp","href":"https:\/\/api.w.org\/{rel}","templated":true}]}}