{"id":6510,"date":"2021-04-04T23:27:09","date_gmt":"2021-04-04T21:27:09","guid":{"rendered":"http:\/\/klubmamgdynia.pl\/index.php\/produkt\/simba-lalka-bonny-plywajaca-z-delfinem-35cm-3214\/"},"modified":"2026-05-17T21:59:57","modified_gmt":"2026-05-17T19:59:57","slug":"simba-lalka-bonny-plywajaca-z-delfinem-35cm-3214","status":"publish","type":"product","link":"http:\/\/klubmamgdynia.pl\/index.php\/produkt\/simba-lalka-bonny-plywajaca-z-delfinem-35cm-3214\/","title":{"rendered":"Simba Lalka Bonny P\u0142ywaj\u0105ca Z Delfinem 35Cm 3214"},"content":{"rendered":"<p>Lalka Simba Bonny i delfin Benny. Zaopiekuj si\u0119 dzidziusiem! Oryginalny wygl\u0105d, eleganckie ubranko i ko\u0142yska Lalka pozwoli rozwin\u0105\u0107 u dziecka wra\u017cliwo\u015b\u0107 i uczy odpowiedzialno\u015bci Przyjemna w dotyku i starannie wykonana z materia\u0142\u00f3w wysokiej jako\u015bci Wspania\u0142a, rozwijaj\u0105ca zabawa! Zabawna lalka bobas w stroju k\u0105pielowym z du\u017cymi oczami podbije serca wszystkich dziewczynek. Lalka p\u0142ywa jak prawdziwy bobasek, jej w pe\u0142ni ruchome oraz elastyczne r\u0119ce i n\u00f3\u017cki sprawi\u0105, \u017ce zabawa w wodzie b\u0119dzie bardzo realistyczna. Lalka p\u0142ywa wraz ze swoim przyjacielem Delfinkiem. Wystarczy, i\u017c przypniesz delfina do brzucha Bobaska i w\u0142\u0105czysz za pomoc\u0105 prze\u0142\u0105cznika. R\u0119ce i nogi ma\u0142ej p\u0142ywaczki, kt\u00f3ra wnet samodzielnie zaczyna p\u0142yn\u0105\u0107. Lalka trzymana w pozycji pionowej zabawnie b\u0119dzie chlapa\u0107 wod\u0105. Delfinek mo\u017ce p\u0142ywa\u0107 te\u017c samodzielnie. Zabawka idealna do zabawy na basenie, jak i w domu w trakcie k\u0105pieli w wannie. Zaopiekuj si\u0119 dzidziusiem! Zabawa lalkami to dla dziecka okazja do rozwini\u0119cia swojej wyobra\u017ani, a tak\u017ce rozwini\u0119cia swej empatii i nauczenia si\u0119 nazywania swoich emocji. Lalki pozwalaj\u0105 dzieciom tak\u017ce na\u015bladowa\u0107 zachowania doros\u0142ych, co mo\u017ce przyczyni\u0107 si\u0119 do nauki, czym jest odpowiedzialno\u015b\u0107. Zdj\u0119cie jest przyk\u0142adowe i nie przedstawia oferowanego produktu. Zachwyca swym wygl\u0105dem Lalka Bouncin Babies Little Bonny wygl\u0105da jak prawdziwy noworodek. Jej mi\u0119ciutki brzuszek pozwala swobodnie przytula\u0107 si\u0119 do lalki! Ubrana jest w stylowe ubranko. Ponadto wykonano j\u0105 z materia\u0142\u00f3w wysokiej jako\u015bci, dzi\u0119ki czemu pos\u0142u\u017cy jako zabawka przez wiele lat!<\/p>\n<h2>Simba Lalka Bonny P\u0142ywaj\u0105ca Z Delfinem 35Cm 3214 Simba<\/h2>\n<p>karty pracy obrazki do wyklejania plastelin\u0105, test z lektury spos\u00f3b na alcybiadesa, zagadki o owocach, ju\u017c blisko kol\u0119da tekst, bajki na dobranoc dla dzieci<\/p>\n<p>yyyyy<\/p>\n<p>&nbsp;<\/p>\n","protected":false},"excerpt":{"rendered":"<p>Lalka Simba Bonny i delfin Benny. Zaopiekuj si\u0119 dzidziusiem! Oryginalny wygl\u0105d, eleganckie ubranko i ko\u0142yska Lalka pozwoli rozwin\u0105\u0107 u dziecka wra\u017cliwo\u015b\u0107 i uczy odpowiedzialno\u015bci Przyjemna w dotyku i starannie wykonana z materia\u0142\u00f3w wysokiej jako\u015bci Wspania\u0142a, rozwijaj\u0105ca zabawa! Zabawna lalka bobas w stroju k\u0105pielowym z du\u017cymi oczami podbije serca wszystkich dziewczynek. Lalka p\u0142ywa jak prawdziwy bobasek, [&hellip;]<\/p>\n","protected":false},"featured_media":6511,"comment_status":"closed","ping_status":"open","template":"","meta":[],"product_cat":[65,279],"product_tag":[728,758,712],"class_list":["post-6510","product","type-product","status-publish","has-post-thumbnail","hentry","product_cat-lalki","product_cat-simba","product_tag-bezwarunkowa-milosc-do-dziecka-cytaty","product_tag-julian","product_tag-zagadki-o-zwierzetach"],"_links":{"self":[{"href":"http:\/\/klubmamgdynia.pl\/index.php\/wp-json\/wp\/v2\/product\/6510","targetHints":{"allow":["GET"]}}],"collection":[{"href":"http:\/\/klubmamgdynia.pl\/index.php\/wp-json\/wp\/v2\/product"}],"about":[{"href":"http:\/\/klubmamgdynia.pl\/index.php\/wp-json\/wp\/v2\/types\/product"}],"replies":[{"embeddable":true,"href":"http:\/\/klubmamgdynia.pl\/index.php\/wp-json\/wp\/v2\/comments?post=6510"}],"wp:featuredmedia":[{"embeddable":true,"href":"http:\/\/klubmamgdynia.pl\/index.php\/wp-json\/wp\/v2\/media\/6511"}],"wp:attachment":[{"href":"http:\/\/klubmamgdynia.pl\/index.php\/wp-json\/wp\/v2\/media?parent=6510"}],"wp:term":[{"taxonomy":"product_cat","embeddable":true,"href":"http:\/\/klubmamgdynia.pl\/index.php\/wp-json\/wp\/v2\/product_cat?post=6510"},{"taxonomy":"product_tag","embeddable":true,"href":"http:\/\/klubmamgdynia.pl\/index.php\/wp-json\/wp\/v2\/product_tag?post=6510"}],"curies":[{"name":"wp","href":"https:\/\/api.w.org\/{rel}","templated":true}]}}