{"id":6514,"date":"2012-11-20T09:09:39","date_gmt":"2012-11-20T08:09:39","guid":{"rendered":"http:\/\/klubmamgdynia.pl\/index.php\/produkt\/fotelik-samochodowy-maxi-cosi-citi-red-orchid-0-13kg\/"},"modified":"2026-05-17T23:20:16","modified_gmt":"2026-05-17T21:20:16","slug":"fotelik-samochodowy-maxi-cosi-citi-red-orchid-0-13kg","status":"publish","type":"product","link":"http:\/\/klubmamgdynia.pl\/index.php\/produkt\/fotelik-samochodowy-maxi-cosi-citi-red-orchid-0-13kg\/","title":{"rendered":"Fotelik samochodowy Maxi-Cosi Citi Red Orchid 0-13Kg"},"content":{"rendered":"<p>_                            <\/p>\n<p>Citi____Lekki fotelik dla niemowl\u0105tOd urodzenia do ok. 12 miesi\u0105ca \u017cycia0 &#8211; 13 kgColour Swatch Red Orchid                            <\/p>\n<p>Dlaczego warto wybra\u0107 ten produkt?                            <\/p>\n<p>System Ochrony Bocznej________System Ochrony Bocznej zapewnia optymalne bezpiecze\u0144stwo                            <\/p>\n<p>Lekki________Lekki z ergonomicznym pa\u0142\u0105kiem do \u0142atwego przenoszenia                            <\/p>\n<p>Mo\u017cna wpina\u0107 do wybranych w\u00f3zk\u00f3w________Mo\u017cna go wpina\u0107 do stela\u017cy w\u00f3zk\u00f3w Maxi-Cosi                            <\/p>\n<p>Opis produktuMaxi-Cosi Citi to przeno\u015bny fotelik dla niemowl\u0105t, kt\u00f3ry zabierzesz ze sob\u0105 wsz\u0119dzie, bez \u017cadnego problemu! Citi jest bardzo lekki.\u00a0__________                            <\/p>\n<p>Monta\u017cKomfortowa, watowana tapicerka, maksymalny poziom bezpiecze\u0144stwa dzi\u0119ki Systemowi Ochrony Bocznej i \u0142atwy monta\u017c samochodowym pasem bezpiecze\u0144stwa sprawi\u0105, ze ju\u017c nigdy nie musisz martwi\u0107 si\u0119 o bezpiecze\u0144stwo Twojego dziecka.                            <\/p>\n<p>__________                            <\/p>\n<p>Bezpiecze\u0144stwoWbudowany System Ochrony Bocznej zwi\u0119ksza bezpiecze\u0144stwo podczas podr\u00f3\u017cy. Citi \u0142atwo zamontujesz w samochodzie za pomoc\u0105 samochodowego pasa bezpiecze\u0144stwa, a kiedy zechcesz p\u00f3j\u015b\u0107 na spacer, szybko umie\u015bcisz go na stela\u017cu w\u00f3zka Maxi-Cosi, tworz\u0105c prosty i elastyczny system podr\u00f3\u017cny.                            <\/p>\n<p>__________                            <\/p>\n<p>CECHY                            <\/p>\n<p>\u0141atwo\u015b\u0107 u\u017cytkowania________\u00a0Mo\u017ce by\u0107 montowany za pomoc\u0105 3 punktowego samochodowego pasa bezpiecze\u0144stwaLekki fotelik z ergonomiczn\u0105 r\u0105czk\u0105, do wygodnego przenoszeniaMo\u017cliwo\u015b\u0107 prania tapicerki w pralceZdejmowana tapicerka bez konieczno\u015bci demonta\u017cu uprz\u0119\u017cyDopuszczony przez T\u00dcV do u\u017cytku w samolotach                            <\/p>\n<p>Komfort________Dodatkowo watowane siedzisko zapewnia komfort podczas jazdyZintegrowany daszek przeciws\u0142oneczny ochroni Twoje dziecko przed promieniami s\u0142onecznymi                            <\/p>\n<p>Bezpiecze\u0144stwo________System Ochrony Bocznej zwi\u0119ksza bezpiecze\u0144stwo dziecka w podr\u00f3\u017cyUstawienie ty\u0142em do kierunku jazdy dla zapewnienia optymalnego bezpiecze\u0144stwa3 punktowa uprz\u0105\u017c zapewnia bezpiecze\u0144stwo dziecku przy uderzeniu czo\u0142owym                            <\/p>\n<p>SPECYFIKACJA TECHNICZNA                            <\/p>\n<p>Product SKU________8823672300                            <\/p>\n<p>Wymiary________                            <\/p>\n<p>FILMY INSTRUKTA\u017bOWE<\/p>\n<h2>Fotelik samochodowy Maxi-Cosi Citi Red Orchid 0-13Kg Maxi-Cosi<\/h2>\n<p>nowe quizy do rozwi\u0105zania, dla dzieci warszawa, kolorowanka kotki do druku, peppa kolorowanka do druku, \u015bwi\u0105teczne filmy familijne, cytat rodzina, nela w krainie wombat\u00f3w, rzadkie imiona japo\u0144skie, warszawa dla dzieci, misie z bajek<\/p>\n<p>yyyyy<\/p>\n<p>&nbsp;<\/p>\n","protected":false},"excerpt":{"rendered":"<p>_ Citi____Lekki fotelik dla niemowl\u0105tOd urodzenia do ok. 12 miesi\u0105ca \u017cycia0 &#8211; 13 kgColour Swatch Red Orchid Dlaczego warto wybra\u0107 ten produkt? System Ochrony Bocznej________System Ochrony Bocznej zapewnia optymalne bezpiecze\u0144stwo Lekki________Lekki z ergonomicznym pa\u0142\u0105kiem do \u0142atwego przenoszenia Mo\u017cna wpina\u0107 do wybranych w\u00f3zk\u00f3w________Mo\u017cna go wpina\u0107 do stela\u017cy w\u00f3zk\u00f3w Maxi-Cosi Opis produktuMaxi-Cosi Citi to przeno\u015bny fotelik dla [&hellip;]<\/p>\n","protected":false},"featured_media":6515,"comment_status":"closed","ping_status":"open","template":"","meta":[],"product_cat":[32,995],"product_tag":[817,801,748,678,799,721,712],"class_list":["post-6514","product","type-product","status-publish","has-post-thumbnail","hentry","product_cat-foteliki-samochodowe","product_cat-maxi-cosi","product_tag-bajka-terapeutyczna-o-emocjach","product_tag-bajki-terapeutyczne-o-emocjach","product_tag-okolice-wroclawia-atrakcje","product_tag-prezent-na-roczek-dla-dziewczynki","product_tag-zagadka-logiczna","product_tag-zagadki-matematyczne","product_tag-zagadki-o-zwierzetach"],"_links":{"self":[{"href":"http:\/\/klubmamgdynia.pl\/index.php\/wp-json\/wp\/v2\/product\/6514","targetHints":{"allow":["GET"]}}],"collection":[{"href":"http:\/\/klubmamgdynia.pl\/index.php\/wp-json\/wp\/v2\/product"}],"about":[{"href":"http:\/\/klubmamgdynia.pl\/index.php\/wp-json\/wp\/v2\/types\/product"}],"replies":[{"embeddable":true,"href":"http:\/\/klubmamgdynia.pl\/index.php\/wp-json\/wp\/v2\/comments?post=6514"}],"wp:featuredmedia":[{"embeddable":true,"href":"http:\/\/klubmamgdynia.pl\/index.php\/wp-json\/wp\/v2\/media\/6515"}],"wp:attachment":[{"href":"http:\/\/klubmamgdynia.pl\/index.php\/wp-json\/wp\/v2\/media?parent=6514"}],"wp:term":[{"taxonomy":"product_cat","embeddable":true,"href":"http:\/\/klubmamgdynia.pl\/index.php\/wp-json\/wp\/v2\/product_cat?post=6514"},{"taxonomy":"product_tag","embeddable":true,"href":"http:\/\/klubmamgdynia.pl\/index.php\/wp-json\/wp\/v2\/product_tag?post=6514"}],"curies":[{"name":"wp","href":"https:\/\/api.w.org\/{rel}","templated":true}]}}