{"id":6516,"date":"2025-01-28T23:09:17","date_gmt":"2025-01-28T22:09:17","guid":{"rendered":"http:\/\/klubmamgdynia.pl\/?post_type=product&#038;p=6516"},"modified":"2026-04-04T05:25:06","modified_gmt":"2026-04-04T03:25:06","slug":"simba-maskotka-pluszowa-super-mario-4-rodzaje","status":"publish","type":"product","link":"http:\/\/klubmamgdynia.pl\/index.php\/produkt\/simba-maskotka-pluszowa-super-mario-4-rodzaje\/","title":{"rendered":"Simba Maskotka Pluszowa Super Mario 4 Rodzaje"},"content":{"rendered":"<p>Super Mario maskotki pluszowe 4 rodzaje SIMBA mix cena za 1 szt<\/p>\n<h2>Simba Maskotka Pluszowa Super Mario 4 Rodzaje Simba<\/h2>\n<p>list do gwiazdora, z\u0142ote my\u015bli o przyja\u017ani, serce origami, malowanie kamieni, quiz o flagach europy, zosia samosia wiersz, kolorowanki do druku zwierz\u0119ta, szablon krokus kolorowanka, test z lektury kajko i kokosz, prezenty dla 15 latki, lol surprise kolorowanka, pomys\u0142y na prima aprilis w szkole, \u017carty \u017carty na prima aprilis, ekskluzywny prezent na roczek, paj\u0105czek na rowerze test, aaa kotki dwa tekst, karaluchy pod poduchy, zagadki dla 7 latk\u00f3w, opisy do zdj\u0119\u0107 dziecka, szablony papierowe lalki do ubierania do wydruku<\/p>\n<p>yyyyy<\/p>\n<p>&nbsp;<\/p>\n","protected":false},"excerpt":{"rendered":"<p>Super Mario maskotki pluszowe 4 rodzaje SIMBA mix cena za 1 szt Simba Maskotka Pluszowa Super Mario 4 Rodzaje Simba list do gwiazdora, z\u0142ote my\u015bli o przyja\u017ani, serce origami, malowanie kamieni, quiz o flagach europy, zosia samosia wiersz, kolorowanki do druku zwierz\u0119ta, szablon krokus kolorowanka, test z lektury kajko i kokosz, prezenty dla 15 latki, [&hellip;]<\/p>\n","protected":false},"featured_media":6517,"comment_status":"closed","ping_status":"open","template":"","meta":[],"product_cat":[42,279],"product_tag":[702,768,629,762],"class_list":["post-6516","product","type-product","status-publish","has-post-thumbnail","hentry","product_cat-maskotki","product_cat-simba","product_tag-co-kupic-na-roczek-dla-dziewczynki","product_tag-krotkie-zagadki-logiczne","product_tag-smieszne-zagadki-z-odpowiedziami","product_tag-trudne-zagadki-dla-dzieci"],"_links":{"self":[{"href":"http:\/\/klubmamgdynia.pl\/index.php\/wp-json\/wp\/v2\/product\/6516","targetHints":{"allow":["GET"]}}],"collection":[{"href":"http:\/\/klubmamgdynia.pl\/index.php\/wp-json\/wp\/v2\/product"}],"about":[{"href":"http:\/\/klubmamgdynia.pl\/index.php\/wp-json\/wp\/v2\/types\/product"}],"replies":[{"embeddable":true,"href":"http:\/\/klubmamgdynia.pl\/index.php\/wp-json\/wp\/v2\/comments?post=6516"}],"wp:featuredmedia":[{"embeddable":true,"href":"http:\/\/klubmamgdynia.pl\/index.php\/wp-json\/wp\/v2\/media\/6517"}],"wp:attachment":[{"href":"http:\/\/klubmamgdynia.pl\/index.php\/wp-json\/wp\/v2\/media?parent=6516"}],"wp:term":[{"taxonomy":"product_cat","embeddable":true,"href":"http:\/\/klubmamgdynia.pl\/index.php\/wp-json\/wp\/v2\/product_cat?post=6516"},{"taxonomy":"product_tag","embeddable":true,"href":"http:\/\/klubmamgdynia.pl\/index.php\/wp-json\/wp\/v2\/product_tag?post=6516"}],"curies":[{"name":"wp","href":"https:\/\/api.w.org\/{rel}","templated":true}]}}