{"id":6520,"date":"2015-12-22T08:37:26","date_gmt":"2015-12-22T07:37:26","guid":{"rendered":"http:\/\/klubmamgdynia.pl\/index.php\/produkt\/rc2-stacyjkowo-motorised-superpociag-lc58007\/"},"modified":"2026-05-17T22:20:36","modified_gmt":"2026-05-17T20:20:36","slug":"rc2-stacyjkowo-motorised-superpociag-lc58007","status":"publish","type":"product","link":"http:\/\/klubmamgdynia.pl\/index.php\/produkt\/rc2-stacyjkowo-motorised-superpociag-lc58007\/","title":{"rendered":"Rc2 Stacyjkowo Motorised Superpoci\u0105g Lc58007"},"content":{"rendered":"<p>Super Poci\u0105g z serii Motorised jestjednym z bohater\u00f3w s\u0142ynnej bajki Stacyjkowo. Pomara\u0144czowa Super Ciuchciato gwiazda filmowa ze Stacyjkowa. Lokomotywa ma otwierane boczne klapy, podkt\u00f3rymi ukryte s\u0105 silniki odrzutowe. M\u0142ode Ciuchciaki marz\u0105 by wprzysz\u0142o\u015bci sta\u0107 si\u0119 jego nast\u0119pc\u0105. Po naci\u015bni\u0119ciu klaksonu wydaje 6 d\u017awi\u0119k\u00f3w.Zabawki z ca\u0142ej kolekcji wiernie odzwierciedlaj\u0105 postacie z bajki.Wykonane s\u0105 z wysokiej jako\u015bci materia\u0142\u00f3w przy zachowaniu najdrobniejszychdetali. Wszystkie lokomotywy i wagony mo\u017cna z \u0142atwo\u015bci\u0105 ze sob\u0105 \u0142\u0105czy\u0107. Zabawa jestmo\u017cliwa zar\u00f3wno z nap\u0119dem silnikowym lub poprzez popychanie. Zestawy pasuj\u0105 doprodukt\u00f3w z serii Take Along Tomek i Przyjaciele i Tomek Take-n-Play.Wymiary lokomotywki: 11 x 6,5 x 3.5 cmWymiary opakowania: 20,5 x 16,5 x 5 cmWymagane baterie: 1 x C (LR14) \u2013 nie za\u0142\u0105czone, 2 x A76(LR44) \u2013 za\u0142\u0105czone. Dodaj baterie do koszykaWiek: +3<\/p>\n<h2>Rc2 Stacyjkowo Motorised Superpoci\u0105g Lc58007 Stacyjkowo<\/h2>\n<p>kolorowanka kotek, oliwier, wzruszajace cytaty o rodzinie, bajka o dinozaurach do czytania, kolorowanka ninjago, miastodzieci, zagadki do rozwi\u0105zania, alfons, quizy dla dzieci 7 lat, kotek kolorowanka do druku, maski zwierz\u0105t szablony do druku, piosenki dla dzieci tekst, atrakcje dla dzieci we wroc\u0142awiu<\/p>\n<p>yyyyy<\/p>\n<p>&nbsp;<\/p>\n","protected":false},"excerpt":{"rendered":"<p>Super Poci\u0105g z serii Motorised jestjednym z bohater\u00f3w s\u0142ynnej bajki Stacyjkowo. Pomara\u0144czowa Super Ciuchciato gwiazda filmowa ze Stacyjkowa. Lokomotywa ma otwierane boczne klapy, podkt\u00f3rymi ukryte s\u0105 silniki odrzutowe. M\u0142ode Ciuchciaki marz\u0105 by wprzysz\u0142o\u015bci sta\u0107 si\u0119 jego nast\u0119pc\u0105. Po naci\u015bni\u0119ciu klaksonu wydaje 6 d\u017awi\u0119k\u00f3w.Zabawki z ca\u0142ej kolekcji wiernie odzwierciedlaj\u0105 postacie z bajki.Wykonane s\u0105 z wysokiej jako\u015bci [&hellip;]<\/p>\n","protected":false},"featured_media":6521,"comment_status":"closed","ping_status":"open","template":"","meta":[],"product_cat":[56,1461],"product_tag":[700,611,697,806,634],"class_list":["post-6520","product","type-product","status-publish","has-post-thumbnail","hentry","product_cat-kolejki","product_cat-stacyjkowo","product_tag-bajki-do-czytania-dla-dzieci","product_tag-bajki-do-czytania-psi-patrol","product_tag-krotkie-bajki-do-czytania","product_tag-prezent-dla-dziecka-na-roczek","product_tag-zagadki-wielkanocne-dla-dzieci"],"_links":{"self":[{"href":"http:\/\/klubmamgdynia.pl\/index.php\/wp-json\/wp\/v2\/product\/6520","targetHints":{"allow":["GET"]}}],"collection":[{"href":"http:\/\/klubmamgdynia.pl\/index.php\/wp-json\/wp\/v2\/product"}],"about":[{"href":"http:\/\/klubmamgdynia.pl\/index.php\/wp-json\/wp\/v2\/types\/product"}],"replies":[{"embeddable":true,"href":"http:\/\/klubmamgdynia.pl\/index.php\/wp-json\/wp\/v2\/comments?post=6520"}],"wp:featuredmedia":[{"embeddable":true,"href":"http:\/\/klubmamgdynia.pl\/index.php\/wp-json\/wp\/v2\/media\/6521"}],"wp:attachment":[{"href":"http:\/\/klubmamgdynia.pl\/index.php\/wp-json\/wp\/v2\/media?parent=6520"}],"wp:term":[{"taxonomy":"product_cat","embeddable":true,"href":"http:\/\/klubmamgdynia.pl\/index.php\/wp-json\/wp\/v2\/product_cat?post=6520"},{"taxonomy":"product_tag","embeddable":true,"href":"http:\/\/klubmamgdynia.pl\/index.php\/wp-json\/wp\/v2\/product_tag?post=6520"}],"curies":[{"name":"wp","href":"https:\/\/api.w.org\/{rel}","templated":true}]}}