{"id":6528,"date":"2021-02-01T06:08:16","date_gmt":"2021-02-01T05:08:16","guid":{"rendered":"http:\/\/klubmamgdynia.pl\/index.php\/produkt\/lego-creator-30285-tygrys\/"},"modified":"2026-05-17T21:36:33","modified_gmt":"2026-05-17T19:36:33","slug":"lego-creator-30285-tygrys","status":"publish","type":"product","link":"http:\/\/klubmamgdynia.pl\/index.php\/produkt\/lego-creator-30285-tygrys\/","title":{"rendered":"LEGO Creator 30285 Tygrys"},"content":{"rendered":"<p>LEGO 30285 CREATOR TIGER TYGRYSLEGO 30285 TIGER TYGRYS<\/p>\n<h2>LEGO Creator 30285 Tygrys LEGO<\/h2>\n<p>zagadki na inteligencj\u0119, opowie\u015b\u0107 wigilijna test z odpowiedziami, zimowe zagadki, maska do druku, kundel bury tekst, audiobook dla dzieci za darmo, matylda imie, \u017cyczenia na lany poniedzia\u0142ek wielkanocny, quiz pi\u0142karski, nadie\u017cda imi\u0119, prezenty dla nastolatka, oryginalny prezent na roczek dla dziewczynki, test dynastia mizio\u0142k\u00f3w<\/p>\n<p>yyyyy<\/p>\n<p>&nbsp;<\/p>\n","protected":false},"excerpt":{"rendered":"<p>LEGO 30285 CREATOR TIGER TYGRYSLEGO 30285 TIGER TYGRYS LEGO Creator 30285 Tygrys LEGO zagadki na inteligencj\u0119, opowie\u015b\u0107 wigilijna test z odpowiedziami, zimowe zagadki, maska do druku, kundel bury tekst, audiobook dla dzieci za darmo, matylda imie, \u017cyczenia na lany poniedzia\u0142ek wielkanocny, quiz pi\u0142karski, nadie\u017cda imi\u0119, prezenty dla nastolatka, oryginalny prezent na roczek dla dziewczynki, test [&hellip;]<\/p>\n","protected":false},"featured_media":6529,"comment_status":"closed","ping_status":"open","template":"","meta":[],"product_cat":[113,540],"product_tag":[768,752,794,708],"class_list":["post-6528","product","type-product","status-publish","has-post-thumbnail","hentry","product_cat-klocki","product_cat-lego","product_tag-krotkie-zagadki-logiczne","product_tag-kuba-imie","product_tag-test-opowiesci-z-narnii-lew-czarownica-i-stara-szafa-do-druku","product_tag-zabawy-ruchowe-dla-dzieci"],"_links":{"self":[{"href":"http:\/\/klubmamgdynia.pl\/index.php\/wp-json\/wp\/v2\/product\/6528","targetHints":{"allow":["GET"]}}],"collection":[{"href":"http:\/\/klubmamgdynia.pl\/index.php\/wp-json\/wp\/v2\/product"}],"about":[{"href":"http:\/\/klubmamgdynia.pl\/index.php\/wp-json\/wp\/v2\/types\/product"}],"replies":[{"embeddable":true,"href":"http:\/\/klubmamgdynia.pl\/index.php\/wp-json\/wp\/v2\/comments?post=6528"}],"wp:featuredmedia":[{"embeddable":true,"href":"http:\/\/klubmamgdynia.pl\/index.php\/wp-json\/wp\/v2\/media\/6529"}],"wp:attachment":[{"href":"http:\/\/klubmamgdynia.pl\/index.php\/wp-json\/wp\/v2\/media?parent=6528"}],"wp:term":[{"taxonomy":"product_cat","embeddable":true,"href":"http:\/\/klubmamgdynia.pl\/index.php\/wp-json\/wp\/v2\/product_cat?post=6528"},{"taxonomy":"product_tag","embeddable":true,"href":"http:\/\/klubmamgdynia.pl\/index.php\/wp-json\/wp\/v2\/product_tag?post=6528"}],"curies":[{"name":"wp","href":"https:\/\/api.w.org\/{rel}","templated":true}]}}