{"id":6530,"date":"2018-09-07T09:22:39","date_gmt":"2018-09-07T07:22:39","guid":{"rendered":"http:\/\/klubmamgdynia.pl\/index.php\/produkt\/rc2-stacyjkowo-mtambo-lc54010\/"},"modified":"2026-04-23T09:24:39","modified_gmt":"2026-04-23T07:24:39","slug":"rc2-stacyjkowo-mtambo-lc54010","status":"publish","type":"product","link":"http:\/\/klubmamgdynia.pl\/index.php\/produkt\/rc2-stacyjkowo-mtambo-lc54010\/","title":{"rendered":"Rc2 Stacyjkowo Mtambo Lc54010"},"content":{"rendered":"<p>LOKOMOTYWA MTAMBOZ SERIALU STACYJKOWO!Solidnie wykonana lokomotywa z serii metalowej Die Cast Stacyjkowo.Lokomotyw\u0119 mo\u017cna \u0142\u0105czy\u0107 z innymi wagonikami ilokomotywami za pomoc\u0105 specjalnych z\u0142\u0105czek.MTABMO jest przewodnikiem w parku Safari. Obie\u017cy\u015bwiat.MTAMBO to zabawka z serii kolejek do zabawy i kolekcjonowania.PRODUKT:MTAMBOWymiary: Wysoko\u015b\u0107: 4.5cm D\u0142ugo\u015b\u0107: 10cm Szeroko\u015b\u0107: 4.5cmWaga: 0.105KgNumer katalogowy: LC54010<\/p>\n<h2>Rc2 Stacyjkowo Mtambo Lc54010 Stacyjkowo<\/h2>\n<p>prezenty dla m\u0142odzie\u017cy, malowanki, kolorowanka kotek do druku, cytaty o dzieci\u0144stwie, imi\u0119 adriana, kolorowanki disney, zagadki dla dzieci 6-7 lat online, opowie\u015bci z narnii lew czarownica i stara szafa test do wydruku, historia pluszowego misia, quiz z bajek, ilona, europa stolice quiz, \u015bwi\u0105teczne filmy familijne, ewelina, kolorowanki lol do druku, tabliczka mno\u017cenia zadania do druku, lato<\/p>\n<p>yyyyy<\/p>\n<p>&nbsp;<\/p>\n","protected":false},"excerpt":{"rendered":"<p>LOKOMOTYWA MTAMBOZ SERIALU STACYJKOWO!Solidnie wykonana lokomotywa z serii metalowej Die Cast Stacyjkowo.Lokomotyw\u0119 mo\u017cna \u0142\u0105czy\u0107 z innymi wagonikami ilokomotywami za pomoc\u0105 specjalnych z\u0142\u0105czek.MTABMO jest przewodnikiem w parku Safari. Obie\u017cy\u015bwiat.MTAMBO to zabawka z serii kolejek do zabawy i kolekcjonowania.PRODUKT:MTAMBOWymiary: Wysoko\u015b\u0107: 4.5cm D\u0142ugo\u015b\u0107: 10cm Szeroko\u015b\u0107: 4.5cmWaga: 0.105KgNumer katalogowy: LC54010 Rc2 Stacyjkowo Mtambo Lc54010 Stacyjkowo prezenty dla m\u0142odzie\u017cy, malowanki, [&hellip;]<\/p>\n","protected":false},"featured_media":6531,"comment_status":"closed","ping_status":"open","template":"","meta":[],"product_cat":[56,1461],"product_tag":[664,763,718,721,796],"class_list":["post-6530","product","type-product","status-publish","has-post-thumbnail","hentry","product_cat-kolejki","product_cat-stacyjkowo","product_tag-atrakcje-dla-dzieci-trojmiasto","product_tag-fabian","product_tag-prezent-na-roczek-dla-chrzesniaka","product_tag-zagadki-matematyczne","product_tag-zagatki"],"_links":{"self":[{"href":"http:\/\/klubmamgdynia.pl\/index.php\/wp-json\/wp\/v2\/product\/6530","targetHints":{"allow":["GET"]}}],"collection":[{"href":"http:\/\/klubmamgdynia.pl\/index.php\/wp-json\/wp\/v2\/product"}],"about":[{"href":"http:\/\/klubmamgdynia.pl\/index.php\/wp-json\/wp\/v2\/types\/product"}],"replies":[{"embeddable":true,"href":"http:\/\/klubmamgdynia.pl\/index.php\/wp-json\/wp\/v2\/comments?post=6530"}],"wp:featuredmedia":[{"embeddable":true,"href":"http:\/\/klubmamgdynia.pl\/index.php\/wp-json\/wp\/v2\/media\/6531"}],"wp:attachment":[{"href":"http:\/\/klubmamgdynia.pl\/index.php\/wp-json\/wp\/v2\/media?parent=6530"}],"wp:term":[{"taxonomy":"product_cat","embeddable":true,"href":"http:\/\/klubmamgdynia.pl\/index.php\/wp-json\/wp\/v2\/product_cat?post=6530"},{"taxonomy":"product_tag","embeddable":true,"href":"http:\/\/klubmamgdynia.pl\/index.php\/wp-json\/wp\/v2\/product_tag?post=6530"}],"curies":[{"name":"wp","href":"https:\/\/api.w.org\/{rel}","templated":true}]}}