{"id":6532,"date":"2020-07-21T01:16:22","date_gmt":"2020-07-20T23:16:22","guid":{"rendered":"http:\/\/klubmamgdynia.pl\/index.php\/produkt\/albero-mio-otulacz-muslinowy-b002-boho-beige\/"},"modified":"2026-04-09T00:02:38","modified_gmt":"2026-04-08T22:02:38","slug":"albero-mio-otulacz-muslinowy-b002-boho-beige","status":"publish","type":"product","link":"http:\/\/klubmamgdynia.pl\/index.php\/produkt\/albero-mio-otulacz-muslinowy-b002-boho-beige\/","title":{"rendered":"Albero Mio Otulacz Mu\u015blinowy B002 Boho Beige"},"content":{"rendered":"<h2>Albero Mio Otulacz Mu\u015blinowy B002 Boho Beige Albero Mio<\/h2>\n<p>malowanki, prezent dla 14 latki, zagadki na bal karnawa\u0142owy w przedszkolu, kolorowanka konie, bajki do czytania dla dzieci, bajki dla niemowl\u0105t do czytania, pisanie po \u015bladzie do druku pdf, glupie zagadki, zagadki zimowe, zagadki przyrodnicze, co robi\u0107 z dzieckiem w warszawie, kamila, esmeralda, fabian, kolorowanka kotki, zagadki dla dzieci 6-7 lat online, prezent na 1 urodziny dla dziewczynki, zagadki zagadki, podchwytliwe zagadki dla dzieci<\/p>\n<p>yyyyy<\/p>\n<p>&nbsp;<\/p>\n","protected":false},"excerpt":{"rendered":"<p>Albero Mio Otulacz Mu\u015blinowy B002 Boho Beige Albero Mio malowanki, prezent dla 14 latki, zagadki na bal karnawa\u0142owy w przedszkolu, kolorowanka konie, bajki do czytania dla dzieci, bajki dla niemowl\u0105t do czytania, pisanie po \u015bladzie do druku pdf, glupie zagadki, zagadki zimowe, zagadki przyrodnicze, co robi\u0107 z dzieckiem w warszawie, kamila, esmeralda, fabian, kolorowanka kotki, [&hellip;]<\/p>\n","protected":false},"featured_media":6533,"comment_status":"closed","ping_status":"open","template":"","meta":[],"product_cat":[1086,1437],"product_tag":[662,639,743,850,760],"class_list":["post-6532","product","type-product","status-publish","has-post-thumbnail","hentry","product_cat-albero-mio","product_cat-rozki-i-beciki","product_tag-bajki-na-dobranoc","product_tag-nela-imie","product_tag-quiz-dla-dzieci","product_tag-wroclaw-atrakcje-dla-dzieci","product_tag-zagadka-matematyczna"],"_links":{"self":[{"href":"http:\/\/klubmamgdynia.pl\/index.php\/wp-json\/wp\/v2\/product\/6532","targetHints":{"allow":["GET"]}}],"collection":[{"href":"http:\/\/klubmamgdynia.pl\/index.php\/wp-json\/wp\/v2\/product"}],"about":[{"href":"http:\/\/klubmamgdynia.pl\/index.php\/wp-json\/wp\/v2\/types\/product"}],"replies":[{"embeddable":true,"href":"http:\/\/klubmamgdynia.pl\/index.php\/wp-json\/wp\/v2\/comments?post=6532"}],"wp:featuredmedia":[{"embeddable":true,"href":"http:\/\/klubmamgdynia.pl\/index.php\/wp-json\/wp\/v2\/media\/6533"}],"wp:attachment":[{"href":"http:\/\/klubmamgdynia.pl\/index.php\/wp-json\/wp\/v2\/media?parent=6532"}],"wp:term":[{"taxonomy":"product_cat","embeddable":true,"href":"http:\/\/klubmamgdynia.pl\/index.php\/wp-json\/wp\/v2\/product_cat?post=6532"},{"taxonomy":"product_tag","embeddable":true,"href":"http:\/\/klubmamgdynia.pl\/index.php\/wp-json\/wp\/v2\/product_tag?post=6532"}],"curies":[{"name":"wp","href":"https:\/\/api.w.org\/{rel}","templated":true}]}}