{"id":6534,"date":"2013-02-11T14:57:36","date_gmt":"2013-02-11T13:57:36","guid":{"rendered":"http:\/\/klubmamgdynia.pl\/index.php\/produkt\/adar-zestaw-piracki-535978-zabawka\/"},"modified":"2026-04-29T12:13:30","modified_gmt":"2026-04-29T10:13:30","slug":"adar-zestaw-piracki-535978-zabawka","status":"publish","type":"product","link":"http:\/\/klubmamgdynia.pl\/index.php\/produkt\/adar-zestaw-piracki-535978-zabawka\/","title":{"rendered":"Adar Zestaw Piracki 535978 &#8211; Zabawka"},"content":{"rendered":"<h2>Adar Zestaw Piracki 535978 &#8211; Zabawka Adar<\/h2>\n<p>zagadki logiczne \u015bmieszne, kolorowanki dla dziewczynek 10 lat, najrzadsze imiona dla dziewczynek, zagadki dla dzieci 7 lat, \u0142amig\u0142\u00f3wki do druku, w\u0142ochy, \u017carty na prima aprilis na rodzic\u00f3w, calineczka test z odpowiedziami, alina, atrakcje dla dzieci w warszawie dzi\u015b, maska batmana do druku, bajki dla dzieci do czytania, zagadki dla dzieci 4-5 lat online, cytaty o dziecku, cytat rodzina, test miko\u0142ajek<\/p>\n<p>yyyyy<\/p>\n<p>&nbsp;<\/p>\n","protected":false},"excerpt":{"rendered":"<p>Adar Zestaw Piracki 535978 &#8211; Zabawka Adar zagadki logiczne \u015bmieszne, kolorowanki dla dziewczynek 10 lat, najrzadsze imiona dla dziewczynek, zagadki dla dzieci 7 lat, \u0142amig\u0142\u00f3wki do druku, w\u0142ochy, \u017carty na prima aprilis na rodzic\u00f3w, calineczka test z odpowiedziami, alina, atrakcje dla dzieci w warszawie dzi\u015b, maska batmana do druku, bajki dla dzieci do czytania, zagadki [&hellip;]<\/p>\n","protected":false},"featured_media":6535,"comment_status":"closed","ping_status":"open","template":"","meta":[],"product_cat":[175,53],"product_tag":[781,657,759,609],"class_list":["post-6534","product","type-product","status-publish","has-post-thumbnail","hentry","product_cat-adar","product_cat-kaciki-zabaw","product_tag-cytaty-o-wychowaniu-dzieci","product_tag-lol-kolorowanka","product_tag-pomysly-na-prezent-dla-nastolatkow","product_tag-quiz-flagi-europy"],"_links":{"self":[{"href":"http:\/\/klubmamgdynia.pl\/index.php\/wp-json\/wp\/v2\/product\/6534","targetHints":{"allow":["GET"]}}],"collection":[{"href":"http:\/\/klubmamgdynia.pl\/index.php\/wp-json\/wp\/v2\/product"}],"about":[{"href":"http:\/\/klubmamgdynia.pl\/index.php\/wp-json\/wp\/v2\/types\/product"}],"replies":[{"embeddable":true,"href":"http:\/\/klubmamgdynia.pl\/index.php\/wp-json\/wp\/v2\/comments?post=6534"}],"wp:featuredmedia":[{"embeddable":true,"href":"http:\/\/klubmamgdynia.pl\/index.php\/wp-json\/wp\/v2\/media\/6535"}],"wp:attachment":[{"href":"http:\/\/klubmamgdynia.pl\/index.php\/wp-json\/wp\/v2\/media?parent=6534"}],"wp:term":[{"taxonomy":"product_cat","embeddable":true,"href":"http:\/\/klubmamgdynia.pl\/index.php\/wp-json\/wp\/v2\/product_cat?post=6534"},{"taxonomy":"product_tag","embeddable":true,"href":"http:\/\/klubmamgdynia.pl\/index.php\/wp-json\/wp\/v2\/product_tag?post=6534"}],"curies":[{"name":"wp","href":"https:\/\/api.w.org\/{rel}","templated":true}]}}