{"id":6536,"date":"2012-12-31T18:53:03","date_gmt":"2012-12-31T17:53:03","guid":{"rendered":"http:\/\/klubmamgdynia.pl\/index.php\/produkt\/babys-only-babys-music-mobile-khaki-srebrnoszary\/"},"modified":"2026-04-22T20:18:31","modified_gmt":"2026-04-22T18:18:31","slug":"babys-only-babys-music-mobile-khaki-srebrnoszary","status":"publish","type":"product","link":"http:\/\/klubmamgdynia.pl\/index.php\/produkt\/babys-only-babys-music-mobile-khaki-srebrnoszary\/","title":{"rendered":"Baby&#8217;S Only Baby&#8217;S Music Mobile Khaki-Srebrnoszary"},"content":{"rendered":"<p>Babys Only &#8211; Marka Dutch Life style dla niemowl\u0105t i pokoik\u00f3w dzieci\u0119cych przekonuje jako\u015bci\u0105, modern it Design i r\u00f3\u017cnorodno\u015bci\u0105! Ta przytulnie mi\u0119kka i przyjazna dziecku drewniana grzechotka jest pomocna w pierwszych pr\u00f3bach dotyku i chwytania przez Twoje dziecko. Obr\u0105czka wykonana jest z drewna, a uroczy s\u0142onik wyszyde\u0142kowany jest z milutkiej, mi\u0119kkiej dzianiny. Szczeg\u00f3\u0142y produktu: Wymiary (d\u0142ugo\u015b\u0107 x szeroko\u015b\u0107 x wysoko\u015b\u0107): 13 x 10 x 5 cm. Waga: ok. 50 gr. Materia\u0142 pier\u015bcienia: drewno Materia\u0142: s\u0142o\u0144: 100 % poliester, wype\u0142nienie: 100 % poliester Czyszczenie: mo\u017cna my\u0107 wilgotn\u0105 \u015bciereczk\u0105 Wiek: od 0 miesi\u0119cy<\/p>\n<h2>BabyS Only BabyS Music Mobile Khaki-Srebrnoszary <\/h2>\n<p>malgorzata znaczenie imienia, proste przepisy dla dzieci, literki do pisania do druku, cytaty dziecko, bajki dla dziewczynek, okolice wroc\u0142awia atrakcje, kolorowanki disney, krak\u00f3w atrakcje dla dzieci, imie leon, jednoro\u017cec kolorowanka do druku, dzieci.pl, kolorowanka spiderman, quiz o wio\u015bnie, zabawy dla 5 latka, cytaty o dzieciach, bajki dla dzieci do czytania na dobranoc, zabawy tematyczne przyk\u0142ady, kanapki na urodziny dziecka, cytaty o dzieciach, irma, gabriel imie<\/p>\n<p>yyyyy<\/p>\n<p>&nbsp;<\/p>\n","protected":false},"excerpt":{"rendered":"<p>Babys Only &#8211; Marka Dutch Life style dla niemowl\u0105t i pokoik\u00f3w dzieci\u0119cych przekonuje jako\u015bci\u0105, modern it Design i r\u00f3\u017cnorodno\u015bci\u0105! Ta przytulnie mi\u0119kka i przyjazna dziecku drewniana grzechotka jest pomocna w pierwszych pr\u00f3bach dotyku i chwytania przez Twoje dziecko. Obr\u0105czka wykonana jest z drewna, a uroczy s\u0142onik wyszyde\u0142kowany jest z milutkiej, mi\u0119kkiej dzianiny. Szczeg\u00f3\u0142y produktu: Wymiary [&hellip;]<\/p>\n","protected":false},"featured_media":6537,"comment_status":"closed","ping_status":"open","template":"","meta":[],"product_cat":[63],"product_tag":[871,864,706,729,840],"class_list":["post-6536","product","type-product","status-publish","has-post-thumbnail","hentry","product_cat-grzechotki-i-gryzaki","product_tag-bajka-o-smoku-wawelskim","product_tag-basen-warszawa","product_tag-imie-kuba","product_tag-madre-bajki-dla-dzieci-do-czytania","product_tag-stare-bajki"],"_links":{"self":[{"href":"http:\/\/klubmamgdynia.pl\/index.php\/wp-json\/wp\/v2\/product\/6536","targetHints":{"allow":["GET"]}}],"collection":[{"href":"http:\/\/klubmamgdynia.pl\/index.php\/wp-json\/wp\/v2\/product"}],"about":[{"href":"http:\/\/klubmamgdynia.pl\/index.php\/wp-json\/wp\/v2\/types\/product"}],"replies":[{"embeddable":true,"href":"http:\/\/klubmamgdynia.pl\/index.php\/wp-json\/wp\/v2\/comments?post=6536"}],"wp:featuredmedia":[{"embeddable":true,"href":"http:\/\/klubmamgdynia.pl\/index.php\/wp-json\/wp\/v2\/media\/6537"}],"wp:attachment":[{"href":"http:\/\/klubmamgdynia.pl\/index.php\/wp-json\/wp\/v2\/media?parent=6536"}],"wp:term":[{"taxonomy":"product_cat","embeddable":true,"href":"http:\/\/klubmamgdynia.pl\/index.php\/wp-json\/wp\/v2\/product_cat?post=6536"},{"taxonomy":"product_tag","embeddable":true,"href":"http:\/\/klubmamgdynia.pl\/index.php\/wp-json\/wp\/v2\/product_tag?post=6536"}],"curies":[{"name":"wp","href":"https:\/\/api.w.org\/{rel}","templated":true}]}}