{"id":6538,"date":"2016-10-11T12:12:06","date_gmt":"2016-10-11T10:12:06","guid":{"rendered":"http:\/\/klubmamgdynia.pl\/index.php\/produkt\/tm-toys-3doodler-wklad-jednokolorowy-mietowy\/"},"modified":"2026-05-17T22:13:49","modified_gmt":"2026-05-17T20:13:49","slug":"tm-toys-3doodler-wklad-jednokolorowy-mietowy","status":"publish","type":"product","link":"http:\/\/klubmamgdynia.pl\/index.php\/produkt\/tm-toys-3doodler-wklad-jednokolorowy-mietowy\/","title":{"rendered":"Tm Toys 3Doodler Wk\u0142ad Jednokolorowy Mi\u0119towy"},"content":{"rendered":"<p>Daj wyraz swojej kreatywno\u015bci i pobud\u017a wyobra\u017ani\u0119 dzi\u0119ki 3Doodler &#8211; d\u0142ugopisowi 3D, kt\u00f3ry powsta\u0142 specjalnie z my\u015bl\u0105 o dzieciach!Zestaw uzupe\u0142niaj\u0105cych eko-wk\u0142ad\u00f3w do d\u0142ugopisu 3Doodler, pozwoli na tworzenie jeszcze wi\u0119kszej ilo\u015bci wspania\u0142ych tr\u00f3jwymiarowych obiekt\u00f3w. Wystarczy w\u0142o\u017cy\u0107 specjalny eko-wk\u0142ad, kt\u00f3ry jest podgrzewany wewn\u0105trz urz\u0105dzenia (sprzedawane osobno), dzi\u0119ki czemu nabiera w\u0142a\u015bciwo\u015bci plastycznych i pozwala dzieciom tworzy\u0107 dowolne kszta\u0142ty.Zawarto\u015b\u0107 zestawu:wk\u0142ady w kolorze mi\u0119towym 24 szt.<\/p>\n<h2>Tm Toys 3Doodler Wk\u0142ad Jednokolorowy Mi\u0119towy TM Toys<\/h2>\n<p>flagi pa\u0144stw quiz, bajki dla dzieci online, \u015bmieszne zagadki z odpowiedziami, skalne miasto, chase psi patrol kolorowanka, kaczuszka, \u0142amig\u0142owki do druku, opowiadanie o jesieni dla dzieci, europa stolice quiz, mitologia test wiedzy, karty pracy dla uczni\u00f3w z ukrainy, p\u0142onie ognisko w lesie, zabawy z 7 latkiem<\/p>\n<p>yyyyy<\/p>\n<p>&nbsp;<\/p>\n","protected":false},"excerpt":{"rendered":"<p>Daj wyraz swojej kreatywno\u015bci i pobud\u017a wyobra\u017ani\u0119 dzi\u0119ki 3Doodler &#8211; d\u0142ugopisowi 3D, kt\u00f3ry powsta\u0142 specjalnie z my\u015bl\u0105 o dzieciach!Zestaw uzupe\u0142niaj\u0105cych eko-wk\u0142ad\u00f3w do d\u0142ugopisu 3Doodler, pozwoli na tworzenie jeszcze wi\u0119kszej ilo\u015bci wspania\u0142ych tr\u00f3jwymiarowych obiekt\u00f3w. Wystarczy w\u0142o\u017cy\u0107 specjalny eko-wk\u0142ad, kt\u00f3ry jest podgrzewany wewn\u0105trz urz\u0105dzenia (sprzedawane osobno), dzi\u0119ki czemu nabiera w\u0142a\u015bciwo\u015bci plastycznych i pozwala dzieciom tworzy\u0107 dowolne kszta\u0142ty.Zawarto\u015b\u0107 [&hellip;]<\/p>\n","protected":false},"featured_media":6539,"comment_status":"closed","ping_status":"open","template":"","meta":[],"product_cat":[145,21],"product_tag":[863,722,870,860,633],"class_list":["post-6538","product","type-product","status-publish","has-post-thumbnail","hentry","product_cat-tm-toys","product_cat-zabawki-plastyczne","product_tag-bajki-dla-dziewczynek","product_tag-cytaty-o-przyjazni","product_tag-prezent-dla-chlopca-na-roczek","product_tag-zagadki-logiczne-dla-doroslych","product_tag-zagadki-z-odpowiedziami"],"_links":{"self":[{"href":"http:\/\/klubmamgdynia.pl\/index.php\/wp-json\/wp\/v2\/product\/6538","targetHints":{"allow":["GET"]}}],"collection":[{"href":"http:\/\/klubmamgdynia.pl\/index.php\/wp-json\/wp\/v2\/product"}],"about":[{"href":"http:\/\/klubmamgdynia.pl\/index.php\/wp-json\/wp\/v2\/types\/product"}],"replies":[{"embeddable":true,"href":"http:\/\/klubmamgdynia.pl\/index.php\/wp-json\/wp\/v2\/comments?post=6538"}],"wp:featuredmedia":[{"embeddable":true,"href":"http:\/\/klubmamgdynia.pl\/index.php\/wp-json\/wp\/v2\/media\/6539"}],"wp:attachment":[{"href":"http:\/\/klubmamgdynia.pl\/index.php\/wp-json\/wp\/v2\/media?parent=6538"}],"wp:term":[{"taxonomy":"product_cat","embeddable":true,"href":"http:\/\/klubmamgdynia.pl\/index.php\/wp-json\/wp\/v2\/product_cat?post=6538"},{"taxonomy":"product_tag","embeddable":true,"href":"http:\/\/klubmamgdynia.pl\/index.php\/wp-json\/wp\/v2\/product_tag?post=6538"}],"curies":[{"name":"wp","href":"https:\/\/api.w.org\/{rel}","templated":true}]}}