{"id":6542,"date":"2021-09-29T08:15:57","date_gmt":"2021-09-29T06:15:57","guid":{"rendered":"http:\/\/klubmamgdynia.pl\/index.php\/produkt\/miniland-torba-termoizolacyjna-thermibag-deluxe-gold-500ml-380ml-750ml\/"},"modified":"2026-05-17T22:28:52","modified_gmt":"2026-05-17T20:28:52","slug":"miniland-torba-termoizolacyjna-thermibag-deluxe-gold-500ml-380ml-750ml","status":"publish","type":"product","link":"http:\/\/klubmamgdynia.pl\/index.php\/produkt\/miniland-torba-termoizolacyjna-thermibag-deluxe-gold-500ml-380ml-750ml\/","title":{"rendered":"Miniland Torba Termoizolacyjna Thermibag Deluxe Gold 500Ml &#8211; 380Ml-750Ml"},"content":{"rendered":"<p>Praktyczna torba izotermiczna na butelki izolowane i butelki dla niemowl\u0105t. Utrzymuje temperatur\u0119 przez jeszcze d\u0142u\u017cszy czas Torby te dzia\u0142aj\u0105 jako dodatkowa warstwa izolacyjna dla butelek termos\u00f3w, pomagaj\u0105c chroni\u0107 je przed wp\u0142ywem temperatury otoczenia i utrzymywa\u0107 temperatur\u0119 napoj\u00f3w przez jeszcze d\u0142u\u017cszy czas. Stylowy, elegancki Design na butelki izolowane o pojemno\u015bci 500ml Torby termoizolacyjne thermibag deluxe zosta\u0142y zaprojektowane specjalnie dla butelek termoizolacyjnych o pojemno\u015bci oko\u0142o 500 ml i s\u0105 dost\u0119pne w trzech wersjach Design , dzi\u0119ki czemu mo\u017cesz przechowywa\u0107 swoje termobutelki w torbie w wybranym przez siebie kolorze. Wytrzyma\u0142e materia\u0142y zapewniaj\u0105 skuteczn\u0105 ochron\u0119 Torby wykonane s\u0105 z bardzo wytrzyma\u0142ych materia\u0142\u00f3w, dzi\u0119ki czemu chroni\u0105 przechowywane w nich izolowane butelki przed otarciami, uderzeniami i zadrapaniami. Do zabrania ze sob\u0105, gdziekolwiek si\u0119 wybierasz Mo\u017cesz wybra\u0107 odpowiedni rozmiar torby na izolowan\u0105 butelk\u0119 i zabra\u0107 j\u0105 ze sob\u0105, gdziekolwiek si\u0119 wybierasz. Torby s\u0105 idealne do zabrania w podr\u00f3\u017c lub gdy dziecko jest pozostawione pod opiek\u0105 innej osoby. Torb\u0119 mo\u017cna r\u00f3wnie\u017c zawiesi\u0107 na w\u00f3zku za pasek, co czyni j\u0105 jeszcze wygodniejsz\u0105 do przenoszenia. Jedzenie dla dziecka zawsze gotowe do spo\u017cycia Mo\u017cesz przygotowa\u0107 jedzenie dla dziecka w domu i zabra\u0107 je ze sob\u0105, gdziekolwiek si\u0119 wybierasz. Torba izotermiczna utrzymuje pokarm dziecka w odpowiedniej temperaturze przez wiele godzin. Otwierany za pomoc\u0105 g\u00f3rnego zamka b\u0142yskawicznego Torb\u0119 izotermiczn\u0105 mo\u017cna otworzy\u0107 za pomoc\u0105 zamka b\u0142yskawicznego na jej g\u00f3rnej cz\u0119\u015bci. Pozwala to na korzystanie z izolowanej butelki znajduj\u0105cej si\u0119 w \u015brodku bez konieczno\u015bci jej wyjmowania. Szczeg\u00f3\u0142y produktu: Izolacja Wysokiej jako\u015bci materia\u0142y Do zabrania ze sob\u0105, gdziekolwiek si\u0119 wybierasz Wygodny pasek do zawieszania Otwierany za pomoc\u0105 g\u00f3rnego zamka b\u0142yskawicznego<\/p>\n<h2>Miniland Torba Termoizolacyjna Thermibag Deluxe Gold 500Ml &#8211; 380Ml-750Ml Miniland<\/h2>\n<p>oryginalny prezent dla nastolatk\u00f3w, jak dobra\u0107 narty dla dziecka, do druku dla dzieci, milan imi\u0119, historia pluszowego misia dla dzieci, matylda imie, przyja\u017a\u0144 cytaty<\/p>\n<p>yyyyy<\/p>\n<p>&nbsp;<\/p>\n","protected":false},"excerpt":{"rendered":"<p>Praktyczna torba izotermiczna na butelki izolowane i butelki dla niemowl\u0105t. Utrzymuje temperatur\u0119 przez jeszcze d\u0142u\u017cszy czas Torby te dzia\u0142aj\u0105 jako dodatkowa warstwa izolacyjna dla butelek termos\u00f3w, pomagaj\u0105c chroni\u0107 je przed wp\u0142ywem temperatury otoczenia i utrzymywa\u0107 temperatur\u0119 napoj\u00f3w przez jeszcze d\u0142u\u017cszy czas. Stylowy, elegancki Design na butelki izolowane o pojemno\u015bci 500ml Torby termoizolacyjne thermibag deluxe zosta\u0142y [&hellip;]<\/p>\n","protected":false},"featured_media":6543,"comment_status":"closed","ping_status":"open","template":"","meta":[],"product_cat":[1451,1105],"product_tag":[650,750,670,779],"class_list":["post-6542","product","type-product","status-publish","has-post-thumbnail","hentry","product_cat-akcesoria-do-butelek","product_cat-miniland","product_tag-choinka-z-bibuly","product_tag-imie-kostek","product_tag-irma","product_tag-zarty-na-prima-aprilis-w-domu"],"_links":{"self":[{"href":"http:\/\/klubmamgdynia.pl\/index.php\/wp-json\/wp\/v2\/product\/6542","targetHints":{"allow":["GET"]}}],"collection":[{"href":"http:\/\/klubmamgdynia.pl\/index.php\/wp-json\/wp\/v2\/product"}],"about":[{"href":"http:\/\/klubmamgdynia.pl\/index.php\/wp-json\/wp\/v2\/types\/product"}],"replies":[{"embeddable":true,"href":"http:\/\/klubmamgdynia.pl\/index.php\/wp-json\/wp\/v2\/comments?post=6542"}],"wp:featuredmedia":[{"embeddable":true,"href":"http:\/\/klubmamgdynia.pl\/index.php\/wp-json\/wp\/v2\/media\/6543"}],"wp:attachment":[{"href":"http:\/\/klubmamgdynia.pl\/index.php\/wp-json\/wp\/v2\/media?parent=6542"}],"wp:term":[{"taxonomy":"product_cat","embeddable":true,"href":"http:\/\/klubmamgdynia.pl\/index.php\/wp-json\/wp\/v2\/product_cat?post=6542"},{"taxonomy":"product_tag","embeddable":true,"href":"http:\/\/klubmamgdynia.pl\/index.php\/wp-json\/wp\/v2\/product_tag?post=6542"}],"curies":[{"name":"wp","href":"https:\/\/api.w.org\/{rel}","templated":true}]}}