{"id":6544,"date":"2015-07-06T17:03:44","date_gmt":"2015-07-06T15:03:44","guid":{"rendered":"http:\/\/klubmamgdynia.pl\/index.php\/produkt\/leantoys-zestaw-do-krojenia-pizza-i-owoce-zabawka\/"},"modified":"2026-04-27T20:47:53","modified_gmt":"2026-04-27T18:47:53","slug":"leantoys-zestaw-do-krojenia-pizza-i-owoce-zabawka","status":"publish","type":"product","link":"http:\/\/klubmamgdynia.pl\/index.php\/produkt\/leantoys-zestaw-do-krojenia-pizza-i-owoce-zabawka\/","title":{"rendered":"Leantoys Zestaw Do Krojenia Pizza I Owoce &#8211; Zabawka"},"content":{"rendered":"<p>Zestaw do Krojenia Pizza i OwoceCzas na przygod\u0119 z gotowaniem. Ka\u017cde dziecko podpatruje mam\u0119 w kuchni, teraz i on mo\u017ce kroi\u0107 i przygotowywa\u0107 jedzenie oraz przek\u0105ski dla rodziny. Nasz zestaw mo\u017ce by\u0107 dodatkiem do zabawy w restauracj\u0119 . Ma\u0142y kucharz naucz<\/p>\n<h2>Leantoys Zestaw Do Krojenia Pizza I Owoce &#8211; Zabawka <\/h2>\n<p>lego ninjago kolorowanki, najrzadsze imiona, testy z lektury zemsta, co mo\u017cna zrobi\u0107 na prima aprilis, by\u0142 sobie kr\u00f3l, psi patrol do czytania<\/p>\n<p>yyyyy<\/p>\n<p>&nbsp;<\/p>\n","protected":false},"excerpt":{"rendered":"<p>Zestaw do Krojenia Pizza i OwoceCzas na przygod\u0119 z gotowaniem. Ka\u017cde dziecko podpatruje mam\u0119 w kuchni, teraz i on mo\u017ce kroi\u0107 i przygotowywa\u0107 jedzenie oraz przek\u0105ski dla rodziny. Nasz zestaw mo\u017ce by\u0107 dodatkiem do zabawy w restauracj\u0119 . Ma\u0142y kucharz naucz Leantoys Zestaw Do Krojenia Pizza I Owoce &#8211; Zabawka lego ninjago kolorowanki, najrzadsze imiona, [&hellip;]<\/p>\n","protected":false},"featured_media":6545,"comment_status":"closed","ping_status":"open","template":"","meta":[],"product_cat":[53],"product_tag":[766,684,799,577],"class_list":["post-6544","product","type-product","status-publish","has-post-thumbnail","hentry","product_cat-kaciki-zabaw","product_tag-kira","product_tag-prezent-dla-dziewczynki-na-roczek","product_tag-zagadka-logiczna","product_tag-znaki-drogowe-test"],"_links":{"self":[{"href":"http:\/\/klubmamgdynia.pl\/index.php\/wp-json\/wp\/v2\/product\/6544","targetHints":{"allow":["GET"]}}],"collection":[{"href":"http:\/\/klubmamgdynia.pl\/index.php\/wp-json\/wp\/v2\/product"}],"about":[{"href":"http:\/\/klubmamgdynia.pl\/index.php\/wp-json\/wp\/v2\/types\/product"}],"replies":[{"embeddable":true,"href":"http:\/\/klubmamgdynia.pl\/index.php\/wp-json\/wp\/v2\/comments?post=6544"}],"wp:featuredmedia":[{"embeddable":true,"href":"http:\/\/klubmamgdynia.pl\/index.php\/wp-json\/wp\/v2\/media\/6545"}],"wp:attachment":[{"href":"http:\/\/klubmamgdynia.pl\/index.php\/wp-json\/wp\/v2\/media?parent=6544"}],"wp:term":[{"taxonomy":"product_cat","embeddable":true,"href":"http:\/\/klubmamgdynia.pl\/index.php\/wp-json\/wp\/v2\/product_cat?post=6544"},{"taxonomy":"product_tag","embeddable":true,"href":"http:\/\/klubmamgdynia.pl\/index.php\/wp-json\/wp\/v2\/product_tag?post=6544"}],"curies":[{"name":"wp","href":"https:\/\/api.w.org\/{rel}","templated":true}]}}