{"id":6546,"date":"2010-11-28T20:30:51","date_gmt":"2010-11-28T19:30:51","guid":{"rendered":"http:\/\/klubmamgdynia.pl\/index.php\/produkt\/oxo-szczotka-do-butelek-z-dozownikiem-na-plyn\/"},"modified":"2026-04-03T20:58:33","modified_gmt":"2026-04-03T18:58:33","slug":"oxo-szczotka-do-butelek-z-dozownikiem-na-plyn","status":"publish","type":"product","link":"http:\/\/klubmamgdynia.pl\/index.php\/produkt\/oxo-szczotka-do-butelek-z-dozownikiem-na-plyn\/","title":{"rendered":"Oxo Szczotka Do Butelek Z Dozownikiem Na P\u0142yn"},"content":{"rendered":"<p>OXO Szczotka do Butelek z Dozownikiem P\u0142ynuNumer kat.62103300Szczotka z dozownikiem p\u0142ynu umo\u017cliwia skuteczne czyszczenie wi\u0119kszo\u015bci typ\u00f3w butelek. Dzi\u0119ki dozownikowi myd\u0142a ukrytemu w silikonowej r\u0105czce szczotki mo\u017cemy dozowa\u0107 ilo\u015b\u0107 myd\u0142a, aby nie zmarnowa\u0107 ani kropli i odpowiednio wyczy\u015bci\u0107 butelk\u0119. W\u0142osie w szczotce w bezpieczny spos\u00f3b czy\u015bci butelki nie powoduj\u0105c ich zarysowa\u0144. Wygodny stojak w zestawie pozwala przechowywa\u0107 i suszy\u0107 szczotk\u0119 w pozycji pionowej, ale r\u00f3wnie\u017c poziomej.Cechy:- idealna do mycia butelek dzieci\u0119cych- dozownik myd\u0142a w r\u0105czce butelki- aby nala\u0107 p\u0142yn wystarczy odkr\u0119ci\u0107 g\u00f3rn\u0105 cz\u0119\u015b\u0107 r\u0105czki szczotki- stojak pozwala suszy\u0107 i przechowywa\u0107 szczotk\u0119 w pozycji pionowejWymiary:- d\u0142ugo\u015b\u0107 29 cm- max szeroko\u015b\u0107 r\u0105czki 3,2 cm- \u015brednica w\u0142osia 6 cmWymiary w opakowaniu:- szeroko\u015b\u0107 10,7 cm- wysoko\u015b\u0107 38,5 cm- g\u0142eboko\u015b\u0107 7,5 cmOXO to Ameryka\u0144ska marka istniej\u0105ca od 1990 roku, oferuj\u0105c ponad 850 artyku\u0142\u00f3w gospodarstwa domowego z r\u00f3\u017cnych kategorii. Jej produkty, s\u0105 ju\u017c dost\u0119pne w 75 krajach oferuj\u0105c ponad 850 artyku\u0142\u00f3w. Uznawane na \u015bwiecie za wzorowy przyk\u0142ad efektywnego wykorzystania zasad projektowania uniwersalnego. Ka\u017cdy produkt opracowano zgodnie z zasad\u0105 projektowania uniwersalnego, czyli zaprojektowanie produkt\u00f3w dla najstarszych i najm\u0142odszych, dla prawor\u0119cznych i lewor\u0119cznych, dla kobiet i m\u0119\u017cczyzn, oraz dla os\u00f3b o szczeg\u00f3lnych potrzebach. Produkty OXO zdoby\u0142y ponad 150 mi\u0119dzynarodowych nagr\u00f3d za opakowania, wzornictwo i to\u017csamo\u015b\u0107 marki.<\/p>\n<h2>Oxo Szczotka Do Butelek Z Dozownikiem Na P\u0142yn Oxo<\/h2>\n<p>trudne zagadki na inteligencj\u0119, zagadki halloween dla dzieci, pi\u0119kne kr\u00f3tkie wiersze, rysunki dla pocz\u0105tkuj\u0105cych, kolysanki tekst, w uk\u0142adzie s\u0142onecznym, co kupi\u0107 dziecku na roczek, zagadki o wiosnie, oskar imi\u0119, atrakcje dla dzieci wielkopolska, \u017cyczenia wielkanocne dla dzieci kr\u00f3tkie, najlepsze \u017carty na prima aprilis, jak narysowa\u0107 nos, trudne zagadki matematyczne, kolorowanki \u015bwi\u0105teczne do druku pdf, wulkan z sody, kolorowanki do druku lol, zagadki dla 4 latka<\/p>\n<p>yyyyy<\/p>\n<p>&nbsp;<\/p>\n","protected":false},"excerpt":{"rendered":"<p>OXO Szczotka do Butelek z Dozownikiem P\u0142ynuNumer kat.62103300Szczotka z dozownikiem p\u0142ynu umo\u017cliwia skuteczne czyszczenie wi\u0119kszo\u015bci typ\u00f3w butelek. Dzi\u0119ki dozownikowi myd\u0142a ukrytemu w silikonowej r\u0105czce szczotki mo\u017cemy dozowa\u0107 ilo\u015b\u0107 myd\u0142a, aby nie zmarnowa\u0107 ani kropli i odpowiednio wyczy\u015bci\u0107 butelk\u0119. W\u0142osie w szczotce w bezpieczny spos\u00f3b czy\u015bci butelki nie powoduj\u0105c ich zarysowa\u0144. Wygodny stojak w zestawie pozwala [&hellip;]<\/p>\n","protected":false},"featured_media":6547,"comment_status":"closed","ping_status":"open","template":"","meta":[],"product_cat":[1451,1478],"product_tag":[829,866,739,609],"class_list":["post-6546","product","type-product","status-publish","has-post-thumbnail","hentry","product_cat-akcesoria-do-butelek","product_cat-oxo","product_tag-bajki-do-czytania-na-dobranoc","product_tag-opis-do-zdjecia-dziecka-na-fb","product_tag-prima-aprilis-w-szkole","product_tag-quiz-flagi-europy"],"_links":{"self":[{"href":"http:\/\/klubmamgdynia.pl\/index.php\/wp-json\/wp\/v2\/product\/6546","targetHints":{"allow":["GET"]}}],"collection":[{"href":"http:\/\/klubmamgdynia.pl\/index.php\/wp-json\/wp\/v2\/product"}],"about":[{"href":"http:\/\/klubmamgdynia.pl\/index.php\/wp-json\/wp\/v2\/types\/product"}],"replies":[{"embeddable":true,"href":"http:\/\/klubmamgdynia.pl\/index.php\/wp-json\/wp\/v2\/comments?post=6546"}],"wp:featuredmedia":[{"embeddable":true,"href":"http:\/\/klubmamgdynia.pl\/index.php\/wp-json\/wp\/v2\/media\/6547"}],"wp:attachment":[{"href":"http:\/\/klubmamgdynia.pl\/index.php\/wp-json\/wp\/v2\/media?parent=6546"}],"wp:term":[{"taxonomy":"product_cat","embeddable":true,"href":"http:\/\/klubmamgdynia.pl\/index.php\/wp-json\/wp\/v2\/product_cat?post=6546"},{"taxonomy":"product_tag","embeddable":true,"href":"http:\/\/klubmamgdynia.pl\/index.php\/wp-json\/wp\/v2\/product_tag?post=6546"}],"curies":[{"name":"wp","href":"https:\/\/api.w.org\/{rel}","templated":true}]}}