{"id":6550,"date":"2024-08-11T04:25:50","date_gmt":"2024-08-11T02:25:50","guid":{"rendered":"http:\/\/klubmamgdynia.pl\/?post_type=product&#038;p=6550"},"modified":"2026-04-03T18:45:23","modified_gmt":"2026-04-03T16:45:23","slug":"ramiz-maly-lekarz-doktor-zestaw-lekarski-dla-dzieci-zabawka","status":"publish","type":"product","link":"http:\/\/klubmamgdynia.pl\/index.php\/produkt\/ramiz-maly-lekarz-doktor-zestaw-lekarski-dla-dzieci-zabawka\/","title":{"rendered":"Ramiz Ma\u0142y Lekarz Doktor Zestaw Lekarski Dla Dzieci &#8211; Zabawka"},"content":{"rendered":"<p>ZESTAW LEKARSKI W WALIZCEMedyczne centrum &#8211; Zdz918Zestaw lekarski z narz\u0119dziami, walizka z r\u0105czk\u0105, ambulans na k\u00f3\u0142kachPrzeno\u015bna rozk\u0142adana walizka \u2013 ambulans na k\u00f3\u0142kachBlat z imitacj\u0105 rezonansu magnetycznego2 boczne p\u00f3\u0142eczkiWieszak na przybory lekarskieOkularyNo\u017cyczkiNo\u017cyczki ze szczypczykamiTermometrStrzykawkaPincetaWziernikLusterkoM\u0142oteczekWymiary :Walizka 26,5 cm x 21 cm x 9,5 cm,Opakowanie 27 cm x 21 cm x 10 cm<\/p>\n<h2>Ramiz Ma\u0142y Lekarz Doktor Zestaw Lekarski Dla Dzieci &#8211; Zabawka Ramiz<\/h2>\n<p>alina, w uk\u0142adzie s\u0142onecznym, hello kitty kolorowanka, podchwytliwe zagadki dla dzieci, psikusy na prima aprilis, malgorzata znaczenie imienia, konkurs dla dzieci, dzieci.pl, najpi\u0119kniejsze piosenki \u015bwi\u0105teczne dla dzieci, najlepsze pranki na prima aprilis, \u015bmieszne \u0142ama\u0144ce j\u0119zykowe, kolorowanki pi\u0142karskie<\/p>\n<p>yyyyy<\/p>\n<p>&nbsp;<\/p>\n","protected":false},"excerpt":{"rendered":"<p>ZESTAW LEKARSKI W WALIZCEMedyczne centrum &#8211; Zdz918Zestaw lekarski z narz\u0119dziami, walizka z r\u0105czk\u0105, ambulans na k\u00f3\u0142kachPrzeno\u015bna rozk\u0142adana walizka \u2013 ambulans na k\u00f3\u0142kachBlat z imitacj\u0105 rezonansu magnetycznego2 boczne p\u00f3\u0142eczkiWieszak na przybory lekarskieOkularyNo\u017cyczkiNo\u017cyczki ze szczypczykamiTermometrStrzykawkaPincetaWziernikLusterkoM\u0142oteczekWymiary :Walizka 26,5 cm x 21 cm x 9,5 cm,Opakowanie 27 cm x 21 cm x 10 cm Ramiz Ma\u0142y Lekarz Doktor Zestaw [&hellip;]<\/p>\n","protected":false},"featured_media":6551,"comment_status":"closed","ping_status":"open","template":"","meta":[],"product_cat":[53,36],"product_tag":[676,842,679,709],"class_list":["post-6550","product","type-product","status-publish","has-post-thumbnail","hentry","product_cat-kaciki-zabaw","product_cat-ramiz","product_tag-bursztynek","product_tag-plac-zabaw-poznan","product_tag-zabawki-na-roczek-dla-dziewczynki","product_tag-zagadki-dla-dzieci-6-7-lat"],"_links":{"self":[{"href":"http:\/\/klubmamgdynia.pl\/index.php\/wp-json\/wp\/v2\/product\/6550","targetHints":{"allow":["GET"]}}],"collection":[{"href":"http:\/\/klubmamgdynia.pl\/index.php\/wp-json\/wp\/v2\/product"}],"about":[{"href":"http:\/\/klubmamgdynia.pl\/index.php\/wp-json\/wp\/v2\/types\/product"}],"replies":[{"embeddable":true,"href":"http:\/\/klubmamgdynia.pl\/index.php\/wp-json\/wp\/v2\/comments?post=6550"}],"wp:featuredmedia":[{"embeddable":true,"href":"http:\/\/klubmamgdynia.pl\/index.php\/wp-json\/wp\/v2\/media\/6551"}],"wp:attachment":[{"href":"http:\/\/klubmamgdynia.pl\/index.php\/wp-json\/wp\/v2\/media?parent=6550"}],"wp:term":[{"taxonomy":"product_cat","embeddable":true,"href":"http:\/\/klubmamgdynia.pl\/index.php\/wp-json\/wp\/v2\/product_cat?post=6550"},{"taxonomy":"product_tag","embeddable":true,"href":"http:\/\/klubmamgdynia.pl\/index.php\/wp-json\/wp\/v2\/product_tag?post=6550"}],"curies":[{"name":"wp","href":"https:\/\/api.w.org\/{rel}","templated":true}]}}