{"id":6554,"date":"2018-07-08T11:13:35","date_gmt":"2018-07-08T09:13:35","guid":{"rendered":"http:\/\/klubmamgdynia.pl\/index.php\/produkt\/gili-gums-gryzaki-owoce-2-pak\/"},"modified":"2026-04-04T10:25:14","modified_gmt":"2026-04-04T08:25:14","slug":"gili-gums-gryzaki-owoce-2-pak","status":"publish","type":"product","link":"http:\/\/klubmamgdynia.pl\/index.php\/produkt\/gili-gums-gryzaki-owoce-2-pak\/","title":{"rendered":"Gili Gums Gryzaki Owoce 2-Pak"},"content":{"rendered":"<p>Gryzaki owoce 2-pakZestaw silikonowych gryzak\u00f3w w uroczym, owocowym wydaniu zapewni podw\u00f3jn\u0105 pomoc w z\u0105bkowaniu. Gryzaki \u0142\u0105cz\u0105 w sobie walory estetyczne i praktyczne. Ozdobione wypustkami, podczas gryzienia delikatnie masuj\u0105 dzi\u0105s\u0142a, a ich kszta\u0142t oraz otw\u00f3r u\u0142atwiaj\u0105 ma\u0142ym r\u0105czkom chwytanie gryzak\u00f3w. Wykonane w 100% z bezpiecznego silikonu Cechy produktu: \u2013 zr\u00f3\u017cnicowane faktury \u2013 wypustki do masowania dzi\u0105se\u0142 \u2013 dostosowany do ma\u0142ych r\u0105czek \u2013 w zestawie 2 gryzaki \u2013 wiek: 3m+<\/p>\n<h2>Gili Gums Gryzaki Owoce 2-Pak <\/h2>\n<p>film rodzinny o \u015bwi\u0119tach, zabawki dla rocznej dziewczynki, kolorowanki, asiunia &#8211; test z lektury pdf, test opowie\u015b\u0107 wigilijna, malowanki dla dzieci, melania znaczenie imienia, kucyki pony kolorowanka, zagadki wielkanocne przedszkole, malowanki dla dzieci, macierzy\u0144stwo cytaty, zabawy halloweenowe dla dzieci, kubu\u015b puchatek cytaty, smok wawelski bajka, quizy ortograficzne trudne, zagadki logiczne na inteligencj\u0119 dla doros\u0142ych, misie z film\u00f3w animowanych<\/p>\n<p>yyyyy<\/p>\n<p>&nbsp;<\/p>\n","protected":false},"excerpt":{"rendered":"<p>Gryzaki owoce 2-pakZestaw silikonowych gryzak\u00f3w w uroczym, owocowym wydaniu zapewni podw\u00f3jn\u0105 pomoc w z\u0105bkowaniu. Gryzaki \u0142\u0105cz\u0105 w sobie walory estetyczne i praktyczne. Ozdobione wypustkami, podczas gryzienia delikatnie masuj\u0105 dzi\u0105s\u0142a, a ich kszta\u0142t oraz otw\u00f3r u\u0142atwiaj\u0105 ma\u0142ym r\u0105czkom chwytanie gryzak\u00f3w. Wykonane w 100% z bezpiecznego silikonu Cechy produktu: \u2013 zr\u00f3\u017cnicowane faktury \u2013 wypustki do masowania dzi\u0105se\u0142 [&hellip;]<\/p>\n","protected":false},"featured_media":6555,"comment_status":"closed","ping_status":"open","template":"","meta":[],"product_cat":[63],"product_tag":[731,816,620,695],"class_list":["post-6554","product","type-product","status-publish","has-post-thumbnail","hentry","product_cat-grzechotki-i-gryzaki","product_tag-maly-ksiaze-cytaty","product_tag-place-zabaw-warszawa","product_tag-quiz-opowiesci-z-narnii","product_tag-rzadkie-imiona-zenskie"],"_links":{"self":[{"href":"http:\/\/klubmamgdynia.pl\/index.php\/wp-json\/wp\/v2\/product\/6554","targetHints":{"allow":["GET"]}}],"collection":[{"href":"http:\/\/klubmamgdynia.pl\/index.php\/wp-json\/wp\/v2\/product"}],"about":[{"href":"http:\/\/klubmamgdynia.pl\/index.php\/wp-json\/wp\/v2\/types\/product"}],"replies":[{"embeddable":true,"href":"http:\/\/klubmamgdynia.pl\/index.php\/wp-json\/wp\/v2\/comments?post=6554"}],"wp:featuredmedia":[{"embeddable":true,"href":"http:\/\/klubmamgdynia.pl\/index.php\/wp-json\/wp\/v2\/media\/6555"}],"wp:attachment":[{"href":"http:\/\/klubmamgdynia.pl\/index.php\/wp-json\/wp\/v2\/media?parent=6554"}],"wp:term":[{"taxonomy":"product_cat","embeddable":true,"href":"http:\/\/klubmamgdynia.pl\/index.php\/wp-json\/wp\/v2\/product_cat?post=6554"},{"taxonomy":"product_tag","embeddable":true,"href":"http:\/\/klubmamgdynia.pl\/index.php\/wp-json\/wp\/v2\/product_tag?post=6554"}],"curies":[{"name":"wp","href":"https:\/\/api.w.org\/{rel}","templated":true}]}}