{"id":6558,"date":"2025-05-23T06:07:07","date_gmt":"2025-05-23T04:07:07","guid":{"rendered":"http:\/\/klubmamgdynia.pl\/?post_type=product&#038;p=6558"},"modified":"2026-05-03T11:30:39","modified_gmt":"2026-05-03T09:30:39","slug":"goki-grzechotka-elastyczna-z-konikiem-65236","status":"publish","type":"product","link":"http:\/\/klubmamgdynia.pl\/index.php\/produkt\/goki-grzechotka-elastyczna-z-konikiem-65236\/","title":{"rendered":"Goki Grzechotka Elastyczna Z Konikiem (65236)"},"content":{"rendered":"<p>Elastyczna zabawka do r\u0105czki z d\u017awi\u0119cznym dzwoneczkiem. Potrz\u0105saj\u0105c zabawk\u0105 metalowy dzwoneczek wydaje przyjemny dla ucha d\u017awi\u0119k. Ciekawa kolorystyka z pewno\u015bci\u0105 zainteresuje waszego maluszka.Ca\u0142o\u015b\u0107 wykonana z drewna, pokryta bezpieczn\u0105, nietoksyczn\u0105 farb\u0105. Zawieszk\u0119 charakteryzuje solidne wykonanie oraz precyzyjnie wykonane koraliki. Produkt wytworzony w Niemczech z wysokiej jako\u015bci materia\u0142\u00f3w.W celu utrzymania w czysto\u015bci produkt nale\u017cy przeciera\u0107 wilgotn\u0105 szmatk\u0105.Wiek: 0+Wymiary: 9 x 9 cmReferencja: 65236Deklaracja zgodno\u015bci CE<\/p>\n<h2>Goki Grzechotka Elastyczna Z Konikiem (65236) Goki<\/h2>\n<p>nietypowe imiona \u017ce\u0144skie, test opowie\u015bci z narnii lew czarownica i stara szafa do druku, co \u0142apie ale nie rzuca, ozdoby \u015bwi\u0105teczne z rolek po papierze toaletowym, podchwytliwe zagadki dla doros\u0142ych, \u017carty na prima aprilis dla rodzic\u00f3w, prezent dla trzynastolatki, najlepsze \u017carty na prima aprilis, zagadki wielkanocne dla doros\u0142ych, flagi do druku, pikachu kolorowanka, quizy dla dzieci o zwierz\u0119tach, lokomotywa kolorowanka, medrcy swiata, test narnia lew czarownica i stara szafa, kr\u00f3tkie bajki dla dzieci do czytania, \u015bmieszne zagadki, prezent dla nastolatk\u00f3w na \u015bwi\u0119ta, prezenty urodzinowe dla nastolatk\u00f3w, warszawa atrakcje dla dzieci<\/p>\n<p>yyyyy<\/p>\n<p>&nbsp;<\/p>\n","protected":false},"excerpt":{"rendered":"<p>Elastyczna zabawka do r\u0105czki z d\u017awi\u0119cznym dzwoneczkiem. Potrz\u0105saj\u0105c zabawk\u0105 metalowy dzwoneczek wydaje przyjemny dla ucha d\u017awi\u0119k. Ciekawa kolorystyka z pewno\u015bci\u0105 zainteresuje waszego maluszka.Ca\u0142o\u015b\u0107 wykonana z drewna, pokryta bezpieczn\u0105, nietoksyczn\u0105 farb\u0105. Zawieszk\u0119 charakteryzuje solidne wykonanie oraz precyzyjnie wykonane koraliki. Produkt wytworzony w Niemczech z wysokiej jako\u015bci materia\u0142\u00f3w.W celu utrzymania w czysto\u015bci produkt nale\u017cy przeciera\u0107 wilgotn\u0105 szmatk\u0105.Wiek: [&hellip;]<\/p>\n","protected":false},"featured_media":6559,"comment_status":"closed","ping_status":"open","template":"","meta":[],"product_cat":[227,63],"product_tag":[752,774,627,694],"class_list":["post-6558","product","type-product","status-publish","has-post-thumbnail","hentry","product_cat-goki","product_cat-grzechotki-i-gryzaki","product_tag-kuba-imie","product_tag-prezent-na-roczek-nie-zabawka","product_tag-quiz-dzieci-z-bullerbyn","product_tag-zagadki-swiateczne-dla-dzieci"],"_links":{"self":[{"href":"http:\/\/klubmamgdynia.pl\/index.php\/wp-json\/wp\/v2\/product\/6558","targetHints":{"allow":["GET"]}}],"collection":[{"href":"http:\/\/klubmamgdynia.pl\/index.php\/wp-json\/wp\/v2\/product"}],"about":[{"href":"http:\/\/klubmamgdynia.pl\/index.php\/wp-json\/wp\/v2\/types\/product"}],"replies":[{"embeddable":true,"href":"http:\/\/klubmamgdynia.pl\/index.php\/wp-json\/wp\/v2\/comments?post=6558"}],"wp:featuredmedia":[{"embeddable":true,"href":"http:\/\/klubmamgdynia.pl\/index.php\/wp-json\/wp\/v2\/media\/6559"}],"wp:attachment":[{"href":"http:\/\/klubmamgdynia.pl\/index.php\/wp-json\/wp\/v2\/media?parent=6558"}],"wp:term":[{"taxonomy":"product_cat","embeddable":true,"href":"http:\/\/klubmamgdynia.pl\/index.php\/wp-json\/wp\/v2\/product_cat?post=6558"},{"taxonomy":"product_tag","embeddable":true,"href":"http:\/\/klubmamgdynia.pl\/index.php\/wp-json\/wp\/v2\/product_tag?post=6558"}],"curies":[{"name":"wp","href":"https:\/\/api.w.org\/{rel}","templated":true}]}}