{"id":6560,"date":"2019-03-13T16:56:32","date_gmt":"2019-03-13T15:56:32","guid":{"rendered":"http:\/\/klubmamgdynia.pl\/index.php\/produkt\/gra-rodzinna-pie-face-ciastem-w-twarz\/"},"modified":"2026-04-25T16:23:41","modified_gmt":"2026-04-25T14:23:41","slug":"gra-rodzinna-pie-face-ciastem-w-twarz","status":"publish","type":"product","link":"http:\/\/klubmamgdynia.pl\/index.php\/produkt\/gra-rodzinna-pie-face-ciastem-w-twarz\/","title":{"rendered":"Gra Rodzinna Pie Face Ciastem w Twarz"},"content":{"rendered":"<p>Pie Face Ciastem W Twarz<\/p>\n<h2>Gra Rodzinna Pie Face Ciastem w Twarz Urwiskowo<\/h2>\n<p>iwo imi\u0119, zabawki na roczek dla dziewczynki, psi patrol do czytania, lato lato lato czeka, mia\u0142a baba koguta tekst, jagna imi\u0119, wroc\u0142aw atrakcje dla m\u0142odzie\u017cy, aurelia imie, zabawy na bal karnawa\u0142owy w przedszkolu<\/p>\n<p>yyyyy<\/p>\n<p>&nbsp;<\/p>\n","protected":false},"excerpt":{"rendered":"<p>Pie Face Ciastem W Twarz Gra Rodzinna Pie Face Ciastem w Twarz Urwiskowo iwo imi\u0119, zabawki na roczek dla dziewczynki, psi patrol do czytania, lato lato lato czeka, mia\u0142a baba koguta tekst, jagna imi\u0119, wroc\u0142aw atrakcje dla m\u0142odzie\u017cy, aurelia imie, zabawy na bal karnawa\u0142owy w przedszkolu yyyyy &nbsp;<\/p>\n","protected":false},"featured_media":6561,"comment_status":"closed","ping_status":"open","template":"","meta":[],"product_cat":[295,1123],"product_tag":[650,617,858,599],"class_list":["post-6560","product","type-product","status-publish","has-post-thumbnail","hentry","product_cat-pozostale-zabawki","product_cat-urwiskowo","product_tag-choinka-z-bibuly","product_tag-keyword","product_tag-podchwytliwe-zagadki","product_tag-prezent-dla-nastolatkow-2021"],"_links":{"self":[{"href":"http:\/\/klubmamgdynia.pl\/index.php\/wp-json\/wp\/v2\/product\/6560","targetHints":{"allow":["GET"]}}],"collection":[{"href":"http:\/\/klubmamgdynia.pl\/index.php\/wp-json\/wp\/v2\/product"}],"about":[{"href":"http:\/\/klubmamgdynia.pl\/index.php\/wp-json\/wp\/v2\/types\/product"}],"replies":[{"embeddable":true,"href":"http:\/\/klubmamgdynia.pl\/index.php\/wp-json\/wp\/v2\/comments?post=6560"}],"wp:featuredmedia":[{"embeddable":true,"href":"http:\/\/klubmamgdynia.pl\/index.php\/wp-json\/wp\/v2\/media\/6561"}],"wp:attachment":[{"href":"http:\/\/klubmamgdynia.pl\/index.php\/wp-json\/wp\/v2\/media?parent=6560"}],"wp:term":[{"taxonomy":"product_cat","embeddable":true,"href":"http:\/\/klubmamgdynia.pl\/index.php\/wp-json\/wp\/v2\/product_cat?post=6560"},{"taxonomy":"product_tag","embeddable":true,"href":"http:\/\/klubmamgdynia.pl\/index.php\/wp-json\/wp\/v2\/product_tag?post=6560"}],"curies":[{"name":"wp","href":"https:\/\/api.w.org\/{rel}","templated":true}]}}