{"id":6562,"date":"2011-11-12T00:17:31","date_gmt":"2011-11-11T23:17:31","guid":{"rendered":"http:\/\/klubmamgdynia.pl\/index.php\/produkt\/jabadabado-opaska-grzechotka-krolik\/"},"modified":"2026-05-17T23:39:45","modified_gmt":"2026-05-17T21:39:45","slug":"jabadabado-opaska-grzechotka-krolik","status":"publish","type":"product","link":"http:\/\/klubmamgdynia.pl\/index.php\/produkt\/jabadabado-opaska-grzechotka-krolik\/","title":{"rendered":"Jabadabado Opaska Grzechotka Kr\u00f3lik"},"content":{"rendered":"<p>Urocza grzechotka w formie opaski mo\u017ce by\u0107 noszona na r\u0105czce albo n\u00f3\u017cce dziecka. \u015awietna zabawka dla maluch\u00f3w, kt\u00f3re nie zd\u0105\u017cy\u0142y jeszcze rozwin\u0105\u0107 swoich zdolno\u015bci motorycznych. Opaska zapinana na rzepy.Ma\u0142a grzechotka w formie opaski dla najm\u0142odszych. Delikatna grzechotka b\u0119dzie s\u0142yszalna zar\u00f3wno podczas zabawy dziecka jak i odpoczynku.Wymiary: d\u0142ugo\u015b\u0107 7cmMateria\u0142y: bawe\u0142na, welurJabadabado to szwedzka firma istniej\u0105ca na rynku od 1993 roku specjalizuj\u0105ca si\u0119 w projektowaniu i produkcji zabawek drewnianych, element\u00f3w wyposa\u017cenia pokoi dzieci\u0119cych. Wszystkie produkty Jabadabado cechuje oryginalny design, pi\u0119kna kolorystyka i niezwykle staranne wykonanie. Wszystkie zabawki marki Jabadabado stworzone s\u0105 z my\u015bl\u0105 o dzieciach i pobudzaj\u0105 do kreatywnej zabawy.<\/p>\n<h2>Jabadabado Opaska Grzechotka Kr\u00f3lik Jabadabado<\/h2>\n<p>imi\u0119 natan, zabawy dla dzieci 9-12 lat, kotek kolorowanka do druku, quiz o usa, zygzak mcqueen kolorowanka, stare bajki, zimowe zabawy dla dzieci, kolorowanka sky, kajko i kokosz test z lektury, zagadki wielkanocne do druku, o\u015brodki wczasowe nad morzem dla rodzin z dzie\u0107mi, karmen imie, \u017carty prima aprilis, co mo\u017cna zrobi\u0107 na prima aprilis, tajemniczy ogr\u00f3d test z odpowiedziami, kolorowanki koty, zagadki przyrodnicze<\/p>\n<p>yyyyy<\/p>\n<p>&nbsp;<\/p>\n","protected":false},"excerpt":{"rendered":"<p>Urocza grzechotka w formie opaski mo\u017ce by\u0107 noszona na r\u0105czce albo n\u00f3\u017cce dziecka. \u015awietna zabawka dla maluch\u00f3w, kt\u00f3re nie zd\u0105\u017cy\u0142y jeszcze rozwin\u0105\u0107 swoich zdolno\u015bci motorycznych. Opaska zapinana na rzepy.Ma\u0142a grzechotka w formie opaski dla najm\u0142odszych. Delikatna grzechotka b\u0119dzie s\u0142yszalna zar\u00f3wno podczas zabawy dziecka jak i odpoczynku.Wymiary: d\u0142ugo\u015b\u0107 7cmMateria\u0142y: bawe\u0142na, welurJabadabado to szwedzka firma istniej\u0105ca na [&hellip;]<\/p>\n","protected":false},"featured_media":6563,"comment_status":"closed","ping_status":"open","template":"","meta":[],"product_cat":[63,483],"product_tag":[852,672,824,872],"class_list":["post-6562","product","type-product","status-publish","has-post-thumbnail","hentry","product_cat-grzechotki-i-gryzaki","product_cat-jabadabado","product_tag-jak-zrobic-samolot-z-papieru","product_tag-trudne-zagadki-z-odpowiedziami","product_tag-warszawa-atrakcje-dla-dzieci","product_tag-zagadki-dla-dzieci-6-lat"],"_links":{"self":[{"href":"http:\/\/klubmamgdynia.pl\/index.php\/wp-json\/wp\/v2\/product\/6562","targetHints":{"allow":["GET"]}}],"collection":[{"href":"http:\/\/klubmamgdynia.pl\/index.php\/wp-json\/wp\/v2\/product"}],"about":[{"href":"http:\/\/klubmamgdynia.pl\/index.php\/wp-json\/wp\/v2\/types\/product"}],"replies":[{"embeddable":true,"href":"http:\/\/klubmamgdynia.pl\/index.php\/wp-json\/wp\/v2\/comments?post=6562"}],"wp:featuredmedia":[{"embeddable":true,"href":"http:\/\/klubmamgdynia.pl\/index.php\/wp-json\/wp\/v2\/media\/6563"}],"wp:attachment":[{"href":"http:\/\/klubmamgdynia.pl\/index.php\/wp-json\/wp\/v2\/media?parent=6562"}],"wp:term":[{"taxonomy":"product_cat","embeddable":true,"href":"http:\/\/klubmamgdynia.pl\/index.php\/wp-json\/wp\/v2\/product_cat?post=6562"},{"taxonomy":"product_tag","embeddable":true,"href":"http:\/\/klubmamgdynia.pl\/index.php\/wp-json\/wp\/v2\/product_tag?post=6562"}],"curies":[{"name":"wp","href":"https:\/\/api.w.org\/{rel}","templated":true}]}}