{"id":6564,"date":"2016-07-06T02:47:03","date_gmt":"2016-07-06T00:47:03","guid":{"rendered":"http:\/\/klubmamgdynia.pl\/index.php\/produkt\/clementoni-high-quality-13200el-konie-38006\/"},"modified":"2026-05-17T22:42:48","modified_gmt":"2026-05-17T20:42:48","slug":"clementoni-high-quality-13200el-konie-38006","status":"publish","type":"product","link":"http:\/\/klubmamgdynia.pl\/index.php\/produkt\/clementoni-high-quality-13200el-konie-38006\/","title":{"rendered":"Clementoni High Quality. 13200el. Konie (38006)"},"content":{"rendered":"<p>CLEMENTONI 38006 13200 EL. Tabun Konito nie tylko satysfakcja podczas uk\u0142adania panoramicznych puzzli, ale r\u00f3wnie\u017c zachwyt nad stworzonym obrazem. Ekskluzywna seria puzzli charakteryzuje si\u0119 wysok\u0105 jako\u015bci\u0105, estetyk\u0105 oraz precyzj\u0105 grafiki.Taka ogromna ilo\u015b\u0107 element\u00f3w do u\u0142o\u017cenia to nie lada wyzwanie, kt\u00f3remu sprosta Twoje dziecko. Do osi\u0105gni\u0119cia celu zdeterminuje go ogromny zapa\u0142 i zami\u0142owanie do koni. Mega zestaw gwarantuje fascynuj\u0105c\u0105 rozrywk\u0119 na wiele dni.U\u0142o\u017cone elementy stworz\u0105 nieprzeci\u0119tny panoramiczny widok, kt\u00f3ry mo\u017ce pos\u0142u\u017cy\u0107 jako ozdoba \u015bcienna, po zmontowaniu i sklejeniu.Zalety:U\u0142o\u017cony obraz stanie si\u0119 powodem dumy i zadowolenia;Puzzle \u0107wicz\u0105 cierpliwo\u015bci oraz ch\u0119\u0107 d\u0105\u017cenia do ko\u0144ca w rozpocz\u0119tym przedsi\u0119wzi\u0119ciu;Panoramiczne zestawy Clementoni dostarczaj\u0105 rozrywke na wiele dni i tylko pozytywne emocje;U\u0142o\u017cone obrazy gwarantuj\u0105 mega zadowolenie z sukcesu.<\/p>\n<h2>Clementoni High Quality. 13200el. Konie (38006) Clementoni<\/h2>\n<p>babciu droga babciu tekst, malowanki \u015bwi\u0105teczne, m.i.a., szybkie zagadki matematyczne, zgadywanki dla dzieci, quiz o flagach, myszka minnie kolorowanka, quiz o bo\u017cym narodzeniu, nadia, peppa do czytania<\/p>\n<p>yyyyy<\/p>\n<p>&nbsp;<\/p>\n","protected":false},"excerpt":{"rendered":"<p>CLEMENTONI 38006 13200 EL. Tabun Konito nie tylko satysfakcja podczas uk\u0142adania panoramicznych puzzli, ale r\u00f3wnie\u017c zachwyt nad stworzonym obrazem. Ekskluzywna seria puzzli charakteryzuje si\u0119 wysok\u0105 jako\u015bci\u0105, estetyk\u0105 oraz precyzj\u0105 grafiki.Taka ogromna ilo\u015b\u0107 element\u00f3w do u\u0142o\u017cenia to nie lada wyzwanie, kt\u00f3remu sprosta Twoje dziecko. Do osi\u0105gni\u0119cia celu zdeterminuje go ogromny zapa\u0142 i zami\u0142owanie do koni. Mega [&hellip;]<\/p>\n","protected":false},"featured_media":6565,"comment_status":"closed","ping_status":"open","template":"","meta":[],"product_cat":[163,90],"product_tag":[730,797,663,760,712],"class_list":["post-6564","product","type-product","status-publish","has-post-thumbnail","hentry","product_cat-clementoni","product_cat-puzzle","product_tag-karyna","product_tag-kiekrz","product_tag-kolorowanki-dla-dzieci-do-druku","product_tag-zagadka-matematyczna","product_tag-zagadki-o-zwierzetach"],"_links":{"self":[{"href":"http:\/\/klubmamgdynia.pl\/index.php\/wp-json\/wp\/v2\/product\/6564","targetHints":{"allow":["GET"]}}],"collection":[{"href":"http:\/\/klubmamgdynia.pl\/index.php\/wp-json\/wp\/v2\/product"}],"about":[{"href":"http:\/\/klubmamgdynia.pl\/index.php\/wp-json\/wp\/v2\/types\/product"}],"replies":[{"embeddable":true,"href":"http:\/\/klubmamgdynia.pl\/index.php\/wp-json\/wp\/v2\/comments?post=6564"}],"wp:featuredmedia":[{"embeddable":true,"href":"http:\/\/klubmamgdynia.pl\/index.php\/wp-json\/wp\/v2\/media\/6565"}],"wp:attachment":[{"href":"http:\/\/klubmamgdynia.pl\/index.php\/wp-json\/wp\/v2\/media?parent=6564"}],"wp:term":[{"taxonomy":"product_cat","embeddable":true,"href":"http:\/\/klubmamgdynia.pl\/index.php\/wp-json\/wp\/v2\/product_cat?post=6564"},{"taxonomy":"product_tag","embeddable":true,"href":"http:\/\/klubmamgdynia.pl\/index.php\/wp-json\/wp\/v2\/product_tag?post=6564"}],"curies":[{"name":"wp","href":"https:\/\/api.w.org\/{rel}","templated":true}]}}