{"id":6568,"date":"2023-10-10T19:03:49","date_gmt":"2023-10-10T17:03:49","guid":{"rendered":"http:\/\/klubmamgdynia.pl\/?post_type=product&#038;p=6568"},"modified":"2026-04-24T08:44:21","modified_gmt":"2026-04-24T06:44:21","slug":"super-toys-dzwignia-sx-128-do-pojazdow-sx","status":"publish","type":"product","link":"http:\/\/klubmamgdynia.pl\/index.php\/produkt\/super-toys-dzwignia-sx-128-do-pojazdow-sx\/","title":{"rendered":"Super-Toys D\u017awignia-Sx-128- Do Pojazd\u00f3w Sx"},"content":{"rendered":"<p>D\u017awignia bieg\u00f3w do pojazdu SX-128 &#8211; zgodnie ze zdj\u0119ciami.D\u017awignia do pojazd\u00f3w SX HOLICYJe\u015bli szukacie Pa\u0144stwo wybranego elementu a nie jest on dost\u0119pny na stronie prosimy o przes\u0142anie zdj\u0119cia na adres serwisu.<\/p>\n<h2>Super-Toys D\u017awignia-Sx-128- Do Pojazd\u00f3w Sx Mimii<\/h2>\n<p>cicha noc po angielsku, wierszyki na dobranoc dla dzieci, kanapki halloween, piesek do kolorowania, szlaczki literopodobne do wydruku, przechowywanie zabawek, zaproszenia na urodziny do druku, kolorowanka smok wawelski, koreczki dla dzieci na urodziny, zagadki \u015bmieszne, prezent dla 17 latka, sentencje na dzie\u0144 nauczyciela, kolorowe listki, kwiatek kwiaty do druku szablony, bajki do czytania dla ch\u0142opc\u00f3w, na wyspach bergamutach, zabawy z 7 latkiem, pewna \u017caba by\u0142a s\u0142aba<\/p>\n<p>yyyyy<\/p>\n<p>&nbsp;<\/p>\n","protected":false},"excerpt":{"rendered":"<p>D\u017awignia bieg\u00f3w do pojazdu SX-128 &#8211; zgodnie ze zdj\u0119ciami.D\u017awignia do pojazd\u00f3w SX HOLICYJe\u015bli szukacie Pa\u0144stwo wybranego elementu a nie jest on dost\u0119pny na stronie prosimy o przes\u0142anie zdj\u0119cia na adres serwisu. Super-Toys D\u017awignia-Sx-128- Do Pojazd\u00f3w Sx Mimii cicha noc po angielsku, wierszyki na dobranoc dla dzieci, kanapki halloween, piesek do kolorowania, szlaczki literopodobne do wydruku, [&hellip;]<\/p>\n","protected":false},"featured_media":6569,"comment_status":"closed","ping_status":"open","template":"","meta":[],"product_cat":[1418,1170],"product_tag":[861,637,713,767],"class_list":["post-6568","product","type-product","status-publish","has-post-thumbnail","hentry","product_cat-akcesoria-do-zabawek-ogrodowych","product_cat-mimii","product_tag-jak-narysowac-psa","product_tag-niech-zyja-wakacje-tekst","product_tag-zagadki-logiczne-z-odpowiedziami","product_tag-zaproszenia-urodzinowe-do-druku"],"_links":{"self":[{"href":"http:\/\/klubmamgdynia.pl\/index.php\/wp-json\/wp\/v2\/product\/6568","targetHints":{"allow":["GET"]}}],"collection":[{"href":"http:\/\/klubmamgdynia.pl\/index.php\/wp-json\/wp\/v2\/product"}],"about":[{"href":"http:\/\/klubmamgdynia.pl\/index.php\/wp-json\/wp\/v2\/types\/product"}],"replies":[{"embeddable":true,"href":"http:\/\/klubmamgdynia.pl\/index.php\/wp-json\/wp\/v2\/comments?post=6568"}],"wp:featuredmedia":[{"embeddable":true,"href":"http:\/\/klubmamgdynia.pl\/index.php\/wp-json\/wp\/v2\/media\/6569"}],"wp:attachment":[{"href":"http:\/\/klubmamgdynia.pl\/index.php\/wp-json\/wp\/v2\/media?parent=6568"}],"wp:term":[{"taxonomy":"product_cat","embeddable":true,"href":"http:\/\/klubmamgdynia.pl\/index.php\/wp-json\/wp\/v2\/product_cat?post=6568"},{"taxonomy":"product_tag","embeddable":true,"href":"http:\/\/klubmamgdynia.pl\/index.php\/wp-json\/wp\/v2\/product_tag?post=6568"}],"curies":[{"name":"wp","href":"https:\/\/api.w.org\/{rel}","templated":true}]}}