{"id":6572,"date":"2016-11-13T10:55:15","date_gmt":"2016-11-13T09:55:15","guid":{"rendered":"http:\/\/klubmamgdynia.pl\/index.php\/produkt\/mega-creative-zab-dla-dzieci-pilka-sensor-10szt-mc-torba-24-48\/"},"modified":"2026-04-05T15:49:24","modified_gmt":"2026-04-05T13:49:24","slug":"mega-creative-zab-dla-dzieci-pilka-sensor-10szt-mc-torba-24-48","status":"publish","type":"product","link":"http:\/\/klubmamgdynia.pl\/index.php\/produkt\/mega-creative-zab-dla-dzieci-pilka-sensor-10szt-mc-torba-24-48\/","title":{"rendered":"Mega Creative Zab Dla Dzieci Pi\u0142ka Sensor 10Szt. Mc Torba 24\/48"},"content":{"rendered":"<p>Zalety produktu: pomocne w nauce radzenia sobie ze stresem, \u015bwietne jako przyrz\u0105d do \u0107wiczenia d\u0142oni. MEGA CREATIVE zn\u00f3w wychodzi naprzeciw naszym oczekiwaniom, przedstawiaj\u0105c pomys\u0142 na odstresowanie i zabaw\u0119 w jednym. Pi\u0142ki sensoryczne maj\u0105 r\u00f3\u017cne kszta\u0142ty i wymiary a tak du\u017co mo\u017cliwo\u015bci Zawarto\u015b\u0107 zestawu: 10 x mi\u0119kkie pi\u0142ki w r\u00f3\u017cnych kszta\u0142tach w kolorach r\u00f3\u017cowym, br\u0105zowym, czerwonym, malinowym, jasno zielonym, pomara\u0144czowym, kremowym, jasno niebieskim, niebieskim, zielonym . Wymiary\/waga\/baterie: wymiary produktu d\u0142. x wys. x g\u0142. cm : od 7x8x7 do 8x6x8, wymiary opakowania d\u0142. x wys. x g\u0142. cm :24x22x8, waga produktu bez opakowania kg :0,41 kg, waga produktu w opakowaniu kg :0,49 kg, nie wymaga zasilania bateriami. Zabawka przeznaczona dla dzieci w wieku: 6M . Pakowana w przezroczyst\u0105 torebk\u0119 foliow\u0105. Pakowanie w kartonie po 24 szt.<\/p>\n<h2>Mega Creative Zab Dla Dzieci Pi\u0142ka Sensor 10Szt. Mc Torba 24\/48 Mega Creative<\/h2>\n<p>zagadki o owocach, kr\u00f3tkie zagadki logiczne, misie z bajek, opis do zdj\u0119cia z dzieckiem, zaproszenie na urodziny do druku, lego ninjago kolorowanki, quiz flagi, kolorowanki lego ninjago, psi patrol kolorowanki, prezent na 1 urodziny, \u0142amig\u0142\u00f3wki dla dzieci, kolorowanki antystresowe do druku, \u015bmieszne kanapki kanapki dla dzieci, alina, impreza halloween 2021 dla dzieci, bajki do czytania online, fajne rzeczy dla nastolatk\u00f3w, jagna imi\u0119, prank na prima aprilis<\/p>\n<p>yyyyy<\/p>\n<p>&nbsp;<\/p>\n","protected":false},"excerpt":{"rendered":"<p>Zalety produktu: pomocne w nauce radzenia sobie ze stresem, \u015bwietne jako przyrz\u0105d do \u0107wiczenia d\u0142oni. MEGA CREATIVE zn\u00f3w wychodzi naprzeciw naszym oczekiwaniom, przedstawiaj\u0105c pomys\u0142 na odstresowanie i zabaw\u0119 w jednym. Pi\u0142ki sensoryczne maj\u0105 r\u00f3\u017cne kszta\u0142ty i wymiary a tak du\u017co mo\u017cliwo\u015bci Zawarto\u015b\u0107 zestawu: 10 x mi\u0119kkie pi\u0142ki w r\u00f3\u017cnych kszta\u0142tach w kolorach r\u00f3\u017cowym, br\u0105zowym, czerwonym, [&hellip;]<\/p>\n","protected":false},"featured_media":6573,"comment_status":"closed","ping_status":"open","template":"","meta":[],"product_cat":[64,61],"product_tag":[658,763,614,785,632,615],"class_list":["post-6572","product","type-product","status-publish","has-post-thumbnail","hentry","product_cat-mega-creative","product_cat-zabawki-edukacyjne-dla-niemowlat","product_tag-alan-znaczenie-imienia","product_tag-fabian","product_tag-pia","product_tag-prezent-dla-nastolatkow","product_tag-warszawa-atrakcje-dla-mlodziezy","product_tag-znane-misie-z-filmow-animowanych"],"_links":{"self":[{"href":"http:\/\/klubmamgdynia.pl\/index.php\/wp-json\/wp\/v2\/product\/6572","targetHints":{"allow":["GET"]}}],"collection":[{"href":"http:\/\/klubmamgdynia.pl\/index.php\/wp-json\/wp\/v2\/product"}],"about":[{"href":"http:\/\/klubmamgdynia.pl\/index.php\/wp-json\/wp\/v2\/types\/product"}],"replies":[{"embeddable":true,"href":"http:\/\/klubmamgdynia.pl\/index.php\/wp-json\/wp\/v2\/comments?post=6572"}],"wp:featuredmedia":[{"embeddable":true,"href":"http:\/\/klubmamgdynia.pl\/index.php\/wp-json\/wp\/v2\/media\/6573"}],"wp:attachment":[{"href":"http:\/\/klubmamgdynia.pl\/index.php\/wp-json\/wp\/v2\/media?parent=6572"}],"wp:term":[{"taxonomy":"product_cat","embeddable":true,"href":"http:\/\/klubmamgdynia.pl\/index.php\/wp-json\/wp\/v2\/product_cat?post=6572"},{"taxonomy":"product_tag","embeddable":true,"href":"http:\/\/klubmamgdynia.pl\/index.php\/wp-json\/wp\/v2\/product_tag?post=6572"}],"curies":[{"name":"wp","href":"https:\/\/api.w.org\/{rel}","templated":true}]}}