{"id":6576,"date":"2020-11-28T10:22:57","date_gmt":"2020-11-28T09:22:57","guid":{"rendered":"http:\/\/klubmamgdynia.pl\/index.php\/produkt\/lufcik-baldachim-srebrzysta-mgielka\/"},"modified":"2026-04-04T15:27:46","modified_gmt":"2026-04-04T13:27:46","slug":"lufcik-baldachim-srebrzysta-mgielka","status":"publish","type":"product","link":"http:\/\/klubmamgdynia.pl\/index.php\/produkt\/lufcik-baldachim-srebrzysta-mgielka\/","title":{"rendered":"Lufcik Baldachim Srebrzysta Mgie\u0142ka"},"content":{"rendered":"<p>Przedstawiamy Wam nasz\u0105 nowo\u015b\u0107 \u2013 baldachim Srebrzysta Mgie\u0142ka. Ma wiele zastosowa\u0107. Najpierw jako ozdoba \u0142\u00f3\u017ceczka, a p\u00f3\u017aniej jako alternatywa dla namiotu tipi.Najwa\u017cniejsze cechy baldachimu:- zajmuje mniej miejsca ni\u017c tipi- dzi\u0119ki niemu zrobisz wspania\u0142y k\u0105cik dla Twojego maluch, gdzie mo\u017ce si\u0119 ukrywa\u0107, bawi\u0107 i czyta\u0107 ksi\u0105\u017cki- baldachim pos\u0142u\u017cy na d\u0142u\u017cej \u2013 najpierw nad \u0142\u00f3\u017ceczko, p\u00f3\u017aniej jako alternatywa dla tipi- \u015bwietny dodatek do pokoju. Nawet w pokoju nastolatka to \u015bwietna ozdobaBaldachim sprzedawany jest ze stela\u017cem, jedyne czego potrzebujesz to wkr\u0119t.Wisz\u0105ca chmurka z kropelkami jest cz\u0119\u015bci\u0105 zestawu.Wymiary baldachimu: \u015brednica 50 cm, d\u0142ugo\u015b\u0107 250 cmMateria\u0142: 100% polska bawe\u0142naZestaw zawiera:- baldachim- zawieszka chmurka z kropelkami<\/p>\n<h2>Lufcik Baldachim Srebrzysta Mgie\u0142ka Lufcik<\/h2>\n<p>znaczenie imiona pola, m\u0105dre \u017cyczenia \u015bwi\u0105teczne, \u017carty \u017carty na prima aprilis, co kupic dziewczynce na roczek, przysz\u0142a zima bia\u0142a, ozdoby choinkowe dla dzieci, rzadkie imiona dla dziewczynek, \u017cyczenia wielkanocne dla dzieci kr\u00f3tkie, ciekawostki o je\u017cach, mapa europy do druku, wroc\u0142aw atrakcje dla dzieci, ju\u017c blisko kol\u0119da tekst, kolorowanki minecraft, zagadki dla rodziny, kolorowanki kotki do druku<\/p>\n<p>yyyyy<\/p>\n<p>&nbsp;<\/p>\n","protected":false},"excerpt":{"rendered":"<p>Przedstawiamy Wam nasz\u0105 nowo\u015b\u0107 \u2013 baldachim Srebrzysta Mgie\u0142ka. Ma wiele zastosowa\u0107. Najpierw jako ozdoba \u0142\u00f3\u017ceczka, a p\u00f3\u017aniej jako alternatywa dla namiotu tipi.Najwa\u017cniejsze cechy baldachimu:- zajmuje mniej miejsca ni\u017c tipi- dzi\u0119ki niemu zrobisz wspania\u0142y k\u0105cik dla Twojego maluch, gdzie mo\u017ce si\u0119 ukrywa\u0107, bawi\u0107 i czyta\u0107 ksi\u0105\u017cki- baldachim pos\u0142u\u017cy na d\u0142u\u017cej \u2013 najpierw nad \u0142\u00f3\u017ceczko, p\u00f3\u017aniej jako [&hellip;]<\/p>\n","protected":false},"featured_media":6577,"comment_status":"closed","ping_status":"open","template":"","meta":[],"product_cat":[949,1480],"product_tag":[671,828,699,818,623],"class_list":["post-6576","product","type-product","status-publish","has-post-thumbnail","hentry","product_cat-akcesoria-do-mebli-dzieciecych","product_cat-lufcik","product_tag-cicha-noc-po-angielsku-tekst","product_tag-filmy-wigilijne-dla-dzieci","product_tag-kolorowanki-do-druku-dla-dziewczyn","product_tag-oliwier","product_tag-zagadki-logiczne-smieszne"],"_links":{"self":[{"href":"http:\/\/klubmamgdynia.pl\/index.php\/wp-json\/wp\/v2\/product\/6576","targetHints":{"allow":["GET"]}}],"collection":[{"href":"http:\/\/klubmamgdynia.pl\/index.php\/wp-json\/wp\/v2\/product"}],"about":[{"href":"http:\/\/klubmamgdynia.pl\/index.php\/wp-json\/wp\/v2\/types\/product"}],"replies":[{"embeddable":true,"href":"http:\/\/klubmamgdynia.pl\/index.php\/wp-json\/wp\/v2\/comments?post=6576"}],"wp:featuredmedia":[{"embeddable":true,"href":"http:\/\/klubmamgdynia.pl\/index.php\/wp-json\/wp\/v2\/media\/6577"}],"wp:attachment":[{"href":"http:\/\/klubmamgdynia.pl\/index.php\/wp-json\/wp\/v2\/media?parent=6576"}],"wp:term":[{"taxonomy":"product_cat","embeddable":true,"href":"http:\/\/klubmamgdynia.pl\/index.php\/wp-json\/wp\/v2\/product_cat?post=6576"},{"taxonomy":"product_tag","embeddable":true,"href":"http:\/\/klubmamgdynia.pl\/index.php\/wp-json\/wp\/v2\/product_tag?post=6576"}],"curies":[{"name":"wp","href":"https:\/\/api.w.org\/{rel}","templated":true}]}}