{"id":6580,"date":"2013-12-20T11:48:28","date_gmt":"2013-12-20T10:48:28","guid":{"rendered":"http:\/\/klubmamgdynia.pl\/index.php\/produkt\/new-york-company-puzzle-500el-harry-potter-hogwart-xxl\/"},"modified":"2026-04-29T19:02:01","modified_gmt":"2026-04-29T17:02:01","slug":"new-york-company-puzzle-500el-harry-potter-hogwart-xxl","status":"publish","type":"product","link":"http:\/\/klubmamgdynia.pl\/index.php\/produkt\/new-york-company-puzzle-500el-harry-potter-hogwart-xxl\/","title":{"rendered":"New York Company Puzzle 500El. Harry Potter Hogwart Xxl"},"content":{"rendered":"<p>Puzzle z ameryka\u0144skiej firmy New York Puzzle Company s\u0105 eko przyjazne, farba do ich produkcji jest na bazie soi, sk\u0142adaj\u0105 si\u0119 z 500 element\u00f3w po u\u0142o\u017ceniu tworz\u0105 obraz o wymiarach 61 x 46 cm. Elementy puzzli w wersji XXL. NAZWA PUZZLE 500 HARRY POTTER, HOGWART XXL PRODUCENT NEW YORK COMPANY WIEK 9+ ILO\u015a\u0106 ELEMENT\u00d3W 500 EAN 0819844012250 Znajd\u017a podobne wed\u0142ug klucza: NEW_YORK_COMPANY PUZZLE PUZZLE_500 (479631)<\/p>\n<h2>New York Company Puzzle 500El. Harry Potter Hogwart Xxl <\/h2>\n<p>prezent dla 7 latka na urodziny, horror dla dzieci, julian znaczenie imienia, lamiglowki slowne<\/p>\n<p>yyyyy<\/p>\n<p>&nbsp;<\/p>\n","protected":false},"excerpt":{"rendered":"<p>Puzzle z ameryka\u0144skiej firmy New York Puzzle Company s\u0105 eko przyjazne, farba do ich produkcji jest na bazie soi, sk\u0142adaj\u0105 si\u0119 z 500 element\u00f3w po u\u0142o\u017ceniu tworz\u0105 obraz o wymiarach 61 x 46 cm. Elementy puzzli w wersji XXL. NAZWA PUZZLE 500 HARRY POTTER, HOGWART XXL PRODUCENT NEW YORK COMPANY WIEK 9+ ILO\u015a\u0106 ELEMENT\u00d3W 500 [&hellip;]<\/p>\n","protected":false},"featured_media":6581,"comment_status":"closed","ping_status":"open","template":"","meta":[],"product_cat":[90],"product_tag":[854,747,850,811,712,793],"class_list":["post-6580","product","type-product","status-publish","has-post-thumbnail","hentry","product_cat-puzzle","product_tag-cytaty-rodzina","product_tag-malowanki-do-druku","product_tag-wroclaw-atrakcje-dla-dzieci","product_tag-zagadki-logiczne-dla-dzieci","product_tag-zagadki-o-zwierzetach","product_tag-zagadki-smieszne-podchwytliwe"],"_links":{"self":[{"href":"http:\/\/klubmamgdynia.pl\/index.php\/wp-json\/wp\/v2\/product\/6580","targetHints":{"allow":["GET"]}}],"collection":[{"href":"http:\/\/klubmamgdynia.pl\/index.php\/wp-json\/wp\/v2\/product"}],"about":[{"href":"http:\/\/klubmamgdynia.pl\/index.php\/wp-json\/wp\/v2\/types\/product"}],"replies":[{"embeddable":true,"href":"http:\/\/klubmamgdynia.pl\/index.php\/wp-json\/wp\/v2\/comments?post=6580"}],"wp:featuredmedia":[{"embeddable":true,"href":"http:\/\/klubmamgdynia.pl\/index.php\/wp-json\/wp\/v2\/media\/6581"}],"wp:attachment":[{"href":"http:\/\/klubmamgdynia.pl\/index.php\/wp-json\/wp\/v2\/media?parent=6580"}],"wp:term":[{"taxonomy":"product_cat","embeddable":true,"href":"http:\/\/klubmamgdynia.pl\/index.php\/wp-json\/wp\/v2\/product_cat?post=6580"},{"taxonomy":"product_tag","embeddable":true,"href":"http:\/\/klubmamgdynia.pl\/index.php\/wp-json\/wp\/v2\/product_tag?post=6580"}],"curies":[{"name":"wp","href":"https:\/\/api.w.org\/{rel}","templated":true}]}}