{"id":6582,"date":"2013-07-12T14:09:05","date_gmt":"2013-07-12T12:09:05","guid":{"rendered":"http:\/\/klubmamgdynia.pl\/index.php\/produkt\/dromader-zestaw-do-manicure-atelier-glamour-super-paznokcie-2524-zabawka\/"},"modified":"2026-05-17T22:33:00","modified_gmt":"2026-05-17T20:33:00","slug":"dromader-zestaw-do-manicure-atelier-glamour-super-paznokcie-2524-zabawka","status":"publish","type":"product","link":"http:\/\/klubmamgdynia.pl\/index.php\/produkt\/dromader-zestaw-do-manicure-atelier-glamour-super-paznokcie-2524-zabawka\/","title":{"rendered":"Dromader Zestaw Do Manicure Atelier Glamour Super Paznokcie (2524) &#8211; Zabawka"},"content":{"rendered":"<p>Ten zestaw to niesamowita zabawa dla ka\u017cdej ma\u0142ej modnisi. To wspania\u0142y spos\u00f3b na uzyskanie wyj\u0105tkowych paznokci i upi\u0119kszenie swojego wygl\u0105du. Za pomoc\u0105 do\u0142\u0105czonych akcesori\u00f3w mo\u017cesz stworzy\u0107 niepowtarzalne wzory i ozdabia\u0107 je wed\u0142ug w\u0142asnych upodoba\u0144. W zestawie znajdziesz lakiery, naklejki i pisaki aby stworzy\u0107 prawdziwe cuda na paznokciach. ZAWARTO\u015a\u0106: 4 pisaki do paznokci 4 kolory brokatu 3 kolory lakieru do paznokci 20 naklejek dekoracje 3D pilnik do paznokci p\u0119dzelek p\u0119seta instrukcja Kosmetyki s\u0105 bezpieczne, wykonane z profesjonalnych sk\u0142adnik\u00f3w. Produkt posiada Europejski Certyfikat Jako\u015bci i Bezpiecze\u0144stwa CE Zabawka jest przeznaczona dla dzieci powy\u017cej 6 roku \u017cycia WYMIARY OPAKOWANIA: 30 x 30 x 7 cm. WAGA: ok 750g UWAGI: Produkt nieprzeznaczony dla dzieci poni\u017cej lat 3.EAN: 6900360025245Gwarancja: 12 miesi\u0119cyP\u0142e\u0107: dziewczynkiWaga: 750 g.<\/p>\n<h2>Dromader Zestaw Do Manicure Atelier Glamour Super Paznokcie (2524) &#8211; Zabawka Dromader<\/h2>\n<p>szablony postacie do szopki do druku, kolysanki tekst, postacie z bajek, kolorowanka elsa, jak narysowa\u0107 kr\u00f3lika, bajki dla niemowlakow, maska psi patrol do druku, jedzie poci\u0105g z daleka tekst, jagna imi\u0119, rado\u015b\u0107 dziecka cytaty, kolorowanki samochody, wr\u00f3\u017cby andrzejkowe dla dzieci online<\/p>\n<p>yyyyy<\/p>\n<p>&nbsp;<\/p>\n","protected":false},"excerpt":{"rendered":"<p>Ten zestaw to niesamowita zabawa dla ka\u017cdej ma\u0142ej modnisi. To wspania\u0142y spos\u00f3b na uzyskanie wyj\u0105tkowych paznokci i upi\u0119kszenie swojego wygl\u0105du. Za pomoc\u0105 do\u0142\u0105czonych akcesori\u00f3w mo\u017cesz stworzy\u0107 niepowtarzalne wzory i ozdabia\u0107 je wed\u0142ug w\u0142asnych upodoba\u0144. W zestawie znajdziesz lakiery, naklejki i pisaki aby stworzy\u0107 prawdziwe cuda na paznokciach. ZAWARTO\u015a\u0106: 4 pisaki do paznokci 4 kolory brokatu [&hellip;]<\/p>\n","protected":false},"featured_media":6583,"comment_status":"closed","ping_status":"open","template":"","meta":[],"product_cat":[60,53],"product_tag":[838,723,590],"class_list":["post-6582","product","type-product","status-publish","has-post-thumbnail","hentry","product_cat-dromader","product_cat-kaciki-zabaw","product_tag-bajki-dla-dzieci-na-dobranoc","product_tag-krotkie-bajki-do-czytania-na-dobranoc","product_tag-plac-zabaw-warszawa"],"_links":{"self":[{"href":"http:\/\/klubmamgdynia.pl\/index.php\/wp-json\/wp\/v2\/product\/6582","targetHints":{"allow":["GET"]}}],"collection":[{"href":"http:\/\/klubmamgdynia.pl\/index.php\/wp-json\/wp\/v2\/product"}],"about":[{"href":"http:\/\/klubmamgdynia.pl\/index.php\/wp-json\/wp\/v2\/types\/product"}],"replies":[{"embeddable":true,"href":"http:\/\/klubmamgdynia.pl\/index.php\/wp-json\/wp\/v2\/comments?post=6582"}],"wp:featuredmedia":[{"embeddable":true,"href":"http:\/\/klubmamgdynia.pl\/index.php\/wp-json\/wp\/v2\/media\/6583"}],"wp:attachment":[{"href":"http:\/\/klubmamgdynia.pl\/index.php\/wp-json\/wp\/v2\/media?parent=6582"}],"wp:term":[{"taxonomy":"product_cat","embeddable":true,"href":"http:\/\/klubmamgdynia.pl\/index.php\/wp-json\/wp\/v2\/product_cat?post=6582"},{"taxonomy":"product_tag","embeddable":true,"href":"http:\/\/klubmamgdynia.pl\/index.php\/wp-json\/wp\/v2\/product_tag?post=6582"}],"curies":[{"name":"wp","href":"https:\/\/api.w.org\/{rel}","templated":true}]}}